{"id":33430,"date":"2024-02-26T13:04:09","date_gmt":"2024-02-26T12:04:09","guid":{"rendered":"https:\/\/www.la-vrille.ch\/historique\/"},"modified":"2025-09-24T20:36:30","modified_gmt":"2025-09-24T18:36:30","slug":"geschichte","status":"publish","type":"page","link":"https:\/\/www.la-vrille.ch\/de\/kontakt\/geschichte\/","title":{"rendered":"Geschichte"},"content":{"rendered":"\t\t<div data-elementor-type=\"wp-post\" data-elementor-id=\"33430\" class=\"elementor elementor-33430 elementor-31860\" data-elementor-post-type=\"page\">\n\t\t\t\t\t\t<section class=\"elementor-section elementor-top-section elementor-element elementor-element-eae8d3a elementor-section-boxed elementor-section-height-default elementor-section-height-default\" data-id=\"eae8d3a\" data-element_type=\"section\">\n\t\t\t\t\t\t<div class=\"elementor-container elementor-column-gap-default\">\n\t\t\t\t\t<div class=\"aux-parallax-section elementor-column elementor-col-100 elementor-top-column elementor-element elementor-element-1c6b13a\" data-id=\"1c6b13a\" data-element_type=\"column\">\n\t\t\t<div class=\"elementor-widget-wrap elementor-element-populated\">\n\t\t\t\t\t\t<div class=\"elementor-element elementor-element-8d6fd9e elementor-widget elementor-widget-image\" data-id=\"8d6fd9e\" data-element_type=\"widget\" data-widget_type=\"image.default\">\n\t\t\t\t<div class=\"elementor-widget-container\">\n\t\t\t\t\t\t\t\t\t\t\t\t\t<img fetchpriority=\"high\" decoding=\"async\" width=\"1008\" height=\"606\" src=\"https:\/\/www.la-vrille.ch\/wp-content\/uploads\/2024\/06\/vine-4102328_1280.jpg\" class=\"attachment-large size-large wp-image-32575\" alt=\"\" srcset=\"https:\/\/www.la-vrille.ch\/wp-content\/uploads\/2024\/06\/vine-4102328_1280.jpg 1008w, https:\/\/www.la-vrille.ch\/wp-content\/uploads\/2024\/06\/vine-4102328_1280-150x90.jpg 150w, https:\/\/www.la-vrille.ch\/wp-content\/uploads\/2024\/06\/vine-4102328_1280-200x120.jpg 200w\" sizes=\"(max-width: 1008px) 100vw, 1008px\" \/>\t\t\t\t\t\t\t\t\t\t\t\t\t<\/div>\n\t\t\t\t<\/div>\n\t\t\t\t<div class=\"elementor-element elementor-element-0de641a elementor-absolute elementor-widget elementor-widget-image\" data-id=\"0de641a\" data-element_type=\"widget\" data-settings=\"{&quot;_position&quot;:&quot;absolute&quot;}\" data-widget_type=\"image.default\">\n\t\t\t\t<div class=\"elementor-widget-container\">\n\t\t\t\t\t\t\t\t\t\t\t\t\t<img decoding=\"async\" width=\"1\" height=\"1\" src=\"https:\/\/www.la-vrille.ch\/wp-content\/uploads\/2023\/10\/Groupe-1271-1.svg\" class=\"attachment-full size-full wp-image-30439\" alt=\"\" \/>\t\t\t\t\t\t\t\t\t\t\t\t\t<\/div>\n\t\t\t\t<\/div>\n\t\t\t\t<div class=\"elementor-element elementor-element-18eb8d4 elementor-widget elementor-widget-aux_modern_heading\" data-id=\"18eb8d4\" data-element_type=\"widget\" data-widget_type=\"aux_modern_heading.default\">\n\t\t\t\t<div class=\"elementor-widget-container\">\n\t\t\t<section class=\"aux-widget-modern-heading\">\n            <div class=\"aux-widget-inner\"><h2 class=\"aux-modern-heading-primary\">Geschichte von La Vrille<\/h2><div class=\"aux-modern-heading-divider\"><\/div><div class=\"aux-modern-heading-description\">La Vrille wurde 1994 von <strong><a href=\"https:\/\/www.la-vrille.ch\/de\/kontakt\/la-vrille\/#berguer\">Fran\u00e7oise Berguer<\/a><\/strong>, der ersten Schweizer Winzerin, und dem Winzer <strong><a href=\"https:\/\/www.la-vrille.ch\/de\/kontakt\/la-vrille\/#cretegny\">Willy Cretegny <\/a><\/strong> gegr\u00fcndet, der im selben Jahr durch ein Urteil des Bundesgerichts die Erlaubnis erhalten hatte, seinen Wein auf den Stadtm\u00e4rkten zu verkaufen.<\/div><\/div>\n        <\/section>\t\t<\/div>\n\t\t\t\t<\/div>\n\t\t\t\t\t<\/div>\n\t\t<\/div>\n\t\t\t\t\t<\/div>\n\t\t<\/section>\n\t\t\t\t<section class=\"elementor-section elementor-top-section elementor-element elementor-element-d0a5029 elementor-section-full_width elementor-section-height-default elementor-section-height-default\" data-id=\"d0a5029\" data-element_type=\"section\">\n\t\t\t\t\t\t<div class=\"elementor-container elementor-column-gap-default\">\n\t\t\t\t\t<div class=\"aux-parallax-section elementor-column elementor-col-66 elementor-top-column elementor-element elementor-element-a478beb\" data-id=\"a478beb\" data-element_type=\"column\">\n\t\t\t<div class=\"elementor-widget-wrap elementor-element-populated\">\n\t\t\t\t\t\t<div class=\"elementor-element elementor-element-da2ddb6 elementor-widget__width-initial elementor-widget elementor-widget-text-editor\" data-id=\"da2ddb6\" data-element_type=\"widget\" data-widget_type=\"text-editor.default\">\n\t\t\t\t<div class=\"elementor-widget-container\">\n\t\t\t\t\t\t\t<p>Fran\u00e7oise und Willy geh\u00f6ren zu den wenigen Winzern, die sich damals gegen das Finanzierungssystem f\u00fcr die Weinbauf\u00f6rderung aussprachen. Diese gemeinsame Position hat sie einander n\u00e4hergebracht. Ihre Debatten weiteten sich schnell auf die gesamte Weinbau- und Agrarpolitik aus, namentlich auf die Problematik der Liberalisierung der Weinimporte. Sie organisierten mehrere Demonstrationen in Bern. Die wichtigste fand am 10. September 2001 statt, als 120 Traktoren auffuhren, um <span style=\"color: #1e1e1e;\">gegen die Einf\u00fchrung eines globalen Einfuhrkontingents f\u00fcr Rot- und Weisswein<\/span> zu protestieren. Darauf folgten Demonstrationen gegen die Agrarpolitik 2002 und die Agrarpolitik 2007, sowie eine <a href=\"https:\/\/www.la-vrille.ch\/wp-content\/uploads\/2024\/06\/20040922-TdG-murComco_web.jpg\" target=\"_blank\" rel=\"noopener\">Protestaktion gegen die WEKO<\/a> (Wettbewerbskommission) in Form einer T\u00fcrblockade, um deren Unt\u00e4tigkeit gegen\u00fcber den Tiefstpreisen von Lidl und Aldi anzuprangern, die damals neu auf den Markt drangen. Auch Bundesrat Deiss gelangte ins Visier der beiden Aktivisten, <a href=\"https:\/\/www.la-vrille.ch\/wp-content\/uploads\/2024\/06\/20040806-LeMatin-fumierDeiss_web.jpg\" target=\"_blank\" rel=\"noopener\">als sie vor seiner Haust\u00fcr, aus Protest, ein Fuder Kuhmist deponierten<\/a>, weil er nicht auf die Vorst\u00f6sse der Regierungen der Weinbaukantone zugunsten des Weinsektors eingegangen war.<\/p>\n\n<p>Auch auf politischer Ebene ist La Vrille seit Jahren immer wieder pr\u00e4sent mit zahlreichen Referenden und Initiativen, Flugschriften und \u00f6ffentlichen Briefen. Sie sagt weiterhin laut und deutlich NEIN zu einer Politik mit verh\u00e4ngnisvollen Folgen f\u00fcr die Umwelt und die sozialen Standards.<\/p>\n<p>Eines der Hauptanliegen von La Vrille ist die Rehabilitierung des Protektionismus, denn<b> jede Gemeinschaft hat das legitime Recht, zu sch\u00fctzen, was ihr am Herzen liegt<\/b>. In diesem Sinne sollten die Kriterien des fairen Handels durchwegs als Marktstandard gelten und anerkannt werden.<\/p>\n<p>In ihrer Eigenschaft, sich an einer St\u00fctze <b>festzuklammern<\/b> und zum Sonnenlicht aufzusteigen, symbolisiert die Ranke der Weinrebe auf anschauliche Weise<\/p>\n\n<p>\u2022 den entschlossenen Widerstand unseres Diskussionsforums gegen den Freihandel und dessen verheerende Folgen <strong>f\u00fcr Wirtschaft und Gesellschaft<\/strong>\n\u2022 den beharrlichen Kampf f\u00fcr eine <strong>Politik der B\u00fcndnisfreiheit<\/strong><br>\u2022 und f\u00fcr <strong>soziale und \u00f6kologische Nachhaltigkeit<\/strong>.<\/p>\n\t\t\t\t\t\t<\/div>\n\t\t\t\t<\/div>\n\t\t\t\t<div class=\"elementor-element elementor-element-3f5c43e elementor-widget__width-auto elementor-widget elementor-widget-text-editor\" data-id=\"3f5c43e\" data-element_type=\"widget\" data-widget_type=\"text-editor.default\">\n\t\t\t\t<div class=\"elementor-widget-container\">\n\t\t\t\t\t\t\t<h5>Audioversion (auf Franz\u00f6sisch)<\/h5>\n\t\t\t\t\t\t<\/div>\n\t\t\t\t<\/div>\n\t\t\t\t<div class=\"elementor-element elementor-element-f09373b elementor-widget elementor-widget-aux_audio\" data-id=\"f09373b\" data-element_type=\"widget\" data-widget_type=\"aux_audio.default\">\n\t\t\t\t<div class=\"elementor-widget-container\">\n\t\t\t<section class=\"widget-container aux-widget-audio aux-parent-aucdae484d\"><!--[if lt IE 9]><script>document.createElement('audio');<\/script><![endif]-->\n<audio class=\"wp-audio-shortcode aux-player-dark\" id=\"audio-33430-1\" loop=\"1\" style=\"width: 100%;\" controls=\"controls\"><source type=\"audio\/mpeg\" src=\"https:\/\/www.la-vrille.ch\/wp-content\/uploads\/2024\/06\/w-LaVrille-historique.mp3?_=1\" \/><a href=\"https:\/\/www.la-vrille.ch\/wp-content\/uploads\/2024\/06\/w-LaVrille-historique.mp3\">https:\/\/www.la-vrille.ch\/wp-content\/uploads\/2024\/06\/w-LaVrille-historique.mp3<\/a><\/audio><\/section><!-- widget-container -->\t\t<\/div>\n\t\t\t\t<\/div>\n\t\t\t\t<div class=\"elementor-element elementor-element-0dcc459 elementor-widget__width-auto elementor-widget elementor-widget-text-editor\" data-id=\"0dcc459\" data-element_type=\"widget\" data-widget_type=\"text-editor.default\">\n\t\t\t\t<div class=\"elementor-widget-container\">\n\t\t\t\t\t\t\t<h5>Videoversion<\/h5>\n<p><em>Auf dieser Website bevorzugen wir Audiodateien, da deren Datenstrom weniger Bandbreite und damit weniger Energie verbraucht. Sie k\u00f6nnen sich aber auch die Videoversion ansehen:<\/em><\/p>\n\t\t\t\t\t\t<\/div>\n\t\t\t\t<\/div>\n\t\t\t\t<div class=\"elementor-element elementor-element-ba4241f elementor-widget elementor-widget-button\" data-id=\"ba4241f\" data-element_type=\"widget\" data-widget_type=\"button.default\">\n\t\t\t\t<div class=\"elementor-widget-container\">\n\t\t\t\t\t<div class=\"elementor-button-wrapper\">\n\t\t\t<a class=\"elementor-button elementor-button-link elementor-size-sm\" href=\"https:\/\/youtu.be\/DzO0tFNNk2k\" target=\"_blank\">\n\t\t\t\t\t\t<span class=\"elementor-button-content-wrapper\">\n\t\t\t\t\t\t\t\t\t<span class=\"elementor-button-text\">Youtube-Kanal La Vrille<\/span>\n\t\t\t\t\t<\/span>\n\t\t\t\t\t<\/a>\n\t\t<\/div>\n\t\t\t\t<\/div>\n\t\t\t\t<\/div>\n\t\t\t\t\t<\/div>\n\t\t<\/div>\n\t\t\t\t<div class=\"aux-parallax-section elementor-column elementor-col-33 elementor-top-column elementor-element elementor-element-41fa66d\" data-id=\"41fa66d\" data-element_type=\"column\">\n\t\t\t<div class=\"elementor-widget-wrap elementor-element-populated\">\n\t\t\t\t\t\t<div class=\"elementor-element elementor-element-b5de31d elementor-widget elementor-widget-sidebar\" data-id=\"b5de31d\" data-element_type=\"widget\" data-widget_type=\"sidebar.default\">\n\t\t\t\t<div class=\"elementor-widget-container\">\n\t\t\t<section id=\"block-20\" class=\" aux-open widget-container widget_block\"><\/section><section id=\"block-10\" class=\" aux-open widget-container widget_block widget_tag_cloud\"><p class=\"wp-block-tag-cloud\"><a href=\"https:\/\/www.la-vrille.ch\/de\/tag\/abfallentsorgung\/\" class=\"tag-cloud-link tag-link-56 tag-link-position-1\" style=\"font-size: 8pt;\" aria-label=\"Abfallentsorgung (1\u00a0Eintrag)\">Abfallentsorgung<\/a>\n<a href=\"https:\/\/www.la-vrille.ch\/de\/tag\/agrarpolitik\/\" class=\"tag-cloud-link tag-link-54 tag-link-position-2\" style=\"font-size: 15.857142857143pt;\" aria-label=\"Agrarpolitik (6\u00a0Eintr\u00e4ge)\">Agrarpolitik<\/a>\n<a href=\"https:\/\/www.la-vrille.ch\/de\/tag\/arbeitsplaetze\/\" class=\"tag-cloud-link tag-link-115 tag-link-position-3\" style=\"font-size: 8pt;\" aria-label=\"Arbeitspl\u00e4tze (1\u00a0Eintrag)\">Arbeitspl\u00e4tze<\/a>\n<a href=\"https:\/\/www.la-vrille.ch\/de\/tag\/bilaterales-iii-de\/\" class=\"tag-cloud-link tag-link-122 tag-link-position-4\" style=\"font-size: 8pt;\" aria-label=\"bilat\u00e9rales III (1\u00a0Eintrag)\">bilat\u00e9rales III<\/a>\n<a href=\"https:\/\/www.la-vrille.ch\/de\/tag\/buendnisfreiheit\/\" class=\"tag-cloud-link tag-link-79 tag-link-position-5\" style=\"font-size: 8pt;\" aria-label=\"B\u00fcndnisfreiheit (1\u00a0Eintrag)\">B\u00fcndnisfreiheit<\/a>\n<a href=\"https:\/\/www.la-vrille.ch\/de\/tag\/freihandel\/\" class=\"tag-cloud-link tag-link-88 tag-link-position-6\" style=\"font-size: 22pt;\" aria-label=\"Freihandel (18\u00a0Eintr\u00e4ge)\">Freihandel<\/a>\n<a href=\"https:\/\/www.la-vrille.ch\/de\/tag\/innovation-de\/\" class=\"tag-cloud-link tag-link-116 tag-link-position-7\" style=\"font-size: 8pt;\" aria-label=\"Innovation (1\u00a0Eintrag)\">Innovation<\/a>\n<a href=\"https:\/\/www.la-vrille.ch\/de\/tag\/know-how\/\" class=\"tag-cloud-link tag-link-75 tag-link-position-8\" style=\"font-size: 13.714285714286pt;\" aria-label=\"Know-How (4\u00a0Eintr\u00e4ge)\">Know-How<\/a>\n<a href=\"https:\/\/www.la-vrille.ch\/de\/tag\/konkurrenzverzerrung\/\" class=\"tag-cloud-link tag-link-91 tag-link-position-9\" style=\"font-size: 19.142857142857pt;\" aria-label=\"Konkurrenz-Verzerrung (11\u00a0Eintr\u00e4ge)\">Konkurrenz-Verzerrung<\/a>\n<a href=\"https:\/\/www.la-vrille.ch\/de\/tag\/mercosur-de\/\" class=\"tag-cloud-link tag-link-117 tag-link-position-10\" style=\"font-size: 13.714285714286pt;\" aria-label=\"Mercosur (4\u00a0Eintr\u00e4ge)\">Mercosur<\/a>\n<a href=\"https:\/\/www.la-vrille.ch\/de\/tag\/nachhaltigkeit\/\" class=\"tag-cloud-link tag-link-81 tag-link-position-11\" style=\"font-size: 18pt;\" aria-label=\"Nachhaltigkeit (9\u00a0Eintr\u00e4ge)\">Nachhaltigkeit<\/a>\n<a href=\"https:\/\/www.la-vrille.ch\/de\/tag\/protektionismus\/\" class=\"tag-cloud-link tag-link-60 tag-link-position-12\" style=\"font-size: 17.285714285714pt;\" aria-label=\"Protektionismus (8\u00a0Eintr\u00e4ge)\">Protektionismus<\/a>\n<a href=\"https:\/\/www.la-vrille.ch\/de\/tag\/ressourcen\/\" class=\"tag-cloud-link tag-link-77 tag-link-position-13\" style=\"font-size: 19.571428571429pt;\" aria-label=\"Ressourcen (12\u00a0Eintr\u00e4ge)\">Ressourcen<\/a>\n<a href=\"https:\/\/www.la-vrille.ch\/de\/tag\/souveraenitaet\/\" class=\"tag-cloud-link tag-link-120 tag-link-position-14\" style=\"font-size: 14.857142857143pt;\" aria-label=\"Souver\u00e4nit\u00e4t (5\u00a0Eintr\u00e4ge)\">Souver\u00e4nit\u00e4t<\/a>\n<a href=\"https:\/\/www.la-vrille.ch\/de\/tag\/sozialgefuege\/\" class=\"tag-cloud-link tag-link-62 tag-link-position-15\" style=\"font-size: 17.285714285714pt;\" aria-label=\"Soziales Gef\u00fcge (8\u00a0Eintr\u00e4ge)\">Soziales Gef\u00fcge<\/a>\n<a href=\"https:\/\/www.la-vrille.ch\/de\/tag\/umwelt\/\" class=\"tag-cloud-link tag-link-58 tag-link-position-16\" style=\"font-size: 18pt;\" aria-label=\"Umwelt (9\u00a0Eintr\u00e4ge)\">Umwelt<\/a>\n<a href=\"https:\/\/www.la-vrille.ch\/de\/tag\/wirtschaft\/\" class=\"tag-cloud-link tag-link-64 tag-link-position-17\" style=\"font-size: 15.857142857143pt;\" aria-label=\"Wirtschaft (6\u00a0Eintr\u00e4ge)\">Wirtschaft<\/a><\/p><\/section>\t\t<\/div>\n\t\t\t\t<\/div>\n\t\t\t\t\t<\/div>\n\t\t<\/div>\n\t\t\t\t\t<\/div>\n\t\t<\/section>\n\t\t\t\t<section class=\"elementor-section elementor-top-section elementor-element elementor-element-864a2d7 elementor-section-boxed elementor-section-height-default elementor-section-height-default\" data-id=\"864a2d7\" data-element_type=\"section\">\n\t\t\t\t\t\t<div class=\"elementor-container elementor-column-gap-default\">\n\t\t\t\t\t<div class=\"aux-parallax-section elementor-column elementor-col-100 elementor-top-column elementor-element elementor-element-9bb1f19\" data-id=\"9bb1f19\" data-element_type=\"column\">\n\t\t\t<div class=\"elementor-widget-wrap\">\n\t\t\t\t\t\t\t<\/div>\n\t\t<\/div>\n\t\t\t\t\t<\/div>\n\t\t<\/section>\n\t\t\t\t<\/div>\n\t\t","protected":false},"excerpt":{"rendered":"<p>Geschichte von La Vrille La Vrille wurde 1994 von Fran\u00e7oise Berguer, der ersten Schweizer Winzerin, und dem Winzer Willy Cretegny gegr\u00fcndet, der im selben Jahr durch ein Urteil des Bundesgerichts die Erlaubnis erhalten hatte, seinen Wein auf den Stadtm\u00e4rkten zu verkaufen. Fran\u00e7oise und Willy geh\u00f6ren zu den wenigen Winzern, die sich damals gegen das Finanzierungssystem [&hellip;]<\/p>\n","protected":false},"author":3,"featured_media":0,"parent":33495,"menu_order":0,"comment_status":"closed","ping_status":"closed","template":"","meta":{"_acf_changed":false,"inline_featured_image":false,"footnotes":""},"class_list":["post-33430","page","type-page","status-publish","hentry"],"acf":[],"_links":{"self":[{"href":"https:\/\/www.la-vrille.ch\/de\/wp-json\/wp\/v2\/pages\/33430","targetHints":{"allow":["GET"]}}],"collection":[{"href":"https:\/\/www.la-vrille.ch\/de\/wp-json\/wp\/v2\/pages"}],"about":[{"href":"https:\/\/www.la-vrille.ch\/de\/wp-json\/wp\/v2\/types\/page"}],"author":[{"embeddable":true,"href":"https:\/\/www.la-vrille.ch\/de\/wp-json\/wp\/v2\/users\/3"}],"replies":[{"embeddable":true,"href":"https:\/\/www.la-vrille.ch\/de\/wp-json\/wp\/v2\/comments?post=33430"}],"version-history":[{"count":5,"href":"https:\/\/www.la-vrille.ch\/de\/wp-json\/wp\/v2\/pages\/33430\/revisions"}],"predecessor-version":[{"id":33792,"href":"https:\/\/www.la-vrille.ch\/de\/wp-json\/wp\/v2\/pages\/33430\/revisions\/33792"}],"up":[{"embeddable":true,"href":"https:\/\/www.la-vrille.ch\/de\/wp-json\/wp\/v2\/pages\/33495"}],"wp:attachment":[{"href":"https:\/\/www.la-vrille.ch\/de\/wp-json\/wp\/v2\/media?parent=33430"}],"curies":[{"name":"wp","href":"https:\/\/api.w.org\/{rel}","templated":true}]}}