{"id":33434,"date":"2024-07-10T08:31:06","date_gmt":"2024-07-10T06:31:06","guid":{"rendered":"https:\/\/www.la-vrille.ch\/aktuell\/faire-un-don\/"},"modified":"2026-02-20T16:55:47","modified_gmt":"2026-02-20T15:55:47","slug":"spenden","status":"publish","type":"page","link":"https:\/\/www.la-vrille.ch\/de\/handeln\/spenden\/","title":{"rendered":"Spende"},"content":{"rendered":"\t\t<div data-elementor-type=\"wp-post\" data-elementor-id=\"33434\" class=\"elementor elementor-33434 elementor-32859\" data-elementor-post-type=\"page\">\n\t\t\t\t\t\t<section class=\"elementor-section elementor-top-section elementor-element elementor-element-eae8d3a elementor-section-boxed elementor-section-height-default elementor-section-height-default\" data-id=\"eae8d3a\" data-element_type=\"section\">\n\t\t\t\t\t\t<div class=\"elementor-container elementor-column-gap-default\">\n\t\t\t\t\t<div class=\"aux-parallax-section elementor-column elementor-col-100 elementor-top-column elementor-element elementor-element-1c6b13a\" data-id=\"1c6b13a\" data-element_type=\"column\">\n\t\t\t<div class=\"elementor-widget-wrap elementor-element-populated\">\n\t\t\t\t\t\t<div class=\"elementor-element elementor-element-18eb8d4 elementor-widget elementor-widget-aux_modern_heading\" data-id=\"18eb8d4\" data-element_type=\"widget\" data-widget_type=\"aux_modern_heading.default\">\n\t\t\t\t<div class=\"elementor-widget-container\">\n\t\t\t<section class=\"aux-widget-modern-heading\">\n            <div class=\"aux-widget-inner\"><h2 class=\"aux-modern-heading-primary\">Spenden<\/h2><div class=\"aux-modern-heading-divider\"><\/div><div class=\"aux-modern-heading-description\"><p>Unterst\u00fctzen Sie uns mit einer Spende<\/p>\n<\/div><\/div>\n        <\/section>\t\t<\/div>\n\t\t\t\t<\/div>\n\t\t\t\t<div class=\"elementor-element elementor-element-0de641a elementor-absolute elementor-widget elementor-widget-image\" data-id=\"0de641a\" data-element_type=\"widget\" data-settings=\"{&quot;_position&quot;:&quot;absolute&quot;}\" data-widget_type=\"image.default\">\n\t\t\t\t<div class=\"elementor-widget-container\">\n\t\t\t\t\t\t\t\t\t\t\t\t\t<img decoding=\"async\" width=\"1\" height=\"1\" src=\"https:\/\/www.la-vrille.ch\/wp-content\/uploads\/2023\/10\/Groupe-1271-1.svg\" class=\"attachment-full size-full wp-image-30439\" alt=\"\" \/>\t\t\t\t\t\t\t\t\t\t\t\t\t<\/div>\n\t\t\t\t<\/div>\n\t\t\t\t\t<\/div>\n\t\t<\/div>\n\t\t\t\t\t<\/div>\n\t\t<\/section>\n\t\t\t\t<section class=\"elementor-section elementor-top-section elementor-element elementor-element-11a59e4 elementor-section-boxed elementor-section-height-default elementor-section-height-default\" data-id=\"11a59e4\" data-element_type=\"section\" data-settings=\"{&quot;background_background&quot;:&quot;classic&quot;}\">\n\t\t\t\t\t\t\t<div class=\"elementor-background-overlay\"><\/div>\n\t\t\t\t\t\t\t<div class=\"elementor-container elementor-column-gap-default\">\n\t\t\t\t\t<div class=\"aux-parallax-section elementor-column elementor-col-50 elementor-top-column elementor-element elementor-element-d8a5125\" data-id=\"d8a5125\" data-element_type=\"column\">\n\t\t\t<div class=\"elementor-widget-wrap elementor-element-populated\">\n\t\t\t\t\t\t<div class=\"elementor-element elementor-element-adb5666 aux-appear-watch-animation aux-fade-in-up elementor-widget elementor-widget-aux_modern_heading\" data-id=\"adb5666\" data-element_type=\"widget\" data-widget_type=\"aux_modern_heading.default\">\n\t\t\t\t<div class=\"elementor-widget-container\">\n\t\t\t<section class=\"aux-widget-modern-heading\">\n            <div class=\"aux-widget-inner\"><h2 class=\"aux-modern-heading-primary\">CH94 0900 0000 1753 4186 2<\/h2><div class=\"aux-modern-heading-description\"><p>LaVrille.ch - 1242 Satigny<\/p>\n<\/div><\/div>\n        <\/section>\t\t<\/div>\n\t\t\t\t<\/div>\n\t\t\t\t<div class=\"elementor-element elementor-element-6128199 aux-appear-watch-animation aux-fade-in-up elementor-widget elementor-widget-aux_modern_heading\" data-id=\"6128199\" data-element_type=\"widget\" data-widget_type=\"aux_modern_heading.default\">\n\t\t\t\t<div class=\"elementor-widget-container\">\n\t\t\t<section class=\"aux-widget-modern-heading\">\n            <div class=\"aux-widget-inner\"><h2 class=\"aux-modern-heading-primary\">DANKE!<\/h2><div class=\"aux-modern-heading-description\"><p>F\u00fcr Betr\u00e4ge \u00fcber CHF 100.- k\u00f6nnen Sie eine Spendenbescheinigung unter <a href=\"mailto:info@la-vrille.ch\">info@la-vrille.ch<\/a> anfordern.<\/p>\n<\/div><\/div>\n        <\/section>\t\t<\/div>\n\t\t\t\t<\/div>\n\t\t\t\t\t<\/div>\n\t\t<\/div>\n\t\t\t\t<div class=\"aux-parallax-section elementor-column elementor-col-50 elementor-top-column elementor-element elementor-element-0aa6745\" data-id=\"0aa6745\" data-element_type=\"column\">\n\t\t\t<div class=\"elementor-widget-wrap elementor-element-populated\">\n\t\t\t\t\t\t<div class=\"elementor-element elementor-element-5246980 elementor-widget elementor-widget-image\" data-id=\"5246980\" data-element_type=\"widget\" data-widget_type=\"image.default\">\n\t\t\t\t<div class=\"elementor-widget-container\">\n\t\t\t\t\t\t\t\t\t\t\t\t\t<img fetchpriority=\"high\" decoding=\"async\" width=\"569\" height=\"570\" src=\"https:\/\/www.la-vrille.ch\/wp-content\/uploads\/2024\/02\/QR-CCP-LaVrille.jpg\" class=\"attachment-large size-large wp-image-31590\" alt=\"\" srcset=\"https:\/\/www.la-vrille.ch\/wp-content\/uploads\/2024\/02\/QR-CCP-LaVrille.jpg 569w, https:\/\/www.la-vrille.ch\/wp-content\/uploads\/2024\/02\/QR-CCP-LaVrille-300x300.jpg 300w, https:\/\/www.la-vrille.ch\/wp-content\/uploads\/2024\/02\/QR-CCP-LaVrille-150x150.jpg 150w, https:\/\/www.la-vrille.ch\/wp-content\/uploads\/2024\/02\/QR-CCP-LaVrille-200x200.jpg 200w, https:\/\/www.la-vrille.ch\/wp-content\/uploads\/2024\/02\/QR-CCP-LaVrille-120x120.jpg 120w\" sizes=\"(max-width: 569px) 100vw, 569px\" \/>\t\t\t\t\t\t\t\t\t\t\t\t\t<\/div>\n\t\t\t\t<\/div>\n\t\t\t\t\t<\/div>\n\t\t<\/div>\n\t\t\t\t\t<\/div>\n\t\t<\/section>\n\t\t\t\t<section class=\"elementor-section elementor-top-section elementor-element elementor-element-7453debf elementor-section-boxed elementor-section-height-default elementor-section-height-default\" data-id=\"7453debf\" data-element_type=\"section\">\n\t\t\t\t\t\t<div class=\"elementor-container elementor-column-gap-default\">\n\t\t\t\t\t<div class=\"aux-parallax-section elementor-column elementor-col-50 elementor-top-column elementor-element elementor-element-7e0624cf\" data-id=\"7e0624cf\" data-element_type=\"column\">\n\t\t\t<div class=\"elementor-widget-wrap elementor-element-populated\">\n\t\t\t\t\t\t<div class=\"elementor-element elementor-element-18249930 aux-appear-watch-animation aux-fade-in-up elementor-widget elementor-widget-aux_modern_heading\" data-id=\"18249930\" data-element_type=\"widget\" data-widget_type=\"aux_modern_heading.default\">\n\t\t\t\t<div class=\"elementor-widget-container\">\n\t\t\t<section class=\"aux-widget-modern-heading\">\n            <div class=\"aux-widget-inner\"><h2 class=\"aux-modern-heading-primary\">Newsletter<\/h2><\/div>\n        <\/section>\t\t<\/div>\n\t\t\t\t<\/div>\n\t\t\t\t\t<\/div>\n\t\t<\/div>\n\t\t\t\t<div class=\"aux-parallax-section elementor-column elementor-col-50 elementor-top-column elementor-element elementor-element-3cc5a470\" data-id=\"3cc5a470\" data-element_type=\"column\">\n\t\t\t<div class=\"elementor-widget-wrap elementor-element-populated\">\n\t\t\t\t\t\t<div class=\"elementor-element elementor-element-927a6ec elementor-widget elementor-widget-global elementor-global-34179 elementor-widget-html\" data-id=\"927a6ec\" data-element_type=\"widget\" data-widget_type=\"html.default\">\n\t\t\t\t<div class=\"elementor-widget-container\">\n\t\t\t<form method=\"post\" action=\"https:\/\/newsletter.infomaniak.com\/v3\/api\/1\/newsletters\/webforms\/17371\/submit\" class=\"inf-form\"><input type=\"email\" name=\"email\" style=\"display:none\" \/><input type=\"hidden\" name=\"key\" value=\"eyJpdiI6IjVaXC9KVlZCUDlhR2ZCMk9mdHdJdTdyTjV1QUFMVEZZaytkTG4wcFdmcEdNPSIsIm1hYyI6IjI1YTQ4ZmM3MTZiMWY2MmM1ODExYzZiNDVhZGEzZTEwNjMzY2RhNmYxYmQyMzdiMGIyYWVjMWExZjJkZTVlNjAiLCJ2YWx1ZSI6IkVsR256a2dnb3MwQ3dmSk5hSmk2SWhmazgrVFpIRzhSQXdndmI0ODI5ZGM9In0=\"><input type=\"hidden\" name=\"webform_id\" value=\"17371\"><div class=\"inf-main_88208501a921a590548019fa0e64fc4a\"> <div class=\"inf-success\" style=\"display:none\"> <h4>Ihre Anmeldung wurde erfolgreich gespeichert!<\/h4> <p> <a href=\"#\" class=\"inf-btn\">&laquo;<\/a> <\/p> <\/div> <div class=\"inf-content\"> <div class=\"inf-input inf-input-text\"> <input type=\"email\" name=\"inf[1]\" data-inf-meta=\"1\" data-inf-error=\"Merci de renseigner une adresse email\" required=\"required\" placeholder=\"Email *\" > <\/div> <div class=\"inf-rgpd\">Ihre E-Mail-Adresse wird nur dazu verwendet, Ihnen Informationen \u00fcber unsere Aktivit\u00e4ten zu senden. Sie k\u00f6nnen sich jederzeit durch den in jeder unserer Nachrichten integrierten Unsubscribe-Link abmelden.<\/div> <script src=\"https:\/\/eu.altcha.org\/js\/latest\/altcha.min.js\" type=\"module\" defer><\/script> <altcha-widget hidelogo hidefooter floating challengeurl=\"https:\/\/newsletter.infomaniak.com\/v3\/altcha-challenge\" ><\/altcha-widget> <script src=\"https:\/\/newsletter.storage5.infomaniak.com\/mcaptcha\/altcha.js\" defer> <\/script> <script type=\"text\/javascript\" src=\"https:\/\/newsletter.infomaniak.com\/v3\/static\/webform_index.js?v=1771602250\"><\/script> <div class=\"inf-submit\"> <input type=\"submit\" style=\"margin-top: 25px;\" name=\"\" value=\"Anmeldung\"> <\/div> <\/div> <\/div> <\/form>\t\t<\/div>\n\t\t\t\t<\/div>\n\t\t\t\t\t<\/div>\n\t\t<\/div>\n\t\t\t\t\t<\/div>\n\t\t<\/section>\n\t\t\t\t<section class=\"elementor-section elementor-top-section elementor-element elementor-element-d098ba8 elementor-section-boxed elementor-section-height-default elementor-section-height-default\" data-id=\"d098ba8\" data-element_type=\"section\">\n\t\t\t\t\t\t<div class=\"elementor-container elementor-column-gap-default\">\n\t\t\t\t\t<div class=\"aux-parallax-section elementor-column elementor-col-50 elementor-top-column elementor-element elementor-element-28de2508\" data-id=\"28de2508\" data-element_type=\"column\">\n\t\t\t<div class=\"elementor-widget-wrap elementor-element-populated\">\n\t\t\t\t\t\t<div class=\"elementor-element elementor-element-60cdd72b aux-appear-watch-animation aux-fade-in-up elementor-widget elementor-widget-aux_modern_heading\" data-id=\"60cdd72b\" data-element_type=\"widget\" data-widget_type=\"aux_modern_heading.default\">\n\t\t\t\t<div class=\"elementor-widget-container\">\n\t\t\t<section class=\"aux-widget-modern-heading\">\n            <div class=\"aux-widget-inner\"><h2 class=\"aux-modern-heading-primary\">La Vrille in den sozialen Medien<\/h2><div class=\"aux-modern-heading-description\"><p>(Derzeit nur auf Franz\u00f6sisch verf\u00fcgbar)<\/p><\/div><\/div>\n        <\/section>\t\t<\/div>\n\t\t\t\t<\/div>\n\t\t\t\t\t<\/div>\n\t\t<\/div>\n\t\t\t\t<div class=\"aux-parallax-section elementor-column elementor-col-50 elementor-top-column elementor-element elementor-element-6612bc63\" data-id=\"6612bc63\" data-element_type=\"column\">\n\t\t\t<div class=\"elementor-widget-wrap elementor-element-populated\">\n\t\t\t\t\t\t<div class=\"elementor-element elementor-element-188d7fd8 elementor-shape-circle elementor-grid-3 elementor-widget__width-auto elementor-widget-tablet__width-initial elementor-grid-tablet-3 elementor-grid-mobile-3 e-grid-align-tablet-left elementor-widget-mobile__width-inherit e-grid-align-mobile-center e-grid-align-center elementor-widget elementor-widget-global elementor-global-32323 elementor-widget-social-icons\" data-id=\"188d7fd8\" data-element_type=\"widget\" data-widget_type=\"social-icons.default\">\n\t\t\t\t<div class=\"elementor-widget-container\">\n\t\t\t\t\t<div class=\"elementor-social-icons-wrapper elementor-grid\">\n\t\t\t\t\t\t\t<span class=\"elementor-grid-item\">\n\t\t\t\t\t<a class=\"elementor-icon elementor-social-icon elementor-social-icon-linkedin elementor-animation-grow elementor-repeater-item-b3a331f\" href=\"https:\/\/www.linkedin.com\/in\/la-vrille\" target=\"_blank\">\n\t\t\t\t\t\t<span class=\"elementor-screen-only\">Linkedin<\/span>\n\t\t\t\t\t\t<i class=\"fab fa-linkedin\"><\/i>\t\t\t\t\t<\/a>\n\t\t\t\t<\/span>\n\t\t\t\t\t\t\t<span class=\"elementor-grid-item\">\n\t\t\t\t\t<a class=\"elementor-icon elementor-social-icon elementor-social-icon-instagram elementor-animation-grow elementor-repeater-item-9c9a05c\" href=\"https:\/\/www.instagram.com\/la_vrille.ch\" target=\"_blank\">\n\t\t\t\t\t\t<span class=\"elementor-screen-only\">Instagram<\/span>\n\t\t\t\t\t\t<i class=\"fab fa-instagram\"><\/i>\t\t\t\t\t<\/a>\n\t\t\t\t<\/span>\n\t\t\t\t\t\t\t<span class=\"elementor-grid-item\">\n\t\t\t\t\t<a class=\"elementor-icon elementor-social-icon elementor-social-icon-youtube elementor-animation-grow elementor-repeater-item-20946cb\" href=\"https:\/\/www.youtube.com\/@La-Vrille\" target=\"_blank\">\n\t\t\t\t\t\t<span class=\"elementor-screen-only\">Youtube<\/span>\n\t\t\t\t\t\t<i class=\"fab fa-youtube\"><\/i>\t\t\t\t\t<\/a>\n\t\t\t\t<\/span>\n\t\t\t\t\t<\/div>\n\t\t\t\t<\/div>\n\t\t\t\t<\/div>\n\t\t\t\t\t<\/div>\n\t\t<\/div>\n\t\t\t\t\t<\/div>\n\t\t<\/section>\n\t\t\t\t<\/div>\n\t\t","protected":false},"excerpt":{"rendered":"<p>Spenden Unterst\u00fctzen Sie uns mit einer Spende CH94 0900 0000 1753 4186 2 LaVrille.ch &#8211; 1242 Satigny DANKE! F\u00fcr Betr\u00e4ge \u00fcber CHF 100.- k\u00f6nnen Sie eine Spendenbescheinigung unter info@la-vrille.ch anfordern. Newsletter Ihre Anmeldung wurde erfolgreich gespeichert! &laquo; Ihre E-Mail-Adresse wird nur dazu verwendet, Ihnen Informationen \u00fcber unsere Aktivit\u00e4ten zu senden. Sie k\u00f6nnen sich jederzeit durch [&hellip;]<\/p>\n","protected":false},"author":3,"featured_media":0,"parent":33631,"menu_order":0,"comment_status":"closed","ping_status":"closed","template":"","meta":{"_acf_changed":false,"inline_featured_image":false,"footnotes":""},"class_list":["post-33434","page","type-page","status-publish","hentry"],"acf":[],"_links":{"self":[{"href":"https:\/\/www.la-vrille.ch\/de\/wp-json\/wp\/v2\/pages\/33434","targetHints":{"allow":["GET"]}}],"collection":[{"href":"https:\/\/www.la-vrille.ch\/de\/wp-json\/wp\/v2\/pages"}],"about":[{"href":"https:\/\/www.la-vrille.ch\/de\/wp-json\/wp\/v2\/types\/page"}],"author":[{"embeddable":true,"href":"https:\/\/www.la-vrille.ch\/de\/wp-json\/wp\/v2\/users\/3"}],"replies":[{"embeddable":true,"href":"https:\/\/www.la-vrille.ch\/de\/wp-json\/wp\/v2\/comments?post=33434"}],"version-history":[{"count":17,"href":"https:\/\/www.la-vrille.ch\/de\/wp-json\/wp\/v2\/pages\/33434\/revisions"}],"predecessor-version":[{"id":34331,"href":"https:\/\/www.la-vrille.ch\/de\/wp-json\/wp\/v2\/pages\/33434\/revisions\/34331"}],"up":[{"embeddable":true,"href":"https:\/\/www.la-vrille.ch\/de\/wp-json\/wp\/v2\/pages\/33631"}],"wp:attachment":[{"href":"https:\/\/www.la-vrille.ch\/de\/wp-json\/wp\/v2\/media?parent=33434"}],"curies":[{"name":"wp","href":"https:\/\/api.w.org\/{rel}","templated":true}]}}