{"id":33440,"date":"2024-02-26T12:05:35","date_gmt":"2024-02-26T11:05:35","guid":{"rendered":"https:\/\/www.la-vrille.ch\/liberte\/"},"modified":"2025-09-23T19:14:32","modified_gmt":"2025-09-23T17:14:32","slug":"freiheit","status":"publish","type":"page","link":"https:\/\/www.la-vrille.ch\/de\/unsere-vision\/freiheit\/","title":{"rendered":"Freiheit und Freihandel"},"content":{"rendered":"\t\t<div data-elementor-type=\"wp-post\" data-elementor-id=\"33440\" class=\"elementor elementor-33440 elementor-31766\" data-elementor-post-type=\"page\">\n\t\t\t\t\t\t<section class=\"elementor-section elementor-top-section elementor-element elementor-element-eae8d3a elementor-section-boxed elementor-section-height-default elementor-section-height-default\" data-id=\"eae8d3a\" data-element_type=\"section\">\n\t\t\t\t\t\t<div class=\"elementor-container elementor-column-gap-default\">\n\t\t\t\t\t<div class=\"aux-parallax-section elementor-column elementor-col-100 elementor-top-column elementor-element elementor-element-1c6b13a\" data-id=\"1c6b13a\" data-element_type=\"column\">\n\t\t\t<div class=\"elementor-widget-wrap elementor-element-populated\">\n\t\t\t\t\t\t<div class=\"elementor-element elementor-element-18eb8d4 elementor-widget elementor-widget-aux_modern_heading\" data-id=\"18eb8d4\" data-element_type=\"widget\" data-widget_type=\"aux_modern_heading.default\">\n\t\t\t\t<div class=\"elementor-widget-container\">\n\t\t\t<section class=\"aux-widget-modern-heading\">\n            <div class=\"aux-widget-inner\"><h2 class=\"aux-modern-heading-primary\">Freiheit und Freihandel<\/h2><div class=\"aux-modern-heading-divider\"><\/div><div class=\"aux-modern-heading-description\"><p class=\"western\">Die Freiheit des Einzelnen endet dort, wo die Freiheit des Anderen anf\u00e4ngt. Dieser Satz, der Emmanuel Kant zugeschrieben wird, besagt, dass es keine Freiheit ohne Respekt und Gewissen geben kann. Der Freihandel verkauft uns eine verzerrte Vorstellung von Freiheit \u2013 eine Freiheit, die darin besteht unter \u00dcbernutzung der Ressourcen und Missachtung der Volksrechte, Handel zu betreiben. Eine Freiheit ohne Gewissen und ohne Respekt vor Mensch und Umwelt.   <\/p>\n<\/div><\/div>\n        <\/section>\t\t<\/div>\n\t\t\t\t<\/div>\n\t\t\t\t\t<\/div>\n\t\t<\/div>\n\t\t\t\t\t<\/div>\n\t\t<\/section>\n\t\t\t\t<section class=\"elementor-section elementor-top-section elementor-element elementor-element-d0a5029 elementor-section-boxed elementor-section-height-default elementor-section-height-default\" data-id=\"d0a5029\" data-element_type=\"section\">\n\t\t\t\t\t\t\t<div class=\"elementor-background-overlay\"><\/div>\n\t\t\t\t\t\t\t<div class=\"elementor-container elementor-column-gap-default\">\n\t\t\t\t\t<div class=\"aux-parallax-section elementor-column elementor-col-66 elementor-top-column elementor-element elementor-element-a478beb\" data-id=\"a478beb\" data-element_type=\"column\">\n\t\t\t<div class=\"elementor-widget-wrap elementor-element-populated\">\n\t\t\t\t\t\t<div class=\"elementor-element elementor-element-a03a1f9 elementor-widget elementor-widget-heading\" data-id=\"a03a1f9\" data-element_type=\"widget\" data-widget_type=\"heading.default\">\n\t\t\t\t<div class=\"elementor-widget-container\">\n\t\t\t<h2 class=\"elementor-heading-title elementor-size-default\">Konsum ohne Grenzen<\/h2>\t\t<\/div>\n\t\t\t\t<\/div>\n\t\t\t\t<div class=\"elementor-element elementor-element-32959fd elementor-widget__width-auto elementor-widget elementor-widget-text-editor\" data-id=\"32959fd\" data-element_type=\"widget\" data-widget_type=\"text-editor.default\">\n\t\t\t\t<div class=\"elementor-widget-container\">\n\t\t\t\t\t\t\t<p>Jeder Konsument hat die Wahl zwischen Produkten, die soziale und \u00f6kologische Standards einhalten und Produkten, die das nicht tun. Ein gutes Beispiel sind Tomaten: im selben Supermarktregal findet man Tomaten, die unter sklaven\u00e4hnlichen Bedingungen angebaut wurden, direkt neben lokalen Tomaten, deren Produktion die Rechte der Arbeiter respektieren und ausserdem h\u00f6here Gesundheit- und Umweltstandards erf\u00fcllen.<\/p><p>Konsum ohne Grenzen zerst\u00f6rt den Planeten, f\u00fchrt zur Ersch\u00f6pfung der Ressourcen und produziert Berge von umweltsch\u00e4dlichem Abfall. Der Freihandel f\u00fchrt zu einer Vervielfachung des G\u00fctertransports rund um die Erde, mit \u00e4usserst umweltsch\u00e4dlichen Transportmitteln: mit Schwer\u00f6l betriebene Schiffe, oder Flugzeuge, die Unmengen Treibstoff verbrauchen, der zudem kaum besteuert wird&#8230;<\/p><p>Einer unserer Tr\u00e4ume ist es, ohne Lesebrille einkaufen zu k\u00f6nnen, d.h. ohne die kleingedruckten Produktinformationen auf den Etiketten lesen zu m\u00fcssen. Wir m\u00f6chten, dass die in unserem Land getroffenen Entscheidungen zum Schutz von Arbeitern und Umwelt f\u00fcr alle importierten Produkte gelten (Beispiel: Referendum gegen das Cassis-de-Dijon-Prinzip).<\/p>\t\t\t\t\t\t<\/div>\n\t\t\t\t<\/div>\n\t\t\t\t<div class=\"elementor-element elementor-element-816ade9 elementor-widget elementor-widget-heading\" data-id=\"816ade9\" data-element_type=\"widget\" data-widget_type=\"heading.default\">\n\t\t\t\t<div class=\"elementor-widget-container\">\n\t\t\t<h2 class=\"elementor-heading-title elementor-size-default\">Die Grenze als \u00dcbergang von einer Gesellschaft zu einer anderen<\/h2>\t\t<\/div>\n\t\t\t\t<\/div>\n\t\t\t\t<div class=\"elementor-element elementor-element-da2ddb6 elementor-widget__width-auto elementor-widget elementor-widget-text-editor\" data-id=\"da2ddb6\" data-element_type=\"widget\" data-widget_type=\"text-editor.default\">\n\t\t\t\t<div class=\"elementor-widget-container\">\n\t\t\t\t\t\t\t<p>Der Freihandel hat in unseren K\u00f6pfen die Idee festgesetzt, man m\u00fcsse die Grenzen abschaffen und alles tun, um den Handel zu erleichtern. Die Folgen dieser \u00d6ffnung der Grenzen werden jedoch verschwiegen. Die Mehrheit der Bev\u00f6lkerung nimmt die Frage der Grenz\u00fcberschreitung nur unter dem Blickwinkel des Personenverkehrs wahr. In Wirklichkeit befinden sich jedoch auf beiden Seiten einer Grenze Gesellschaften mit einer unterschiedlichen Volkswirtschaft, unterschiedlicher Kaufkraft, unterschiedlichen Produktionsweisen, und unterschiedlichen sozialen und \u00f6kologischen Praktiken.<\/p><p>Eine erste negative Auswirkung des freien Warenverkehrs ist die <b>Verzerrung des Wettbewerbs<\/b>. W\u00e4hrend es f\u00fcr Produkte kaum mehr Grenzen gibt, bleiben deren Auswirkungen f\u00fcr die Produzenten weiterhin bestehen, sobald Kosten und Produktionsbedingungen diesseits und jenseits der jeweiligen Grenze nicht dieselben sind.<\/p>\t\t\t\t\t\t<\/div>\n\t\t\t\t<\/div>\n\t\t\t\t<div class=\"elementor-element elementor-element-dbe9738 elementor-widget elementor-widget-heading\" data-id=\"dbe9738\" data-element_type=\"widget\" data-widget_type=\"heading.default\">\n\t\t\t\t<div class=\"elementor-widget-container\">\n\t\t\t<h2 class=\"elementor-heading-title elementor-size-default\">Verzerrung der Freiheit<\/h2>\t\t<\/div>\n\t\t\t\t<\/div>\n\t\t\t\t<div class=\"elementor-element elementor-element-2900673 elementor-widget elementor-widget-text-editor\" data-id=\"2900673\" data-element_type=\"widget\" data-widget_type=\"text-editor.default\">\n\t\t\t\t<div class=\"elementor-widget-container\">\n\t\t\t\t\t\t\t<p>Diese Wettbewerbsverzerrung hat auch Auswirkungen auf unsere individuellen und kollektiven Freiheiten, da wir als B\u00fcrger keine M\u00f6glichkeit haben, uns Geh\u00f6r zu verschaffen. Man will uns weismachen, der Verbraucher sei K\u00f6nig, dabei haben wir in Wirklichkeit jegliche Kontrolle \u00fcber die Produktionsbedingungen unserer Konsumg\u00fcter verloren.<\/p><p>Als Opfer des globalen Systems haben die Bev\u00f6lkerungen jegliche M\u00f6glichkeit verloren, ihre Rechte gegen\u00fcber den \u00fcberm\u00e4chtigen Multis zu verteidigen. Die Deregulierung durch den Freihandel hat den Konzernen riesige Gewinne eingebracht und ihnen eine supranationale Entscheidungsmacht verschafft.<\/p><p>Einerseits werden wir als Individuen auf vielen Ebenen immer mehr \u00fcberwacht, anderseits schweben die riesigen Finanzkonzerne vollkommen frei \u00fcber den Gesetzen. W\u00e4hrend wir st\u00e4ndig kontrolliert werden, d\u00fcrfen die Multis <a href=\"https:\/\/www.la-vrille.ch\/de\/unsere-vision\/umwelt-ressourcen\/\">die Ressourcen der Ozeane pl\u00fcndern<\/a>, und uns billige Ger\u00e4te verkaufen, ohne R\u00fccksicht auf die Weltbev\u00f6lkerung und die k\u00fcnftigen Generationen, die die Folgen einer solchen Politik zu tragen haben.<br \/><b>Der Freihandel untergr\u00e4bt unsere Grundfreiheiten<\/b> und beraubt uns jeglicher M\u00f6glichkeit der Mitbestimmung, sodass wir der \u00dcbermacht der Multis vollkommen ausgeliefert sind.<\/p>\t\t\t\t\t\t<\/div>\n\t\t\t\t<\/div>\n\t\t\t\t<div class=\"elementor-element elementor-element-6c4d32d elementor-widget elementor-widget-heading\" data-id=\"6c4d32d\" data-element_type=\"widget\" data-widget_type=\"heading.default\">\n\t\t\t\t<div class=\"elementor-widget-container\">\n\t\t\t<h2 class=\"elementor-heading-title elementor-size-default\">Wirtschaftsfreiheit f\u00fcr wen?<\/h2>\t\t<\/div>\n\t\t\t\t<\/div>\n\t\t\t\t<div class=\"elementor-element elementor-element-02cddd7 elementor-widget elementor-widget-text-editor\" data-id=\"02cddd7\" data-element_type=\"widget\" data-widget_type=\"text-editor.default\">\n\t\t\t\t<div class=\"elementor-widget-container\">\n\t\t\t\t\t\t\t<p>Die Wirtschaftsfreiheit ist das Grundrecht der einzelnen Gesellschaftsmitglieder, untereinander wirtschaftliche G\u00fcter auszutauschen.<\/p>\n<p>Eine Mehrheit der Schweizer weigert sich, die entsprechenden Gesetze zu \u00e4ndern, weil sie die vielbeschworene Wirtschaftsfreiheit schm\u00e4lern k\u00f6nnten. Es wird bef\u00fcrchtet, dass wirtschaftliche Zw\u00e4nge die pers\u00f6nliche Konsumfreiheit einschr\u00e4nken k\u00f6nnten. <\/p>\n<p>Eine Gesellschaft kann aber nur funktionieren, wenn kollektiv akzeptierte Vereinbarungen \u00fcber die Grenzen der individuellen Freiheit existieren. Damit die Freiheit des Einzelnen respektiert wird, braucht es Vereinbarungen und Regeln, die sich am Gemeinwohl orientieren. Gute Beispiele daf\u00fcr sind die Strassenverkehrsordnung oder Lohnvereinbarungen, die seit langem allgemein akzeptiert sind.   <b>Warum verweigern wir also Preisvereinbarungen bei Produkten, die doch das Leben jedes Einzelnen direkt beeinflussen?<\/b><\/p>\n<p>Ein soziales Gef\u00fcge basiert auf dem gegenseitigen Respekt seiner Mitglieder, der wiederum auf den Vereinbarungen beruht, auf die man sich kollektiv geeinigt hat. Jeder Einzelne spielt in dem Gef\u00fcge eine Rolle und er sollte sich seiner Bedeutung bewusst sein. Der Freihandel r\u00fcttelt an diesem grundlegenden Zusammenhalt, indem er das lokale Wirtschaftsgef\u00fcge untergr\u00e4bt. Der Einzelne wird nicht mehr als B\u00fcrger, sondern nur noch als Konsument, bzw. in seiner Arbeitsmarktf\u00e4higkeit wahrgenommen.   <\/p>\n<p>Die heutige Wirtschaft ist meist nur noch profitorientiert. Wir wollen, dass die Wirtschaft sich auf ihre eigentliche Bestimmung zur\u00fcckbesinnt, n\u00e4mlich <b>die Befriedigung der Bed\u00fcrfnisse der Menschen<\/b>. <\/p>\n\t\t\t\t\t\t<\/div>\n\t\t\t\t<\/div>\n\t\t\t\t<div class=\"elementor-element elementor-element-e32ea46 elementor-widget elementor-widget-heading\" data-id=\"e32ea46\" data-element_type=\"widget\" data-widget_type=\"heading.default\">\n\t\t\t\t<div class=\"elementor-widget-container\">\n\t\t\t<h2 class=\"elementor-heading-title elementor-size-default\">F\u00fcr eine lokale \u00d6konomie<\/h2>\t\t<\/div>\n\t\t\t\t<\/div>\n\t\t\t\t<div class=\"elementor-element elementor-element-4a3e275 elementor-widget elementor-widget-text-editor\" data-id=\"4a3e275\" data-element_type=\"widget\" data-widget_type=\"text-editor.default\">\n\t\t\t\t<div class=\"elementor-widget-container\">\n\t\t\t\t\t\t\t<p>Wir m\u00fcssen die Kontrolle \u00fcber die Wirtschaft, bzw. die Produktion der lebenswichtigen G\u00fcter zur\u00fcckgewinnen. Das bedeutet, dass <b>mehr lokal produziert werden muss<\/b>, und zwar nicht nur bei den Lebensmitteln, sondern auch in allen anderen Bereichen (Maschinen, Baugewerbe usw.). <\/p>\n<p>Eine lokal orientierte Wirtschaft ist <b>eine Wirtschaft, die auch den sozialen Zusammenhalt f\u00f6rdert<\/b>. Sie bringt die Menschen einander n\u00e4her, jeder ist sich seiner Funktion in diesem Wirtschaftsgef\u00fcge bewusst. Wer sich mit der Arbeit der lokalen Produzenten besch\u00e4ftigt, dem wird nicht nur der Wert der Produkte wieder bewusst, sondern auch der Wert all dessen, was uns umgibt, wie die Natur und die sozialen Beziehungen, die jeder um sich herum aufbaut. Eine solche Vision steht im Gegensatz zu unserer heutigen Gesellschaft, die den Sinn f\u00fcr den Wert der Dinge verloren hat, und in der es nur noch darum geht, \u00abbillig zu kaufen\u00bb, ohne R\u00fccksicht auf die Menschen, die die Produkte herstellen, oder auf die Umwelt.  <\/p>\n<p>In einer lokal orientierten Wirtschaft garantieren Tarifvertr\u00e4ge ein bestimmtes Lohnniveau und f\u00f6rdern den gegenseitigen Respekt; Handelsvereinbarungen bewirken, dass sich Partner und Konkurrenten gegenseitig wertsch\u00e4tzen. Viele Gemeinden versuchen derzeit, diese verloren gegangenen sozialen Bindungen wieder zu beleben, z. B. durch Programme zur gemeinsamen Nutzung von Kompostanlagen in einzelnen Stadtvierteln oder durch Strassenm\u00e4rkte. Diese Bem\u00fchungen haben jedoch einen schweren Stand gegen\u00fcber der allgegenw\u00e4rtigen Deregulierung, die die lokale Wirtschaft weitgehend schw\u00e4cht. Die einzige M\u00f6glichkeit, diese Bindungen dauerhaft wiederherzustellen, ist die Wiedereinf\u00fchrung von Regeln zum Schutz der lokalen Produktion.   <\/p>\n\t\t\t\t\t\t<\/div>\n\t\t\t\t<\/div>\n\t\t\t\t<div class=\"elementor-element elementor-element-15c3516 elementor-widget elementor-widget-heading\" data-id=\"15c3516\" data-element_type=\"widget\" data-widget_type=\"heading.default\">\n\t\t\t\t<div class=\"elementor-widget-container\">\n\t\t\t<h2 class=\"elementor-heading-title elementor-size-default\">Recht auf eine qualitativ hochwertige Umwelt<\/h2>\t\t<\/div>\n\t\t\t\t<\/div>\n\t\t\t\t<div class=\"elementor-element elementor-element-8a7ffd6 elementor-widget elementor-widget-text-editor\" data-id=\"8a7ffd6\" data-element_type=\"widget\" data-widget_type=\"text-editor.default\">\n\t\t\t\t<div class=\"elementor-widget-container\">\n\t\t\t\t\t\t\t<p>F\u00fcr die Zukunft unserer Erde muss das <a href=\"https:\/\/www.la-vrille.ch\/de\/unsere-vision\/umwelt-ressourcen\/\">Wirtschaftswachstum<\/a> unbedingt heruntergefahren und der Konsum eingeschr\u00e4nkt werden. Anstatt uns vom Lustprinzip leiten zu lassen, sollten wir der Qualit\u00e4t mehr Beachtung schenken, und <b>einen Konsum anstreben, der m\u00f6glichst wenig negative Auswirkungen<\/b> auf Mensch und Natur hat.<\/p><p>Es gilt zu einer Gesellschaft zur\u00fcckzukehren, in der man sich gegenseitig respektiert, und die mit den Ressourcen sparsam und verantwortungsbewusst umgeht. Eine Gesellschaft, in der der Einzelne in einer qualitativ hochwertigen Umwelt leben darf \u2013 einer Umwelt im weitesten Sinn, die alles umfasst, was uns umgibt, Mitmenschen und Natur.<\/p>\t\t\t\t\t\t<\/div>\n\t\t\t\t<\/div>\n\t\t\t\t<div class=\"elementor-element elementor-element-ba57f6e elementor-widget elementor-widget-heading\" data-id=\"ba57f6e\" data-element_type=\"widget\" data-widget_type=\"heading.default\">\n\t\t\t\t<div class=\"elementor-widget-container\">\n\t\t\t<h2 class=\"elementor-heading-title elementor-size-default\">Freiheit und kollektive Werte<\/h2>\t\t<\/div>\n\t\t\t\t<\/div>\n\t\t\t\t<div class=\"elementor-element elementor-element-f566081 elementor-widget elementor-widget-text-editor\" data-id=\"f566081\" data-element_type=\"widget\" data-widget_type=\"text-editor.default\">\n\t\t\t\t<div class=\"elementor-widget-container\">\n\t\t\t\t\t\t\t<p>Im Grunde genommen geht es um eine moralische Frage: Was sind unsere Werte? Was ist uns wirklich wichtig? <br \/>Wollen wir den \u00abfreien\u00bb individuellen \u00dcberkonsum, der die Menschen zerm\u00fcrbt und die soziale und nat\u00fcrliche Umwelt zerst\u00f6rt? Oder wollen wir eine frei gew\u00e4hlte, auf dem Gemeinwohl basierte lokale Wirtschaft, die einzig in der Lage ist, Lebensqualit\u00e4t f\u00fcr alle zu garantieren?<\/p><p>Lassen wir uns nicht mehr ausschliesslich als Konsumenten definieren, <b>werden wir wieder freie B\u00fcrger, fordern wir die notwendigen Gesetzes\u00e4nderungen, um <a href=\"https:\/\/www.la-vrille.ch\/de\/unsere-vision\/protektionismus\/\">die Kontrolle \u00fcber unsere Wirtschaft zur\u00fcckzugewinnen<\/a><\/b>, den k\u00fcnftigen Generationen eine gesunde Umwelt zu hinterlassen und ein sinnstiftendes Zusammenleben zu garantieren.<\/p>\t\t\t\t\t\t<\/div>\n\t\t\t\t<\/div>\n\t\t\t\t\t<\/div>\n\t\t<\/div>\n\t\t\t\t<div class=\"aux-parallax-section elementor-column elementor-col-33 elementor-top-column elementor-element elementor-element-41fa66d\" data-id=\"41fa66d\" data-element_type=\"column\">\n\t\t\t<div class=\"elementor-widget-wrap elementor-element-populated\">\n\t\t\t\t\t\t<div class=\"elementor-element elementor-element-8c641b8 elementor-widget__width-auto elementor-widget elementor-widget-text-editor\" data-id=\"8c641b8\" data-element_type=\"widget\" data-widget_type=\"text-editor.default\">\n\t\t\t\t<div class=\"elementor-widget-container\">\n\t\t\t\t\t\t\t<h2>Unsere Vision:<\/h2><p class=\"aux-modern-heading-primary\"><strong>&gt; <a href=\"https:\/\/www.la-vrille.ch\/de\/unsere-vision\/fairer-wettbewerb\/\">F\u00fcr einen fairen Wettbewerb<\/a><\/strong><\/p><p class=\"aux-modern-heading-primary\"><strong><span style=\"color: #808080;\">&lt; Freiheit und Freihandel<\/span><\/strong><\/p><p class=\"aux-modern-heading-primary\"><strong>&gt; <a href=\"https:\/\/www.la-vrille.ch\/de\/unsere-vision\/umwelt-ressourcen\/\">Umwelt sch\u00fctzen, Ressourcen schonen<\/a><\/strong><\/p><p class=\"aux-modern-heading-primary\"><strong>&gt; <a href=\"https:\/\/www.la-vrille.ch\/de\/unsere-vision\/protektionismus\/\">B\u00fcndnisfreiheit und Protektionismus<\/a><\/strong><\/p><p class=\"aux-modern-heading-primary\"><strong>&gt; Das Buch: <\/strong><a href=\"https:\/\/www.la-vrille.ch\/de\/unsere-vision\/buch\/\"><strong>Der Freihandel auf dem Pr\u00fcfstand<\/strong><\/a><\/p>\t\t\t\t\t\t<\/div>\n\t\t\t\t<\/div>\n\t\t\t\t<div class=\"elementor-element elementor-element-cf2af34 elementor-widget__width-auto elementor-widget elementor-widget-text-editor\" data-id=\"cf2af34\" data-element_type=\"widget\" data-widget_type=\"text-editor.default\">\n\t\t\t\t<div class=\"elementor-widget-container\">\n\t\t\t\t\t\t\t<h2>Unsere Vision:<\/h2><p class=\"aux-modern-heading-primary\"><strong>&gt; <a href=\"https:\/\/www.la-vrille.ch\/de\/fairer-wettbewerb\/\">F\u00fcr einen fairen Wettbewerb<\/a><\/strong><\/p><p class=\"aux-modern-heading-primary\"><span style=\"color: #808080;\"><strong>&lt; Freiheit und Freihandel<\/strong><\/span><\/p><p class=\"aux-modern-heading-primary\"><strong>&gt; <a href=\"https:\/\/www.la-vrille.ch\/de\/environnement-ressources\/\">Umwelt sch\u00fctzen, Ressourcen schonen<\/a><\/strong><\/p><p class=\"aux-modern-heading-primary\"><strong>&gt; <a href=\"https:\/\/www.la-vrille.ch\/de\/non-alignement\/\">B\u00fcndnisfreiheit und Protektionismus<\/a><\/strong><\/p><p class=\"aux-modern-heading-primary\"><strong>&gt; Buch: <\/strong><a href=\"https:\/\/www.la-vrille.ch\/vision\/libre-echange-en-cause\/\"><strong>Le libre-\u00e9change remis en cause<\/strong><\/a><\/p>\t\t\t\t\t\t<\/div>\n\t\t\t\t<\/div>\n\t\t\t\t<div class=\"elementor-element elementor-element-b5de31d elementor-widget elementor-widget-sidebar\" data-id=\"b5de31d\" data-element_type=\"widget\" data-widget_type=\"sidebar.default\">\n\t\t\t\t<div class=\"elementor-widget-container\">\n\t\t\t<section id=\"block-20\" class=\" aux-open widget-container widget_block\"><\/section><section id=\"block-10\" class=\" aux-open widget-container widget_block widget_tag_cloud\"><p class=\"wp-block-tag-cloud\"><a href=\"https:\/\/www.la-vrille.ch\/de\/tag\/abfallentsorgung\/\" class=\"tag-cloud-link tag-link-56 tag-link-position-1\" style=\"font-size: 8pt;\" aria-label=\"Abfallentsorgung (1\u00a0Eintrag)\">Abfallentsorgung<\/a>\n<a href=\"https:\/\/www.la-vrille.ch\/de\/tag\/agrarpolitik\/\" class=\"tag-cloud-link tag-link-54 tag-link-position-2\" style=\"font-size: 15.857142857143pt;\" aria-label=\"Agrarpolitik (6\u00a0Eintr\u00e4ge)\">Agrarpolitik<\/a>\n<a href=\"https:\/\/www.la-vrille.ch\/de\/tag\/arbeitsplaetze\/\" class=\"tag-cloud-link tag-link-115 tag-link-position-3\" style=\"font-size: 8pt;\" aria-label=\"Arbeitspl\u00e4tze (1\u00a0Eintrag)\">Arbeitspl\u00e4tze<\/a>\n<a href=\"https:\/\/www.la-vrille.ch\/de\/tag\/bilaterales-iii-de\/\" class=\"tag-cloud-link tag-link-122 tag-link-position-4\" style=\"font-size: 8pt;\" aria-label=\"bilat\u00e9rales III (1\u00a0Eintrag)\">bilat\u00e9rales III<\/a>\n<a href=\"https:\/\/www.la-vrille.ch\/de\/tag\/buendnisfreiheit\/\" class=\"tag-cloud-link tag-link-79 tag-link-position-5\" style=\"font-size: 8pt;\" aria-label=\"B\u00fcndnisfreiheit (1\u00a0Eintrag)\">B\u00fcndnisfreiheit<\/a>\n<a href=\"https:\/\/www.la-vrille.ch\/de\/tag\/freihandel\/\" class=\"tag-cloud-link tag-link-88 tag-link-position-6\" style=\"font-size: 22pt;\" aria-label=\"Freihandel (18\u00a0Eintr\u00e4ge)\">Freihandel<\/a>\n<a href=\"https:\/\/www.la-vrille.ch\/de\/tag\/innovation-de\/\" class=\"tag-cloud-link tag-link-116 tag-link-position-7\" style=\"font-size: 8pt;\" aria-label=\"Innovation (1\u00a0Eintrag)\">Innovation<\/a>\n<a href=\"https:\/\/www.la-vrille.ch\/de\/tag\/know-how\/\" class=\"tag-cloud-link tag-link-75 tag-link-position-8\" style=\"font-size: 13.714285714286pt;\" aria-label=\"Know-How (4\u00a0Eintr\u00e4ge)\">Know-How<\/a>\n<a href=\"https:\/\/www.la-vrille.ch\/de\/tag\/konkurrenzverzerrung\/\" class=\"tag-cloud-link tag-link-91 tag-link-position-9\" style=\"font-size: 19.142857142857pt;\" aria-label=\"Konkurrenz-Verzerrung (11\u00a0Eintr\u00e4ge)\">Konkurrenz-Verzerrung<\/a>\n<a href=\"https:\/\/www.la-vrille.ch\/de\/tag\/mercosur-de\/\" class=\"tag-cloud-link tag-link-117 tag-link-position-10\" style=\"font-size: 13.714285714286pt;\" aria-label=\"Mercosur (4\u00a0Eintr\u00e4ge)\">Mercosur<\/a>\n<a href=\"https:\/\/www.la-vrille.ch\/de\/tag\/nachhaltigkeit\/\" class=\"tag-cloud-link tag-link-81 tag-link-position-11\" style=\"font-size: 18pt;\" aria-label=\"Nachhaltigkeit (9\u00a0Eintr\u00e4ge)\">Nachhaltigkeit<\/a>\n<a href=\"https:\/\/www.la-vrille.ch\/de\/tag\/protektionismus\/\" class=\"tag-cloud-link tag-link-60 tag-link-position-12\" style=\"font-size: 17.285714285714pt;\" aria-label=\"Protektionismus (8\u00a0Eintr\u00e4ge)\">Protektionismus<\/a>\n<a href=\"https:\/\/www.la-vrille.ch\/de\/tag\/ressourcen\/\" class=\"tag-cloud-link tag-link-77 tag-link-position-13\" style=\"font-size: 19.571428571429pt;\" aria-label=\"Ressourcen (12\u00a0Eintr\u00e4ge)\">Ressourcen<\/a>\n<a href=\"https:\/\/www.la-vrille.ch\/de\/tag\/souveraenitaet\/\" class=\"tag-cloud-link tag-link-120 tag-link-position-14\" style=\"font-size: 14.857142857143pt;\" aria-label=\"Souver\u00e4nit\u00e4t (5\u00a0Eintr\u00e4ge)\">Souver\u00e4nit\u00e4t<\/a>\n<a href=\"https:\/\/www.la-vrille.ch\/de\/tag\/sozialgefuege\/\" class=\"tag-cloud-link tag-link-62 tag-link-position-15\" style=\"font-size: 17.285714285714pt;\" aria-label=\"Soziales Gef\u00fcge (8\u00a0Eintr\u00e4ge)\">Soziales Gef\u00fcge<\/a>\n<a href=\"https:\/\/www.la-vrille.ch\/de\/tag\/umwelt\/\" class=\"tag-cloud-link tag-link-58 tag-link-position-16\" style=\"font-size: 18pt;\" aria-label=\"Umwelt (9\u00a0Eintr\u00e4ge)\">Umwelt<\/a>\n<a href=\"https:\/\/www.la-vrille.ch\/de\/tag\/wirtschaft\/\" class=\"tag-cloud-link tag-link-64 tag-link-position-17\" style=\"font-size: 15.857142857143pt;\" aria-label=\"Wirtschaft (6\u00a0Eintr\u00e4ge)\">Wirtschaft<\/a><\/p><\/section>\t\t<\/div>\n\t\t\t\t<\/div>\n\t\t\t\t\t<\/div>\n\t\t<\/div>\n\t\t\t\t\t<\/div>\n\t\t<\/section>\n\t\t\t\t<\/div>\n\t\t","protected":false},"excerpt":{"rendered":"<p>Freiheit und Freihandel Die Freiheit des Einzelnen endet dort, wo die Freiheit des Anderen anf\u00e4ngt. Dieser Satz, der Emmanuel Kant zugeschrieben wird, besagt, dass es keine Freiheit ohne Respekt und Gewissen geben kann. Der Freihandel verkauft uns eine verzerrte Vorstellung von Freiheit \u2013 eine Freiheit, die darin besteht unter \u00dcbernutzung der Ressourcen und Missachtung der [&hellip;]<\/p>\n","protected":false},"author":3,"featured_media":0,"parent":33462,"menu_order":1,"comment_status":"closed","ping_status":"closed","template":"","meta":{"_acf_changed":false,"inline_featured_image":false,"footnotes":""},"class_list":["post-33440","page","type-page","status-publish","hentry"],"acf":[],"_links":{"self":[{"href":"https:\/\/www.la-vrille.ch\/de\/wp-json\/wp\/v2\/pages\/33440","targetHints":{"allow":["GET"]}}],"collection":[{"href":"https:\/\/www.la-vrille.ch\/de\/wp-json\/wp\/v2\/pages"}],"about":[{"href":"https:\/\/www.la-vrille.ch\/de\/wp-json\/wp\/v2\/types\/page"}],"author":[{"embeddable":true,"href":"https:\/\/www.la-vrille.ch\/de\/wp-json\/wp\/v2\/users\/3"}],"replies":[{"embeddable":true,"href":"https:\/\/www.la-vrille.ch\/de\/wp-json\/wp\/v2\/comments?post=33440"}],"version-history":[{"count":8,"href":"https:\/\/www.la-vrille.ch\/de\/wp-json\/wp\/v2\/pages\/33440\/revisions"}],"predecessor-version":[{"id":33517,"href":"https:\/\/www.la-vrille.ch\/de\/wp-json\/wp\/v2\/pages\/33440\/revisions\/33517"}],"up":[{"embeddable":true,"href":"https:\/\/www.la-vrille.ch\/de\/wp-json\/wp\/v2\/pages\/33462"}],"wp:attachment":[{"href":"https:\/\/www.la-vrille.ch\/de\/wp-json\/wp\/v2\/media?parent=33440"}],"curies":[{"name":"wp","href":"https:\/\/api.w.org\/{rel}","templated":true}]}}