{"id":33442,"date":"2024-02-26T12:31:31","date_gmt":"2024-02-26T11:31:31","guid":{"rendered":"https:\/\/www.la-vrille.ch\/non-alignement\/"},"modified":"2025-09-24T20:29:38","modified_gmt":"2025-09-24T18:29:38","slug":"protektionismus","status":"publish","type":"page","link":"https:\/\/www.la-vrille.ch\/de\/unsere-vision\/protektionismus\/","title":{"rendered":"B\u00fcndnisfreiheit und Protektionismus"},"content":{"rendered":"\t\t<div data-elementor-type=\"wp-post\" data-elementor-id=\"33442\" class=\"elementor elementor-33442 elementor-31812\" data-elementor-post-type=\"page\">\n\t\t\t\t\t\t<section class=\"elementor-section elementor-top-section elementor-element elementor-element-eae8d3a elementor-section-boxed elementor-section-height-default elementor-section-height-default\" data-id=\"eae8d3a\" data-element_type=\"section\">\n\t\t\t\t\t\t<div class=\"elementor-container elementor-column-gap-default\">\n\t\t\t\t\t<div class=\"aux-parallax-section elementor-column elementor-col-100 elementor-top-column elementor-element elementor-element-1c6b13a\" data-id=\"1c6b13a\" data-element_type=\"column\">\n\t\t\t<div class=\"elementor-widget-wrap elementor-element-populated\">\n\t\t\t\t\t\t<div class=\"elementor-element elementor-element-18eb8d4 elementor-widget elementor-widget-aux_modern_heading\" data-id=\"18eb8d4\" data-element_type=\"widget\" data-widget_type=\"aux_modern_heading.default\">\n\t\t\t\t<div class=\"elementor-widget-container\">\n\t\t\t<section class=\"aux-widget-modern-heading\">\n            <div class=\"aux-widget-inner\"><h2 class=\"aux-modern-heading-primary\">B\u00fcndnisfreiheit und Protektionismus<\/h2><div class=\"aux-modern-heading-divider\"><\/div><div class=\"aux-modern-heading-description\"><p>Unsere aktuelle Wirtschaftspolitik generiert absurde Praktiken, die die Wettbewerbsverzerrung geradezu f\u00f6rdern. Der Freihandel zwingt die Unternehmen dazu, immer wieder neue Produkte zu erfinden, was zu <a href=\"https:\/\/www.la-vrille.ch\/de\/unsere-vision\/umwelt-ressourcen\/\">einem hemmungslosen Verbrauch von Ressourcen, zu Verschwendung und zur Verschmutzung der Umwelt f\u00fchrt.<\/a><\/p><\/div><\/div>\n        <\/section>\t\t<\/div>\n\t\t\t\t<\/div>\n\t\t\t\t\t<\/div>\n\t\t<\/div>\n\t\t\t\t\t<\/div>\n\t\t<\/section>\n\t\t\t\t<section class=\"elementor-section elementor-top-section elementor-element elementor-element-d0a5029 elementor-section-boxed elementor-section-height-default elementor-section-height-default\" data-id=\"d0a5029\" data-element_type=\"section\">\n\t\t\t\t\t\t\t<div class=\"elementor-background-overlay\"><\/div>\n\t\t\t\t\t\t\t<div class=\"elementor-container elementor-column-gap-default\">\n\t\t\t\t\t<div class=\"aux-parallax-section elementor-column elementor-col-66 elementor-top-column elementor-element elementor-element-a478beb\" data-id=\"a478beb\" data-element_type=\"column\">\n\t\t\t<div class=\"elementor-widget-wrap elementor-element-populated\">\n\t\t\t\t\t\t<div class=\"elementor-element elementor-element-19d219a elementor-widget__width-auto elementor-widget elementor-widget-text-editor\" data-id=\"19d219a\" data-element_type=\"widget\" data-widget_type=\"text-editor.default\">\n\t\t\t\t<div class=\"elementor-widget-container\">\n\t\t\t\t\t\t\t<p>Es ist an der Zeit, unsere wirtschaftlichen Priorit\u00e4ten zu \u00fcberdenken und einen <strong>nachhaltigeren Ansatz zu f\u00f6rdern,<\/strong> bei dem der schonende Umgang mit Ressourcen, der Schutz der Umwelt und das Wohlergehen der Arbeitnehmer und Arbeitnehmerinnen im Zentrum steht.<\/p>\t\t\t\t\t\t<\/div>\n\t\t\t\t<\/div>\n\t\t\t\t<div class=\"elementor-element elementor-element-d0b60de elementor-widget elementor-widget-heading\" data-id=\"d0b60de\" data-element_type=\"widget\" data-widget_type=\"heading.default\">\n\t\t\t\t<div class=\"elementor-widget-container\">\n\t\t\t<h2 class=\"elementor-heading-title elementor-size-default\">Politik der B\u00fcndnisfreiheit<\/h2>\t\t<\/div>\n\t\t\t\t<\/div>\n\t\t\t\t<div class=\"elementor-element elementor-element-da2ddb6 elementor-widget__width-auto elementor-widget elementor-widget-text-editor\" data-id=\"da2ddb6\" data-element_type=\"widget\" data-widget_type=\"text-editor.default\">\n\t\t\t\t<div class=\"elementor-widget-container\">\n\t\t\t\t\t\t\t<p>Das Prinzip des freien Marktes verlangt die Aufhebung lokaler politischer Massnahmen im Bereich des Ressourcenschutzes, sowie des Sozial- und Umweltschutzes. Die Politik der Gleichschaltung, die durch den Beitritt der meisten Nationen zur WTO forciert wird, erm\u00f6glicht die Schaffung niedrigster sozialer und \u00f6kologischer Standards und verhindert wirtschafts- und sozialpolitische Vielfalt.<\/p><p>Uniformisierung hat noch nie herausragende Leistungen hervorgebracht und die Entwicklung qualitativ hochstehender Produkte gef\u00f6rdert. <br \/>Die durch den Freihandel erzwungene Deregulierung muss unbedingt hinterfragt werden, denn die daraus entstehende globale Nivellierung und Vereinheitlichung der Produkte und Produktionsweisen f\u00fchrt in eine verheerende Sackgasse.<\/p><p>Die heutigen Wettbewerbsgesetze verhindern einen gesunden, fairen Wettbewerb. Sie sind die Ursache aller Missst\u00e4nde, die sie eigentlich bek\u00e4mpfen sollten, wie das Recht des St\u00e4rkeren und die Konzentration wirtschaftlicher Macht.<\/p><p>B\u00fcndnisfreiheit bedeutet, f\u00fcr die eigenen Standards einzustehen, <strong>die lokale Produktion zu unterst\u00fctzen,<\/strong> gem\u00e4ss den Prinzipien des fairen Handels als Wettbewerbsmassstab.<\/p>\t\t\t\t\t\t<\/div>\n\t\t\t\t<\/div>\n\t\t\t\t<div class=\"elementor-element elementor-element-5f2025f elementor-widget elementor-widget-heading\" data-id=\"5f2025f\" data-element_type=\"widget\" data-widget_type=\"heading.default\">\n\t\t\t\t<div class=\"elementor-widget-container\">\n\t\t\t<h2 class=\"elementor-heading-title elementor-size-default\">F\u00fcr einen fairen internationalen Handel<\/h2>\t\t<\/div>\n\t\t\t\t<\/div>\n\t\t\t\t<div class=\"elementor-element elementor-element-2f90a33 elementor-widget elementor-widget-text-editor\" data-id=\"2f90a33\" data-element_type=\"widget\" data-widget_type=\"text-editor.default\">\n\t\t\t\t<div class=\"elementor-widget-container\">\n\t\t\t\t\t\t\t<p>Die Einhaltung dieser Standards sollte durch Kontrollmechanismen garantiert, und unter der \u00c4gide der Welthandelsorganisation (WTO) durchgesetzt werden. Letztere verfolgt derzeit jedoch ausschliesslich eine Freihandels- und Deregulierungspolitik zugunsten der Grossm\u00e4chte. Eine reformierte WTO, die neue wirtschaftliche Priorit\u00e4ten setzt, w\u00fcrde gerechtere internationale Abkommen erm\u00f6glichen, die das Prinzip der nationalen Souver\u00e4nit\u00e4t gew\u00e4hrleisten.<\/p><p>Soziale und \u00f6kologische Standards d\u00fcrfen nicht l\u00e4nger der wirtschaftlichen Wettbewerbsf\u00e4higkeit geopfert werden, denn eine Wirtschaftspolitik, die sich dem Schutz von Arbeitnehmer und Umwelt verpflichtet, h\u00e4tte auch <strong>einen gesunden wirtschaftlichen Wettbewerb<\/strong> zur Folge.<\/p>\t\t\t\t\t\t<\/div>\n\t\t\t\t<\/div>\n\t\t\t\t<div class=\"elementor-element elementor-element-7653667 elementor-widget elementor-widget-heading\" data-id=\"7653667\" data-element_type=\"widget\" data-widget_type=\"heading.default\">\n\t\t\t\t<div class=\"elementor-widget-container\">\n\t\t\t<h2 class=\"elementor-heading-title elementor-size-default\">Gegen Wettbewerbsverzerrung<\/h2>\t\t<\/div>\n\t\t\t\t<\/div>\n\t\t\t\t<div class=\"elementor-element elementor-element-9c2324d elementor-widget elementor-widget-text-editor\" data-id=\"9c2324d\" data-element_type=\"widget\" data-widget_type=\"text-editor.default\">\n\t\t\t\t<div class=\"elementor-widget-container\">\n\t\t\t\t\t\t\t<p>Was bedeutet Wettbewerb? Wettbewerb ist die Situation, in der sich eine Person bzw. ein Unternehmen mit einer oder mehreren anderen Personen bzw. Unternehmen in Konkurrenz befindet, wobei entscheidend ist, dass sie eine etwa gleichwertige Dienstleistung oder ein etwa gleichwertiges Produkt zu einem \u00e4hnlichen Preis anbieten, und dabei einen gewissen Gewinn erzielen k\u00f6nnen.<\/p><p>Der freie Warenverkehr f\u00fchrt zu starken Wettbewerbsverzerrungen, und es bedarf einer regulierenden Macht, um den Handel wieder ins Gleichgewicht zu bringen. Zwar gibt es f\u00fcr die Produkte kaum noch Grenzen, die Produzentinnen und Produzenten sind aber weiterhin unterschiedlichen Produktionskosten, Umwelt- und Sozialstandards unterworfen.<\/p><p>Das schweizerische Recht kennt den \u00abunlauteren\u00bb Wettbewerb nur im Sinn von T\u00e4uschung und unwahren Angaben \u00fcber Waren. F\u00fcr die WTO liegt unlauterer Wettbewerb vor, wenn ein Produkt zu einem Preis exportiert wird, der unter den tats\u00e4chlichen bzw. \u00f6rtlichen Produktionskosten liegt. Insofern ist der Tatbestand des unlauteren Wettbewerbs selten erf\u00fcllt und kaum anfechtbar, denn die negativen Auswirkungen betreffen ausschliesslich Produktion und Handel des Importlandes.<\/p><p>Der Tatbestand der \u00abWettbewerbsverzerrung\u00bb aufgrund ungleicher Produktionsbedingungen wird nirgends in der Gesetzgebung erw\u00e4hnt, obwohl sie unserem wirtschaftlichen und sozialen Gef\u00fcge enormen Schaden zuf\u00fcgt. Die Volksinitiative \u00abF\u00fcr eine Wirtschaft, die allen n\u00fctzt\u00bb wollte diese Verzerrung korrigieren, indem sie die Einf\u00fchrung gezielter Massnahmen zum Schutz unserer einheimischen Wirtschaft in der Schweizer Bundesverfassung festschreiben wollte.<\/p>\t\t\t\t\t\t<\/div>\n\t\t\t\t<\/div>\n\t\t\t\t<div class=\"elementor-element elementor-element-9affd09 elementor-widget elementor-widget-heading\" data-id=\"9affd09\" data-element_type=\"widget\" data-widget_type=\"heading.default\">\n\t\t\t\t<div class=\"elementor-widget-container\">\n\t\t\t<h2 class=\"elementor-heading-title elementor-size-default\">Den lokalen Markt und das soziale Gef\u00fcge sch\u00fctzen<\/h2>\t\t<\/div>\n\t\t\t\t<\/div>\n\t\t\t\t<div class=\"elementor-element elementor-element-d88c79f elementor-widget elementor-widget-text-editor\" data-id=\"d88c79f\" data-element_type=\"widget\" data-widget_type=\"text-editor.default\">\n\t\t\t\t<div class=\"elementor-widget-container\">\n\t\t\t\t\t\t\t<p>F\u00fcr einen wirklich fairen Wettbewerb m\u00fcssen <strong>importierte Produkte die gleichen Standards erf\u00fcllen<\/strong> wie einheimische Produkte in Bezug auf Umwelt, Ressourcenschonung und Arbeitsbedingungen. Und diese Standards m\u00fcssen f\u00fcr die gesamte Produktionskette gelten: von der Auswahl und dem Abbau der Rohstoffe, \u00fcber Transport, Herstellung der Komponenten, Montage, Vertrieb usw.<\/p>\t\t\t\t\t\t<\/div>\n\t\t\t\t<\/div>\n\t\t\t\t<div class=\"elementor-element elementor-element-ad0353a elementor-widget elementor-widget-heading\" data-id=\"ad0353a\" data-element_type=\"widget\" data-widget_type=\"heading.default\">\n\t\t\t\t<div class=\"elementor-widget-container\">\n\t\t\t<h2 class=\"elementor-heading-title elementor-size-default\">Protektionismus \u2013 eine Politik der \u00d6ffnung<\/h2>\t\t<\/div>\n\t\t\t\t<\/div>\n\t\t\t\t<div class=\"elementor-element elementor-element-e5828ba elementor-widget elementor-widget-text-editor\" data-id=\"e5828ba\" data-element_type=\"widget\" data-widget_type=\"text-editor.default\">\n\t\t\t\t<div class=\"elementor-widget-container\">\n\t\t\t\t\t\t\t<p>Die Wiedererlangung des Rechts, seine lokale Produktion zu sch\u00fctzen, ist f\u00fcr jedes Land von grundlegender Bedeutung. Nur eine protektionistische Politik, die soziale und \u00f6kologische Standards ber\u00fccksichtigt, kann einen fairen und nachhaltigen Handel f\u00f6rdern.<\/p><p>Grenzabgaben sind nicht nur steuerliche, sondern auch wichtige ordnungspolitische Instrumente, um die heimische Produktion vor Wettbewerbsverzerrungen zu sch\u00fctzen. Sie erlauben die Anpassung der Mengeneinfuhr an die nationalen Bed\u00fcrfnisse und erm\u00f6glichen so einen fairen internationalen Handel unter gleichzeitiger Wahrung der Souver\u00e4nit\u00e4t der einzelnen L\u00e4nder.<\/p><p>Der Begriff \u00abProtektionismus\u00bb wurde zu Unrecht lange Zeit verteufelt. F\u00fcr den Schutz der lokalen Wirtschaft m\u00fcssen in einem \u00abfairen Wettbewerb\u00bb f\u00fcr Importe die gleichen Standards gelten wie f\u00fcr einheimische Produkte. Die Kriterien des fairen Handels m\u00fcssen f\u00fcr alle Produkte gelten, deshalb bedarf es einer Regulierung des Wettbewerbs durch Z\u00f6lle.<br \/>Ein Systemwechsel kann nur \u00fcber Gesetzes\u00e4nderungen und mit Druck der Zivilgesellschaft (und nicht der Konsumenten) erreicht werden. <\/p><p>Fordern wir also Gesetzes\u00e4nderungen <strong>f\u00fcr einen fairen Wettbewerb, der das lokale, soziale Gef\u00fcge sch\u00fctzt und unser Recht garantiert, in einer sauberen und nachhaltigen Umwelt zu leben.<\/strong><\/p>\t\t\t\t\t\t<\/div>\n\t\t\t\t<\/div>\n\t\t\t\t\t<\/div>\n\t\t<\/div>\n\t\t\t\t<div class=\"aux-parallax-section elementor-column elementor-col-33 elementor-top-column elementor-element elementor-element-41fa66d\" data-id=\"41fa66d\" data-element_type=\"column\">\n\t\t\t<div class=\"elementor-widget-wrap elementor-element-populated\">\n\t\t\t\t\t\t<div class=\"elementor-element elementor-element-02171fb elementor-widget__width-auto elementor-widget elementor-widget-text-editor\" data-id=\"02171fb\" data-element_type=\"widget\" data-widget_type=\"text-editor.default\">\n\t\t\t\t<div class=\"elementor-widget-container\">\n\t\t\t\t\t\t\t<h2>Unsere Vision:<\/h2>\n<p class=\"aux-modern-heading-primary\"><strong>&gt; <a href=\"https:\/\/www.la-vrille.ch\/de\/unsere-vision\/fairer-wettbewerb\/\">F\u00fcr einen fairen Wettbewerb<\/a><\/strong><\/p>\n<p class=\"aux-modern-heading-primary\"><strong>&gt; <a href=\"https:\/\/www.la-vrille.ch\/de\/unsere-vision\/freiheit\/\">Freiheit und Freihandel<\/a><\/strong><\/p>\n<p class=\"aux-modern-heading-primary\"><strong>&gt; <a href=\"https:\/\/www.la-vrille.ch\/de\/unsere-vision\/umwelt-ressourcen\/\">Umwelt sch\u00fctzen, Ressourcen schonen<\/a><\/strong><\/p>\n<p class=\"aux-modern-heading-primary\"><strong><span style=\"color: #808080;\">&lt; B\u00fcndnisfreiheit und Protektionismus<\/span><\/strong><\/p>\n<p class=\"aux-modern-heading-primary\"><strong>&gt; Das Buch: <\/strong><a href=\"https:\/\/www.la-vrille.ch\/de\/unsere-vision\/buch\/\"><strong>Der Freihandel auf dem Pr\u00fcfstand<\/strong><\/a><\/p>\n\t\t\t\t\t\t<\/div>\n\t\t\t\t<\/div>\n\t\t\t\t<div class=\"elementor-element elementor-element-b5de31d elementor-widget elementor-widget-sidebar\" data-id=\"b5de31d\" data-element_type=\"widget\" data-widget_type=\"sidebar.default\">\n\t\t\t\t<div class=\"elementor-widget-container\">\n\t\t\t<section id=\"block-20\" class=\" aux-open widget-container widget_block\"><\/section><section id=\"block-10\" class=\" aux-open widget-container widget_block widget_tag_cloud\"><p class=\"wp-block-tag-cloud\"><a href=\"https:\/\/www.la-vrille.ch\/de\/tag\/abfallentsorgung\/\" class=\"tag-cloud-link tag-link-56 tag-link-position-1\" style=\"font-size: 8pt;\" aria-label=\"Abfallentsorgung (1\u00a0Eintrag)\">Abfallentsorgung<\/a>\n<a href=\"https:\/\/www.la-vrille.ch\/de\/tag\/agrarpolitik\/\" class=\"tag-cloud-link tag-link-54 tag-link-position-2\" style=\"font-size: 15.857142857143pt;\" aria-label=\"Agrarpolitik (6\u00a0Eintr\u00e4ge)\">Agrarpolitik<\/a>\n<a href=\"https:\/\/www.la-vrille.ch\/de\/tag\/arbeitsplaetze\/\" class=\"tag-cloud-link tag-link-115 tag-link-position-3\" style=\"font-size: 8pt;\" aria-label=\"Arbeitspl\u00e4tze (1\u00a0Eintrag)\">Arbeitspl\u00e4tze<\/a>\n<a href=\"https:\/\/www.la-vrille.ch\/de\/tag\/bilaterales-iii-de\/\" class=\"tag-cloud-link tag-link-122 tag-link-position-4\" style=\"font-size: 8pt;\" aria-label=\"bilat\u00e9rales III (1\u00a0Eintrag)\">bilat\u00e9rales III<\/a>\n<a href=\"https:\/\/www.la-vrille.ch\/de\/tag\/buendnisfreiheit\/\" class=\"tag-cloud-link tag-link-79 tag-link-position-5\" style=\"font-size: 8pt;\" aria-label=\"B\u00fcndnisfreiheit (1\u00a0Eintrag)\">B\u00fcndnisfreiheit<\/a>\n<a href=\"https:\/\/www.la-vrille.ch\/de\/tag\/freihandel\/\" class=\"tag-cloud-link tag-link-88 tag-link-position-6\" style=\"font-size: 22pt;\" aria-label=\"Freihandel (18\u00a0Eintr\u00e4ge)\">Freihandel<\/a>\n<a href=\"https:\/\/www.la-vrille.ch\/de\/tag\/innovation-de\/\" class=\"tag-cloud-link tag-link-116 tag-link-position-7\" style=\"font-size: 8pt;\" aria-label=\"Innovation (1\u00a0Eintrag)\">Innovation<\/a>\n<a href=\"https:\/\/www.la-vrille.ch\/de\/tag\/know-how\/\" class=\"tag-cloud-link tag-link-75 tag-link-position-8\" style=\"font-size: 13.714285714286pt;\" aria-label=\"Know-How (4\u00a0Eintr\u00e4ge)\">Know-How<\/a>\n<a href=\"https:\/\/www.la-vrille.ch\/de\/tag\/konkurrenzverzerrung\/\" class=\"tag-cloud-link tag-link-91 tag-link-position-9\" style=\"font-size: 19.142857142857pt;\" aria-label=\"Konkurrenz-Verzerrung (11\u00a0Eintr\u00e4ge)\">Konkurrenz-Verzerrung<\/a>\n<a href=\"https:\/\/www.la-vrille.ch\/de\/tag\/mercosur-de\/\" class=\"tag-cloud-link tag-link-117 tag-link-position-10\" style=\"font-size: 13.714285714286pt;\" aria-label=\"Mercosur (4\u00a0Eintr\u00e4ge)\">Mercosur<\/a>\n<a href=\"https:\/\/www.la-vrille.ch\/de\/tag\/nachhaltigkeit\/\" class=\"tag-cloud-link tag-link-81 tag-link-position-11\" style=\"font-size: 18pt;\" aria-label=\"Nachhaltigkeit (9\u00a0Eintr\u00e4ge)\">Nachhaltigkeit<\/a>\n<a href=\"https:\/\/www.la-vrille.ch\/de\/tag\/protektionismus\/\" class=\"tag-cloud-link tag-link-60 tag-link-position-12\" style=\"font-size: 17.285714285714pt;\" aria-label=\"Protektionismus (8\u00a0Eintr\u00e4ge)\">Protektionismus<\/a>\n<a href=\"https:\/\/www.la-vrille.ch\/de\/tag\/ressourcen\/\" class=\"tag-cloud-link tag-link-77 tag-link-position-13\" style=\"font-size: 19.571428571429pt;\" aria-label=\"Ressourcen (12\u00a0Eintr\u00e4ge)\">Ressourcen<\/a>\n<a href=\"https:\/\/www.la-vrille.ch\/de\/tag\/souveraenitaet\/\" class=\"tag-cloud-link tag-link-120 tag-link-position-14\" style=\"font-size: 14.857142857143pt;\" aria-label=\"Souver\u00e4nit\u00e4t (5\u00a0Eintr\u00e4ge)\">Souver\u00e4nit\u00e4t<\/a>\n<a href=\"https:\/\/www.la-vrille.ch\/de\/tag\/sozialgefuege\/\" class=\"tag-cloud-link tag-link-62 tag-link-position-15\" style=\"font-size: 17.285714285714pt;\" aria-label=\"Soziales Gef\u00fcge (8\u00a0Eintr\u00e4ge)\">Soziales Gef\u00fcge<\/a>\n<a href=\"https:\/\/www.la-vrille.ch\/de\/tag\/umwelt\/\" class=\"tag-cloud-link tag-link-58 tag-link-position-16\" style=\"font-size: 18pt;\" aria-label=\"Umwelt (9\u00a0Eintr\u00e4ge)\">Umwelt<\/a>\n<a href=\"https:\/\/www.la-vrille.ch\/de\/tag\/wirtschaft\/\" class=\"tag-cloud-link tag-link-64 tag-link-position-17\" style=\"font-size: 15.857142857143pt;\" aria-label=\"Wirtschaft (6\u00a0Eintr\u00e4ge)\">Wirtschaft<\/a><\/p><\/section>\t\t<\/div>\n\t\t\t\t<\/div>\n\t\t\t\t\t<\/div>\n\t\t<\/div>\n\t\t\t\t\t<\/div>\n\t\t<\/section>\n\t\t\t\t<section class=\"elementor-section elementor-top-section elementor-element elementor-element-d536879 elementor-section-boxed elementor-section-height-default elementor-section-height-default\" data-id=\"d536879\" data-element_type=\"section\">\n\t\t\t\t\t\t<div class=\"elementor-container elementor-column-gap-default\">\n\t\t\t\t\t<div class=\"aux-parallax-section elementor-column elementor-col-100 elementor-top-column elementor-element elementor-element-65073fc\" data-id=\"65073fc\" data-element_type=\"column\">\n\t\t\t<div class=\"elementor-widget-wrap\">\n\t\t\t\t\t\t\t<\/div>\n\t\t<\/div>\n\t\t\t\t\t<\/div>\n\t\t<\/section>\n\t\t\t\t<\/div>\n\t\t","protected":false},"excerpt":{"rendered":"<p>B\u00fcndnisfreiheit und Protektionismus Unsere aktuelle Wirtschaftspolitik generiert absurde Praktiken, die die Wettbewerbsverzerrung geradezu f\u00f6rdern. Der Freihandel zwingt die Unternehmen dazu, immer wieder neue Produkte zu erfinden, was zu einem hemmungslosen Verbrauch von Ressourcen, zu Verschwendung und zur Verschmutzung der Umwelt f\u00fchrt. Es ist an der Zeit, unsere wirtschaftlichen Priorit\u00e4ten zu \u00fcberdenken und einen nachhaltigeren Ansatz [&hellip;]<\/p>\n","protected":false},"author":3,"featured_media":0,"parent":33462,"menu_order":3,"comment_status":"closed","ping_status":"closed","template":"","meta":{"_acf_changed":false,"inline_featured_image":false,"footnotes":""},"class_list":["post-33442","page","type-page","status-publish","hentry"],"acf":[],"_links":{"self":[{"href":"https:\/\/www.la-vrille.ch\/de\/wp-json\/wp\/v2\/pages\/33442","targetHints":{"allow":["GET"]}}],"collection":[{"href":"https:\/\/www.la-vrille.ch\/de\/wp-json\/wp\/v2\/pages"}],"about":[{"href":"https:\/\/www.la-vrille.ch\/de\/wp-json\/wp\/v2\/types\/page"}],"author":[{"embeddable":true,"href":"https:\/\/www.la-vrille.ch\/de\/wp-json\/wp\/v2\/users\/3"}],"replies":[{"embeddable":true,"href":"https:\/\/www.la-vrille.ch\/de\/wp-json\/wp\/v2\/comments?post=33442"}],"version-history":[{"count":59,"href":"https:\/\/www.la-vrille.ch\/de\/wp-json\/wp\/v2\/pages\/33442\/revisions"}],"predecessor-version":[{"id":33783,"href":"https:\/\/www.la-vrille.ch\/de\/wp-json\/wp\/v2\/pages\/33442\/revisions\/33783"}],"up":[{"embeddable":true,"href":"https:\/\/www.la-vrille.ch\/de\/wp-json\/wp\/v2\/pages\/33462"}],"wp:attachment":[{"href":"https:\/\/www.la-vrille.ch\/de\/wp-json\/wp\/v2\/media?parent=33442"}],"curies":[{"name":"wp","href":"https:\/\/api.w.org\/{rel}","templated":true}]}}