{"id":33462,"date":"2023-11-21T15:24:40","date_gmt":"2023-11-21T14:24:40","guid":{"rendered":"https:\/\/www.la-vrille.ch\/vision-2\/"},"modified":"2025-12-13T17:01:18","modified_gmt":"2025-12-13T16:01:18","slug":"unsere-vision","status":"publish","type":"page","link":"https:\/\/www.la-vrille.ch\/de\/unsere-vision\/","title":{"rendered":"Unsere Vision"},"content":{"rendered":"\t\t<div data-elementor-type=\"wp-page\" data-elementor-id=\"33462\" class=\"elementor elementor-33462 elementor-31175\" data-elementor-post-type=\"page\">\n\t\t\t\t\t\t<section class=\"elementor-section elementor-top-section elementor-element elementor-element-eb982d8 elementor-section-stretched elementor-section-boxed elementor-section-height-default elementor-section-height-default\" data-id=\"eb982d8\" data-element_type=\"section\" data-settings=\"{&quot;background_background&quot;:&quot;classic&quot;,&quot;stretch_section&quot;:&quot;section-stretched&quot;}\">\n\t\t\t\t\t\t<div class=\"elementor-container elementor-column-gap-default\">\n\t\t\t\t\t<div class=\"aux-parallax-section elementor-column elementor-col-100 elementor-top-column elementor-element elementor-element-9dc9807\" data-id=\"9dc9807\" data-element_type=\"column\" data-settings=\"{&quot;background_background&quot;:&quot;classic&quot;}\">\n\t\t\t<div class=\"elementor-widget-wrap elementor-element-populated\">\n\t\t\t\t\t\t<div class=\"elementor-element elementor-element-7dac441 elementor-widget elementor-widget-aux_modern_heading\" data-id=\"7dac441\" data-element_type=\"widget\" data-widget_type=\"aux_modern_heading.default\">\n\t\t\t\t<div class=\"elementor-widget-container\">\n\t\t\t<section class=\"aux-widget-modern-heading\">\n            <div class=\"aux-widget-inner\"><h2 class=\"aux-modern-heading-primary\">Unsere Vision<\/h2><div class=\"aux-modern-heading-divider\"><\/div><div class=\"aux-modern-heading-description\"><p>F\u00fcr eine umweltfreundliche Wirtschaft.<\/p><\/div><\/div>\n        <\/section>\t\t<\/div>\n\t\t\t\t<\/div>\n\t\t\t\t<div class=\"elementor-element elementor-element-ece9553 elementor-absolute elementor-widget elementor-widget-image\" data-id=\"ece9553\" data-element_type=\"widget\" data-settings=\"{&quot;_position&quot;:&quot;absolute&quot;}\" data-widget_type=\"image.default\">\n\t\t\t\t<div class=\"elementor-widget-container\">\n\t\t\t\t\t\t\t\t\t\t\t\t\t<img decoding=\"async\" width=\"1\" height=\"1\" src=\"https:\/\/www.la-vrille.ch\/wp-content\/uploads\/2023\/10\/Groupe-1271-1.svg\" class=\"attachment-full size-full wp-image-30439\" alt=\"\" \/>\t\t\t\t\t\t\t\t\t\t\t\t\t<\/div>\n\t\t\t\t<\/div>\n\t\t\t\t\t<\/div>\n\t\t<\/div>\n\t\t\t\t\t<\/div>\n\t\t<\/section>\n\t\t\t\t<section class=\"elementor-section elementor-top-section elementor-element elementor-element-4075e8f elementor-section-boxed elementor-section-height-default elementor-section-height-default\" data-id=\"4075e8f\" data-element_type=\"section\">\n\t\t\t\t\t\t\t<div class=\"elementor-background-overlay\"><\/div>\n\t\t\t\t\t\t\t<div class=\"elementor-container elementor-column-gap-default\">\n\t\t\t\t\t<div class=\"aux-parallax-section elementor-column elementor-col-50 elementor-top-column elementor-element elementor-element-4fe9527\" data-id=\"4fe9527\" data-element_type=\"column\">\n\t\t\t<div class=\"elementor-widget-wrap elementor-element-populated\">\n\t\t\t\t\t\t<div class=\"elementor-element elementor-element-c06eeb4 aux-appear-watch-animation aux-fade-in-up elementor-widget elementor-widget-aux_modern_heading\" data-id=\"c06eeb4\" data-element_type=\"widget\" data-widget_type=\"aux_modern_heading.default\">\n\t\t\t\t<div class=\"elementor-widget-container\">\n\t\t\t<section class=\"aux-widget-modern-heading\">\n            <div class=\"aux-widget-inner\"><a href=\"https:\/\/www.la-vrille.ch\/de\/unsere-vision\/fairer-wettbewerb\/\" class=\"aux-modern-heading-primary-link\"><h2 class=\"aux-modern-heading-primary\">F\u00fcr einen fairen Wettbewerb<\/h2><\/a><div class=\"aux-modern-heading-description\"><p class=\"western\"><span lang=\"de-CH\">Um den Welthandel wirklich nachhaltig und gerecht zu gestalten, braucht es die Garantie eines fairen Wettbewerbs, in dem alle Akteure den gleichen Regeln unterworfen sind. <\/span><\/p><p class=\"western\"><span lang=\"de-CH\">Eine entsprechende Regulierung des internationalen Handels l\u00e4sst sich nur durch protektionistische Massnahmen erreichen, deren Ziel eine Wirtschaft ist, welche die <strong>sozialen, kulturellen und \u00f6kologischen Rechte aller ber\u00fccksichtigt.<\/strong><\/span><\/p><\/div><\/div>\n        <\/section>\t\t<\/div>\n\t\t\t\t<\/div>\n\t\t\t\t<div class=\"elementor-element elementor-element-7a9b66a elementor-widget elementor-widget-button\" data-id=\"7a9b66a\" data-element_type=\"widget\" data-widget_type=\"button.default\">\n\t\t\t\t<div class=\"elementor-widget-container\">\n\t\t\t\t\t<div class=\"elementor-button-wrapper\">\n\t\t\t<a class=\"elementor-button elementor-button-link elementor-size-sm\" href=\"https:\/\/www.la-vrille.ch\/de\/unsere-vision\/fairer-wettbewerb\/\">\n\t\t\t\t\t\t<span class=\"elementor-button-content-wrapper\">\n\t\t\t\t\t\t\t\t\t<span class=\"elementor-button-text\">Mehr<\/span>\n\t\t\t\t\t<\/span>\n\t\t\t\t\t<\/a>\n\t\t<\/div>\n\t\t\t\t<\/div>\n\t\t\t\t<\/div>\n\t\t\t\t\t<\/div>\n\t\t<\/div>\n\t\t\t\t<div class=\"aux-parallax-section elementor-column elementor-col-50 elementor-top-column elementor-element elementor-element-c58939d\" data-id=\"c58939d\" data-element_type=\"column\">\n\t\t\t<div class=\"elementor-widget-wrap elementor-element-populated\">\n\t\t\t\t\t\t<div class=\"elementor-element elementor-element-99b4ada aux-appear-watch-animation aux-fade-in-up elementor-widget elementor-widget-aux_modern_heading\" data-id=\"99b4ada\" data-element_type=\"widget\" data-widget_type=\"aux_modern_heading.default\">\n\t\t\t\t<div class=\"elementor-widget-container\">\n\t\t\t<section class=\"aux-widget-modern-heading\">\n            <div class=\"aux-widget-inner\"><a href=\"https:\/\/www.la-vrille.ch\/de\/unsere-vision\/freiheit\/\" class=\"aux-modern-heading-primary-link\"><h2 class=\"aux-modern-heading-primary\">Freiheit und Freihandel<\/h2><\/a><div class=\"aux-modern-heading-description\"><p class=\"western\"><span lang=\"de-CH\">Es gibt keine Freiheit ohne Gewissen, ohne Verantwortung, und ohne Achtung des Gemeinwohls. Der Freihandel verkauft uns indessen eine verzerrte Vorstellung von Freiheit, n\u00e4mlich die Freiheit zu konsumieren, ohne R\u00fccksicht auf Umwelt und Volksrechte. <\/span><\/p><p class=\"western\"><span lang=\"de-CH\">Der Fokus auf die individuelle Freiheit zu konsumieren, verschleiert den Verlust unserer Grundfreiheit, kollektiv zu entscheiden, und vor allem den Verlust der staatlichen Souver\u00e4nit\u00e4t gegen\u00fcber den multinationalen Konzernen. Wir m\u00fcssen die Kontrolle \u00fcber die Wirtschaft zur\u00fcckgewinnen, damit diese wieder zu ihrer urspr\u00fcnglichen Aufgabe zur\u00fcckfinden kann: n\u00e4mlich <strong>b\u00fcrgernah und sozialvertr\u00e4glich die Bed\u00fcrfnisse aller Menschen zu befriedigen.<\/strong><\/span><\/p><\/div><\/div>\n        <\/section>\t\t<\/div>\n\t\t\t\t<\/div>\n\t\t\t\t<div class=\"elementor-element elementor-element-b8579e1 elementor-widget elementor-widget-button\" data-id=\"b8579e1\" data-element_type=\"widget\" data-widget_type=\"button.default\">\n\t\t\t\t<div class=\"elementor-widget-container\">\n\t\t\t\t\t<div class=\"elementor-button-wrapper\">\n\t\t\t<a class=\"elementor-button elementor-button-link elementor-size-sm\" href=\"https:\/\/www.la-vrille.ch\/de\/unsere-vision\/freiheit\/\">\n\t\t\t\t\t\t<span class=\"elementor-button-content-wrapper\">\n\t\t\t\t\t\t\t\t\t<span class=\"elementor-button-text\">Mehr<\/span>\n\t\t\t\t\t<\/span>\n\t\t\t\t\t<\/a>\n\t\t<\/div>\n\t\t\t\t<\/div>\n\t\t\t\t<\/div>\n\t\t\t\t\t<\/div>\n\t\t<\/div>\n\t\t\t\t\t<\/div>\n\t\t<\/section>\n\t\t\t\t<section class=\"elementor-section elementor-top-section elementor-element elementor-element-d0e9184 elementor-section-boxed elementor-section-height-default elementor-section-height-default\" data-id=\"d0e9184\" data-element_type=\"section\">\n\t\t\t\t\t\t\t<div class=\"elementor-background-overlay\"><\/div>\n\t\t\t\t\t\t\t<div class=\"elementor-container elementor-column-gap-default\">\n\t\t\t\t\t<div class=\"aux-parallax-section elementor-column elementor-col-50 elementor-top-column elementor-element elementor-element-8bab2e5\" data-id=\"8bab2e5\" data-element_type=\"column\">\n\t\t\t<div class=\"elementor-widget-wrap elementor-element-populated\">\n\t\t\t\t\t\t<div class=\"elementor-element elementor-element-63bc704 aux-appear-watch-animation aux-fade-in-up elementor-widget elementor-widget-aux_modern_heading\" data-id=\"63bc704\" data-element_type=\"widget\" data-widget_type=\"aux_modern_heading.default\">\n\t\t\t\t<div class=\"elementor-widget-container\">\n\t\t\t<section class=\"aux-widget-modern-heading\">\n            <div class=\"aux-widget-inner\"><a href=\"https:\/\/www.la-vrille.ch\/de\/unsere-vision\/umwelt-ressourcen\/\" class=\"aux-modern-heading-primary-link\"><h2 class=\"aux-modern-heading-primary\">Umwelt sch\u00fctzen, Ressourcen schonen<\/h2><\/a><div class=\"aux-modern-heading-description\"><p>Der Freihandel verschafft uns Zugang zu Konsumg\u00fctern zu extrem tiefen Preisen, die weit unter dem Niveau von unserer tats\u00e4chlichen Kaufkraft stehen. Eine solche Politik der Konsumf\u00f6rderung f\u00fchrt zur Ersch\u00f6pfung der Ressourcen und zerst\u00f6rt die nat\u00fcrliche und soziale Umwelt.<\/p><p>Der einzige Weg, diesem Trend Einhalt zu gebieten, ist <strong>die Wirtschaft so zu regulieren, dass sie auf echter Nachhaltigkeit beruht<\/strong>: die Produkte sollen reparierbar und wiederverwertbar sein, sowie lokal hergestellt werden. Die Ressourcen sollen sparsam genutzt und die Umwelt minimal belastet werden.<\/p><\/div><\/div>\n        <\/section>\t\t<\/div>\n\t\t\t\t<\/div>\n\t\t\t\t<div class=\"elementor-element elementor-element-d6c45a7 elementor-align-left elementor-widget elementor-widget-button\" data-id=\"d6c45a7\" data-element_type=\"widget\" data-widget_type=\"button.default\">\n\t\t\t\t<div class=\"elementor-widget-container\">\n\t\t\t\t\t<div class=\"elementor-button-wrapper\">\n\t\t\t<a class=\"elementor-button elementor-button-link elementor-size-sm\" href=\"https:\/\/www.la-vrille.ch\/de\/unsere-vision\/umwelt-ressourcen\/\">\n\t\t\t\t\t\t<span class=\"elementor-button-content-wrapper\">\n\t\t\t\t\t\t\t\t\t<span class=\"elementor-button-text\">Mehr<\/span>\n\t\t\t\t\t<\/span>\n\t\t\t\t\t<\/a>\n\t\t<\/div>\n\t\t\t\t<\/div>\n\t\t\t\t<\/div>\n\t\t\t\t\t<\/div>\n\t\t<\/div>\n\t\t\t\t<div class=\"aux-parallax-section elementor-column elementor-col-50 elementor-top-column elementor-element elementor-element-37ad168\" data-id=\"37ad168\" data-element_type=\"column\">\n\t\t\t<div class=\"elementor-widget-wrap elementor-element-populated\">\n\t\t\t\t\t\t<div class=\"elementor-element elementor-element-3b62f57 aux-appear-watch-animation aux-fade-in-up elementor-widget elementor-widget-aux_modern_heading\" data-id=\"3b62f57\" data-element_type=\"widget\" data-widget_type=\"aux_modern_heading.default\">\n\t\t\t\t<div class=\"elementor-widget-container\">\n\t\t\t<section class=\"aux-widget-modern-heading\">\n            <div class=\"aux-widget-inner\"><a href=\"https:\/\/www.la-vrille.ch\/de\/unsere-vision\/protektionismus\/\" class=\"aux-modern-heading-primary-link\"><h2 class=\"aux-modern-heading-primary\">B\u00fcndnisfreiheit und Protektionismus<\/h2><\/a><div class=\"aux-modern-heading-description\"><p>Einzig eine Politik der B\u00fcndnisfreiheit auf internationaler Ebene und ein aufgekl\u00e4rter Protektionismus auf nationaler Ebene sind in der Lage, die Ausw\u00fcchse des Freihandels zu bek\u00e4mpfen. Auf internationaler Ebene braucht es eine WTO, die einen handelspolitischen Rahmen durchsetzt und garantiert, der die Entscheidungen der einzelnen Nationen vollumf\u00e4nglich respektiert. Handelspolitische Vielfalt f\u00f6rdert Entwicklung und Innovation.<\/p><p>Auf nationaler Ebene m\u00fcssen technische und soziale Standards den Nachhaltigkeitskriterien gehorchen. Die Einf\u00fchrung von Z\u00f6llen verhindert die Wettbewerbsverzerrungen und sch\u00fctzt sowohl unsere Normen als auch die lokale Wirtschaft. Wir m\u00fcssen Gesetzes\u00e4nderungen fordern, die einen fairen Wettbewerb und unser Recht, in einer intakten nat\u00fcrlichen und sozialen Umwelt zu leben, garantieren. <strong>Ohne Protektionismus ist kein fairer Handel m\u00f6glich!<\/strong><\/p><\/div><\/div>\n        <\/section>\t\t<\/div>\n\t\t\t\t<\/div>\n\t\t\t\t<div class=\"elementor-element elementor-element-23cfa5d elementor-align-left elementor-widget elementor-widget-button\" data-id=\"23cfa5d\" data-element_type=\"widget\" data-widget_type=\"button.default\">\n\t\t\t\t<div class=\"elementor-widget-container\">\n\t\t\t\t\t<div class=\"elementor-button-wrapper\">\n\t\t\t<a class=\"elementor-button elementor-button-link elementor-size-sm\" href=\"https:\/\/www.la-vrille.ch\/de\/unsere-vision\/protektionismus\/\">\n\t\t\t\t\t\t<span class=\"elementor-button-content-wrapper\">\n\t\t\t\t\t\t\t\t\t<span class=\"elementor-button-text\">Mehr<\/span>\n\t\t\t\t\t<\/span>\n\t\t\t\t\t<\/a>\n\t\t<\/div>\n\t\t\t\t<\/div>\n\t\t\t\t<\/div>\n\t\t\t\t\t<\/div>\n\t\t<\/div>\n\t\t\t\t\t<\/div>\n\t\t<\/section>\n\t\t\t\t<section class=\"elementor-section elementor-top-section elementor-element elementor-element-c5e60ad elementor-section-content-middle elementor-section-stretched elementor-section-boxed elementor-section-height-default elementor-section-height-default\" data-id=\"c5e60ad\" data-element_type=\"section\" data-settings=\"{&quot;stretch_section&quot;:&quot;section-stretched&quot;}\">\n\t\t\t\t\t\t<div class=\"elementor-container elementor-column-gap-default\">\n\t\t\t\t\t<div class=\"aux-parallax-section elementor-column elementor-col-33 elementor-top-column elementor-element elementor-element-ce5724f\" data-id=\"ce5724f\" data-element_type=\"column\">\n\t\t\t<div class=\"elementor-widget-wrap elementor-element-populated\">\n\t\t\t\t\t\t<div class=\"elementor-element elementor-element-50db92b aux-appear-watch-animation aux-fade-in-left elementor-widget elementor-widget-aux_image\" data-id=\"50db92b\" data-element_type=\"widget\" data-widget_type=\"aux_image.default\">\n\t\t\t\t<div class=\"elementor-widget-container\">\n\t\t\t<section class=\"widget-container aux-widget-image aux-alignnone aux-parent-auaaacddbb\">\n    <div class=\"aux-media-hint-frame \">\n        <div class=\"aux-media-image \" >\n        \n            \n\n            \n            <img fetchpriority=\"high\" decoding=\"async\" width=\"848\" height=\"1200\" src=\"https:\/\/www.la-vrille.ch\/wp-content\/uploads\/2023\/11\/LibreEchangeCouverture-web.jpg\" class=\"aux-attachment aux-featured-image aux-attachment-id-31111\" alt=\"LibreEchangeCouverture-web\" data-ratio=\"0.71\" data-original-w=\"848\" \/>            \n                <\/div>\n    <\/div>\n\n<\/section><!-- widget-container -->\t\t<\/div>\n\t\t\t\t<\/div>\n\t\t\t\t\t<\/div>\n\t\t<\/div>\n\t\t\t\t<div class=\"aux-parallax-section elementor-column elementor-col-66 elementor-top-column elementor-element elementor-element-cc68bca aux-appear-watch-animation aux-fade-in-right\" data-id=\"cc68bca\" data-element_type=\"column\" data-settings=\"{&quot;background_background&quot;:&quot;classic&quot;}\">\n\t\t\t<div class=\"elementor-widget-wrap elementor-element-populated\">\n\t\t\t\t\t<div class=\"elementor-background-overlay\"><\/div>\n\t\t\t\t\t\t<div class=\"elementor-element elementor-element-3a22954 aux-appear-watch-animation aux-fade-in-up elementor-widget elementor-widget-aux_modern_heading\" data-id=\"3a22954\" data-element_type=\"widget\" data-widget_type=\"aux_modern_heading.default\">\n\t\t\t\t<div class=\"elementor-widget-container\">\n\t\t\t<section class=\"aux-widget-modern-heading\">\n            <div class=\"aux-widget-inner\"><h2 class=\"aux-modern-heading-primary\">Der Freihandel auf dem Pr\u00fcfstand<\/h2><div class=\"aux-modern-heading-description\"><p class=\"western\"><span lang=\"de-CH\">Ziel dieses Buches ist, die Kehrseite der Medaille zu beleuchten und aufzuzeigen, inwiefern Freihandelsabkommen f\u00fcr die Umweltzerst\u00f6rung mitverantwortlich sind und dass sie den Sozialpakt ersch\u00fcttern und die Souver\u00e4nit\u00e4t der V\u00f6lker missachten. Damit werden auch demokratische Prozesse umgangen, soziale und \u00f6kologische Gerechtigkeit verhindert sowie umweltsch\u00e4dliche Produktionsweisen und Konsumismus gef\u00f6rdert. Vielf\u00e4ltige lokale Aktivit\u00e4ten und Wirtschaftsmodelle werden so untergraben.<\/span><\/p><p class=\"western\"><span lang=\"de-CH\">Es sollen aber auch neue Hoffnungen geweckt werden. Sich dem Freihandel zu widersetzen, bedeutet <strong>f\u00fcr Offenheit und fairen Handel zwischen souver\u00e4nen V\u00f6lkern<\/strong> einzustehen.<\/span><\/p><\/div><\/div>\n        <\/section>\t\t<\/div>\n\t\t\t\t<\/div>\n\t\t\t\t<div class=\"elementor-element elementor-element-ec9b003 elementor-align-left elementor-widget elementor-widget-button\" data-id=\"ec9b003\" data-element_type=\"widget\" data-widget_type=\"button.default\">\n\t\t\t\t<div class=\"elementor-widget-container\">\n\t\t\t\t\t<div class=\"elementor-button-wrapper\">\n\t\t\t<a class=\"elementor-button elementor-button-link elementor-size-sm\" href=\"https:\/\/www.la-vrille.ch\/de\/unsere-vision\/buch\/\">\n\t\t\t\t\t\t<span class=\"elementor-button-content-wrapper\">\n\t\t\t\t\t\t\t\t\t<span class=\"elementor-button-text\">\u00dcber das Buch<\/span>\n\t\t\t\t\t<\/span>\n\t\t\t\t\t<\/a>\n\t\t<\/div>\n\t\t\t\t<\/div>\n\t\t\t\t<\/div>\n\t\t\t\t<div class=\"elementor-element elementor-element-3cdd207 elementor-align-left elementor-widget elementor-widget-button\" data-id=\"3cdd207\" data-element_type=\"widget\" data-widget_type=\"button.default\">\n\t\t\t\t<div class=\"elementor-widget-container\">\n\t\t\t\t\t<div class=\"elementor-button-wrapper\">\n\t\t\t<a class=\"elementor-button elementor-button-link elementor-size-sm\" href=\"https:\/\/www.la-vrille.ch\/de\/unsere-vision\/buch\/#commande\">\n\t\t\t\t\t\t<span class=\"elementor-button-content-wrapper\">\n\t\t\t\t\t\t\t\t\t<span class=\"elementor-button-text\">Buch bestellen<\/span>\n\t\t\t\t\t<\/span>\n\t\t\t\t\t<\/a>\n\t\t<\/div>\n\t\t\t\t<\/div>\n\t\t\t\t<\/div>\n\t\t\t\t<div class=\"elementor-element elementor-element-d365e34 elementor-align-left elementor-widget elementor-widget-button\" data-id=\"d365e34\" data-element_type=\"widget\" data-widget_type=\"button.default\">\n\t\t\t\t<div class=\"elementor-widget-container\">\n\t\t\t\t\t<div class=\"elementor-button-wrapper\">\n\t\t\t<a class=\"elementor-button elementor-button-link elementor-size-sm\" href=\"https:\/\/www.la-vrille.ch\/de\/10antworten-10-unbequeme-fragen\/\">\n\t\t\t\t\t\t<span class=\"elementor-button-content-wrapper\">\n\t\t\t\t\t\t\t\t\t<span class=\"elementor-button-text\">10 Antworten auf 10 unbequeme Fragen<\/span>\n\t\t\t\t\t<\/span>\n\t\t\t\t\t<\/a>\n\t\t<\/div>\n\t\t\t\t<\/div>\n\t\t\t\t<\/div>\n\t\t\t\t\t<\/div>\n\t\t<\/div>\n\t\t\t\t\t<\/div>\n\t\t<\/section>\n\t\t\t\t<section class=\"elementor-section elementor-top-section elementor-element elementor-element-ec1e03c elementor-section-boxed elementor-section-height-default elementor-section-height-default\" data-id=\"ec1e03c\" data-element_type=\"section\">\n\t\t\t\t\t\t<div class=\"elementor-container elementor-column-gap-default\">\n\t\t\t\t\t<div class=\"aux-parallax-section elementor-column elementor-col-100 elementor-top-column elementor-element elementor-element-3fc1f4f\" data-id=\"3fc1f4f\" data-element_type=\"column\">\n\t\t\t<div class=\"elementor-widget-wrap\">\n\t\t\t\t\t\t\t<\/div>\n\t\t<\/div>\n\t\t\t\t\t<\/div>\n\t\t<\/section>\n\t\t\t\t<\/div>\n\t\t","protected":false},"excerpt":{"rendered":"<p>Unsere Vision F\u00fcr eine umweltfreundliche Wirtschaft. F\u00fcr einen fairen Wettbewerb Um den Welthandel wirklich nachhaltig und gerecht zu gestalten, braucht es die Garantie eines fairen Wettbewerbs, in dem alle Akteure den gleichen Regeln unterworfen sind. Eine entsprechende Regulierung des internationalen Handels l\u00e4sst sich nur durch protektionistische Massnahmen erreichen, deren Ziel eine Wirtschaft ist, welche die [&hellip;]<\/p>\n","protected":false},"author":3,"featured_media":0,"parent":0,"menu_order":0,"comment_status":"closed","ping_status":"closed","template":"","meta":{"_acf_changed":false,"inline_featured_image":false,"footnotes":""},"class_list":["post-33462","page","type-page","status-publish","hentry"],"acf":[],"_links":{"self":[{"href":"https:\/\/www.la-vrille.ch\/de\/wp-json\/wp\/v2\/pages\/33462","targetHints":{"allow":["GET"]}}],"collection":[{"href":"https:\/\/www.la-vrille.ch\/de\/wp-json\/wp\/v2\/pages"}],"about":[{"href":"https:\/\/www.la-vrille.ch\/de\/wp-json\/wp\/v2\/types\/page"}],"author":[{"embeddable":true,"href":"https:\/\/www.la-vrille.ch\/de\/wp-json\/wp\/v2\/users\/3"}],"replies":[{"embeddable":true,"href":"https:\/\/www.la-vrille.ch\/de\/wp-json\/wp\/v2\/comments?post=33462"}],"version-history":[{"count":43,"href":"https:\/\/www.la-vrille.ch\/de\/wp-json\/wp\/v2\/pages\/33462\/revisions"}],"predecessor-version":[{"id":34219,"href":"https:\/\/www.la-vrille.ch\/de\/wp-json\/wp\/v2\/pages\/33462\/revisions\/34219"}],"wp:attachment":[{"href":"https:\/\/www.la-vrille.ch\/de\/wp-json\/wp\/v2\/media?parent=33462"}],"curies":[{"name":"wp","href":"https:\/\/api.w.org\/{rel}","templated":true}]}}