{"id":33494,"date":"2024-02-26T12:40:30","date_gmt":"2024-02-26T11:40:30","guid":{"rendered":"https:\/\/www.la-vrille.ch\/unsere-vision\/libre-echange-en-cause\/"},"modified":"2025-09-24T20:02:17","modified_gmt":"2025-09-24T18:02:17","slug":"buch","status":"publish","type":"page","link":"https:\/\/www.la-vrille.ch\/de\/unsere-vision\/buch\/","title":{"rendered":"Das Buch: Der Freihandel auf dem Pr\u00fcfstand"},"content":{"rendered":"\t\t<div data-elementor-type=\"wp-post\" data-elementor-id=\"33494\" class=\"elementor elementor-33494 elementor-31829\" data-elementor-post-type=\"page\">\n\t\t\t\t\t\t<section class=\"elementor-section elementor-top-section elementor-element elementor-element-eae8d3a elementor-section-boxed elementor-section-height-default elementor-section-height-default\" data-id=\"eae8d3a\" data-element_type=\"section\">\n\t\t\t\t\t\t<div class=\"elementor-container elementor-column-gap-default\">\n\t\t\t\t\t<div class=\"aux-parallax-section elementor-column elementor-col-100 elementor-top-column elementor-element elementor-element-1c6b13a\" data-id=\"1c6b13a\" data-element_type=\"column\">\n\t\t\t<div class=\"elementor-widget-wrap elementor-element-populated\">\n\t\t\t\t\t\t<div class=\"elementor-element elementor-element-18eb8d4 elementor-widget elementor-widget-aux_modern_heading\" data-id=\"18eb8d4\" data-element_type=\"widget\" data-widget_type=\"aux_modern_heading.default\">\n\t\t\t\t<div class=\"elementor-widget-container\">\n\t\t\t<section class=\"aux-widget-modern-heading\">\n            <div class=\"aux-widget-inner\"><h2 class=\"aux-modern-heading-primary\">Der Freihandel auf dem Pr\u00fcfstand<\/h2><div class=\"aux-modern-heading-divider\"><\/div><div class=\"aux-modern-heading-description\"><p><em>Willy Cretegny<\/em>, mit <em>Laurent Hutinet <\/em>und<em>\u00a0Yvan Falvs<\/em><br \/>Vorwort von <em>Jacques Maire<\/em><\/p><p>Mit den Stellungnahmen von <em>Mathias Binswanger, Dominique Bourg, Fernand Cuche, Ren\u00e9 Longet, Lisa Mazzone, Philippe Roch <\/em>und<em>\u00a0Nicolas Walder.<\/em><\/p><p><a href=\"https:\/\/editions-jouvence.com\/livre\/le-libre-echange-remis-en-cause-2\/\" target=\"_blank\" rel=\"noreferrer noopener\">Editions Jouvence<\/a>, 2022.<\/p><\/div><\/div>\n        <\/section>\t\t<\/div>\n\t\t\t\t<\/div>\n\t\t\t\t\t<\/div>\n\t\t<\/div>\n\t\t\t\t\t<\/div>\n\t\t<\/section>\n\t\t\t\t<section class=\"elementor-section elementor-top-section elementor-element elementor-element-d0a5029 elementor-section-boxed elementor-section-height-default elementor-section-height-default\" data-id=\"d0a5029\" data-element_type=\"section\">\n\t\t\t\t\t\t\t<div class=\"elementor-background-overlay\"><\/div>\n\t\t\t\t\t\t\t<div class=\"elementor-container elementor-column-gap-default\">\n\t\t\t\t\t<div class=\"aux-parallax-section elementor-column elementor-col-66 elementor-top-column elementor-element elementor-element-a478beb\" data-id=\"a478beb\" data-element_type=\"column\">\n\t\t\t<div class=\"elementor-widget-wrap elementor-element-populated\">\n\t\t\t\t\t\t<div class=\"elementor-element elementor-element-da2ddb6 elementor-widget__width-auto elementor-widget elementor-widget-text-editor\" data-id=\"da2ddb6\" data-element_type=\"widget\" data-widget_type=\"text-editor.default\">\n\t\t\t\t<div class=\"elementor-widget-container\">\n\t\t\t\t\t\t\t<p>Der Freihandel steht hoch im Kurs und zahlreiche Handelsabkommen wurden bereits unterzeichnet oder stehen kurz vor dem Abschluss.<\/p><p>Ziel dieses Buches ist, die Kehrseite der Medaille zu beleuchten und aufzuzeigen, inwiefern Freihandelsabkommen f\u00fcr die Umweltzerst\u00f6rung mitverantwortlich sind und dass sie den Sozialpakt ersch\u00fcttern und die Souver\u00e4nit\u00e4t der V\u00f6lker missachten. Damit werden auch demokratische Prozesse umgangen, soziale und \u00f6kologische Gerechtigkeit verhindert sowie umweltsch\u00e4dliche Produktionsweisen und Konsumismus gef\u00f6rdert. Vielf\u00e4ltige lokale Aktivit\u00e4ten und Wirtschaftsmodelle werden so untergraben.<\/p><p>Es sollen aber auch neue Hoffnungen geweckt werden. Sich dem Freihandel zu widersetzen, bedeutet f\u00fcr Offenheit und fairen Handel zwischen souver\u00e4nen V\u00f6lkern einzustehen. Es ist das pure Gegenteil von Gleichschaltung und Anpassung an die niedrigsten sozialen und \u00f6kologischen Standards.<\/p><p>Wir lassen uns unsere Hoffnung nicht nehmen!<\/p><p>Das Buch entstand im Vorfeld der Referendumsabstimmung vom 7. M\u00e4rz 2021 \u00fcber das Freihandelsabkommen mit Indonesien. Ziel war die Bek\u00e4mpfung der umweltzerst\u00f6renden Palm\u00f6limporte. Die Relevanz dieser Publikation geht jedoch weit dar\u00fcber hinaus. Das Palm\u00f6labkommen war eine gute M\u00f6glichkeit, die Doppelz\u00fcngigkeit der Freihandelsideologie zu entlarven.<\/p><p>Anhand von 10 Antworten auf 10 unbequeme Fragen wird darin aufgezeigt, was sich hinter dem Wort \u00abfrei\u00bb versteckt, und dass die vorgegaukelte Freiheit f\u00fcr Alle in Wirklichkeit einzig die Freiheit des St\u00e4rkeren ist!<\/p>\t\t\t\t\t\t<\/div>\n\t\t\t\t<\/div>\n\t\t\t\t<div class=\"elementor-element elementor-element-2abad7c elementor-widget elementor-widget-heading\" data-id=\"2abad7c\" data-element_type=\"widget\" data-widget_type=\"heading.default\">\n\t\t\t\t<div class=\"elementor-widget-container\">\n\t\t\t<h3 class=\"elementor-heading-title elementor-size-default\">Buch bestellen<\/h3>\t\t<\/div>\n\t\t\t\t<\/div>\n\t\t\t\t<div class=\"elementor-element elementor-element-fec528f elementor-button-align-stretch elementor-widget elementor-widget-form\" data-id=\"fec528f\" data-element_type=\"widget\" data-settings=\"{&quot;button_width&quot;:&quot;40&quot;,&quot;step_next_label&quot;:&quot;Weiter&quot;,&quot;step_previous_label&quot;:&quot;Zur\\u00fcck&quot;,&quot;step_type&quot;:&quot;number_text&quot;,&quot;step_icon_shape&quot;:&quot;circle&quot;}\" data-widget_type=\"form.default\">\n\t\t\t\t<div class=\"elementor-widget-container\">\n\t\t\t\t\t<form class=\"elementor-form\" method=\"post\" name=\"commande\">\n\t\t\t<input type=\"hidden\" name=\"post_id\" value=\"33494\"\/>\n\t\t\t<input type=\"hidden\" name=\"form_id\" value=\"fec528f\"\/>\n\t\t\t<input type=\"hidden\" name=\"referer_title\" value=\"La Vrille\" \/>\n\n\t\t\t\n\t\t\t<div class=\"elementor-form-fields-wrapper elementor-labels-\">\n\t\t\t\t\t\t\t\t<div class=\"elementor-field-type-text elementor-field-group elementor-column elementor-field-group-name elementor-col-50 elementor-field-required\">\n\t\t\t\t\t\t\t\t\t\t\t\t<label for=\"form-field-name\" class=\"elementor-field-label elementor-screen-only\">\n\t\t\t\t\t\t\t\tNachname\t\t\t\t\t\t\t<\/label>\n\t\t\t\t\t\t\t\t\t\t\t\t\t\t<input size=\"1\" type=\"text\" name=\"form_fields[name]\" id=\"form-field-name\" class=\"elementor-field elementor-size-md  elementor-field-textual\" placeholder=\"Nachname\" required=\"required\" aria-required=\"true\">\n\t\t\t\t\t\t\t\t\t\t\t<\/div>\n\t\t\t\t\t\t\t\t<div class=\"elementor-field-type-text elementor-field-group elementor-column elementor-field-group-field_34eacda elementor-col-50 elementor-field-required\">\n\t\t\t\t\t\t\t\t\t\t\t\t<label for=\"form-field-field_34eacda\" class=\"elementor-field-label elementor-screen-only\">\n\t\t\t\t\t\t\t\tVorname\t\t\t\t\t\t\t<\/label>\n\t\t\t\t\t\t\t\t\t\t\t\t\t\t<input size=\"1\" type=\"text\" name=\"form_fields[field_34eacda]\" id=\"form-field-field_34eacda\" class=\"elementor-field elementor-size-md  elementor-field-textual\" placeholder=\"Vorname\" required=\"required\" aria-required=\"true\">\n\t\t\t\t\t\t\t\t\t\t\t<\/div>\n\t\t\t\t\t\t\t\t<div class=\"elementor-field-type-text elementor-field-group elementor-column elementor-field-group-field_72ffae8 elementor-col-100\">\n\t\t\t\t\t\t\t\t\t\t\t\t<label for=\"form-field-field_72ffae8\" class=\"elementor-field-label elementor-screen-only\">\n\t\t\t\t\t\t\t\tStrasse und Nr.\t\t\t\t\t\t\t<\/label>\n\t\t\t\t\t\t\t\t\t\t\t\t\t\t<input size=\"1\" type=\"text\" name=\"form_fields[field_72ffae8]\" id=\"form-field-field_72ffae8\" class=\"elementor-field elementor-size-md  elementor-field-textual\" placeholder=\"Strasse und Nr.\">\n\t\t\t\t\t\t\t\t\t\t\t<\/div>\n\t\t\t\t\t\t\t\t<div class=\"elementor-field-type-text elementor-field-group elementor-column elementor-field-group-field_8f9ba5d elementor-col-30\">\n\t\t\t\t\t\t\t\t\t\t\t\t<label for=\"form-field-field_8f9ba5d\" class=\"elementor-field-label elementor-screen-only\">\n\t\t\t\t\t\t\t\tPLZ\t\t\t\t\t\t\t<\/label>\n\t\t\t\t\t\t\t\t\t\t\t\t\t\t<input size=\"1\" type=\"text\" name=\"form_fields[field_8f9ba5d]\" id=\"form-field-field_8f9ba5d\" class=\"elementor-field elementor-size-md  elementor-field-textual\" placeholder=\"PLZ\">\n\t\t\t\t\t\t\t\t\t\t\t<\/div>\n\t\t\t\t\t\t\t\t<div class=\"elementor-field-type-text elementor-field-group elementor-column elementor-field-group-field_dbc6581 elementor-col-60\">\n\t\t\t\t\t\t\t\t\t\t\t\t<label for=\"form-field-field_dbc6581\" class=\"elementor-field-label elementor-screen-only\">\n\t\t\t\t\t\t\t\tStadt\t\t\t\t\t\t\t<\/label>\n\t\t\t\t\t\t\t\t\t\t\t\t\t\t<input size=\"1\" type=\"text\" name=\"form_fields[field_dbc6581]\" id=\"form-field-field_dbc6581\" class=\"elementor-field elementor-size-md  elementor-field-textual\" placeholder=\"Stadt\">\n\t\t\t\t\t\t\t\t\t\t\t<\/div>\n\t\t\t\t\t\t\t\t<div class=\"elementor-field-type-email elementor-field-group elementor-column elementor-field-group-email elementor-col-80 elementor-field-required\">\n\t\t\t\t\t\t\t\t\t\t\t\t<label for=\"form-field-email\" class=\"elementor-field-label elementor-screen-only\">\n\t\t\t\t\t\t\t\tE-mail\t\t\t\t\t\t\t<\/label>\n\t\t\t\t\t\t\t\t\t\t\t\t\t\t<input size=\"1\" type=\"email\" name=\"form_fields[email]\" id=\"form-field-email\" class=\"elementor-field elementor-size-md  elementor-field-textual\" placeholder=\"E-mail\" required=\"required\" aria-required=\"true\">\n\t\t\t\t\t\t\t\t\t\t\t<\/div>\n\t\t\t\t\t\t\t\t<div class=\"elementor-field-type-checkbox elementor-field-group elementor-column elementor-field-group-field_b738226 elementor-col-100\">\n\t\t\t\t\t\t\t\t\t\t\t\t<label for=\"form-field-field_b738226\" class=\"elementor-field-label elementor-screen-only\">\n\t\t\t\t\t\t\t\tBestellung\t\t\t\t\t\t\t<\/label>\n\t\t\t\t\t\t<div class=\"elementor-field-subgroup  \"><span class=\"elementor-field-option\"><input type=\"checkbox\" value=\"Ich bestelle die Ausgabe 2022 f\u00fcr 10 Fr. (Derzeit nur auf Franz\u00f6sisch verf\u00fcgbar)\" id=\"form-field-field_b738226-0\" name=\"form_fields[field_b738226][]\"> <label for=\"form-field-field_b738226-0\">Ich bestelle die Ausgabe 2022 f\u00fcr 10 Fr. (Derzeit nur auf Franz\u00f6sisch verf\u00fcgbar)<\/label><\/span><span class=\"elementor-field-option\"><input type=\"checkbox\" value=\"Ich interessiere mich f\u00fcr die Neuauflage 2025 (Deutsche Version in Vorbereitung)\" id=\"form-field-field_b738226-1\" name=\"form_fields[field_b738226][]\"> <label for=\"form-field-field_b738226-1\">Ich interessiere mich f\u00fcr die Neuauflage 2025 (Deutsche Version in Vorbereitung)<\/label><\/span><\/div>\t\t\t\t<\/div>\n\t\t\t\t\t\t\t\t<div class=\"elementor-field-type-checkbox elementor-field-group elementor-column elementor-field-group-field_b74aa36 elementor-col-100\">\n\t\t\t\t\t\t\t\t\t\t\t\t<label for=\"form-field-field_b74aa36\" class=\"elementor-field-label elementor-screen-only\">\n\t\t\t\t\t\t\t\tNewsletter\t\t\t\t\t\t\t<\/label>\n\t\t\t\t\t\t<div class=\"elementor-field-subgroup  \"><span class=\"elementor-field-option\"><input type=\"checkbox\" value=\"Ich m\u00f6chte den Newsletter abonnieren\" id=\"form-field-field_b74aa36-0\" name=\"form_fields[field_b74aa36]\"> <label for=\"form-field-field_b74aa36-0\">Ich m\u00f6chte den Newsletter abonnieren<\/label><\/span><\/div>\t\t\t\t<\/div>\n\t\t\t\t\t\t\t\t<div class=\"elementor-field-type-textarea elementor-field-group elementor-column elementor-field-group-message elementor-col-100\">\n\t\t\t\t\t\t\t\t\t\t\t\t<label for=\"form-field-message\" class=\"elementor-field-label elementor-screen-only\">\n\t\t\t\t\t\t\t\tBemerkungen\t\t\t\t\t\t\t<\/label>\n\t\t\t\t\t\t<textarea class=\"elementor-field-textual elementor-field  elementor-size-md\" name=\"form_fields[message]\" id=\"form-field-message\" rows=\"4\" placeholder=\"Bemerkungen\"><\/textarea>\t\t\t\t<\/div>\n\t\t\t\t\t\t\t\t<div class=\"elementor-field-group elementor-column elementor-field-type-submit elementor-col-40 e-form__buttons\">\n\t\t\t\t\t<button type=\"submit\" class=\"elementor-button elementor-size-sm\">\n\t\t\t\t\t\t<span >\n\t\t\t\t\t\t\t\t\t\t\t\t\t\t\t<span class=\" elementor-button-icon\">\n\t\t\t\t\t\t\t\t\t\t\t\t\t\t\t\t\t\t\t\t\t\t\t\t\t\t<\/span>\n\t\t\t\t\t\t\t\t\t\t\t\t\t\t\t\t\t\t\t\t\t\t<span class=\"elementor-button-text\">Bestellen<\/span>\n\t\t\t\t\t\t\t\t\t\t\t\t\t<\/span>\n\t\t\t\t\t<\/button>\n\t\t\t\t<\/div>\n\t\t\t<\/div>\n\t\t<\/form>\n\t\t\t\t<\/div>\n\t\t\t\t<\/div>\n\t\t\t\t\t<\/div>\n\t\t<\/div>\n\t\t\t\t<div class=\"aux-parallax-section elementor-column elementor-col-33 elementor-top-column elementor-element elementor-element-41fa66d\" data-id=\"41fa66d\" data-element_type=\"column\">\n\t\t\t<div class=\"elementor-widget-wrap elementor-element-populated\">\n\t\t\t\t\t\t<div class=\"elementor-element elementor-element-3952bd9 elementor-widget__width-auto elementor-widget elementor-widget-text-editor\" data-id=\"3952bd9\" data-element_type=\"widget\" data-widget_type=\"text-editor.default\">\n\t\t\t\t<div class=\"elementor-widget-container\">\n\t\t\t\t\t\t\t<h2>Unsere Vision:<\/h2><p class=\"aux-modern-heading-primary\"><strong>&gt; <a href=\"https:\/\/www.la-vrille.ch\/de\/unsere-vision\/fairer-wettbewerb\/\">F\u00fcr einen fairen Wettbewerb<\/a><\/strong><\/p><p class=\"aux-modern-heading-primary\"><strong>&gt; <a href=\"https:\/\/www.la-vrille.ch\/de\/unsere-vision\/freiheit\/\">Freiheit und Freihandel<\/a><\/strong><\/p><p class=\"aux-modern-heading-primary\"><strong>&gt; <a href=\"https:\/\/www.la-vrille.ch\/de\/unsere-vision\/umwelt-ressourcen\/\">Umwelt sch\u00fctzen, Ressourcen schonen<\/a><\/strong><\/p><p class=\"aux-modern-heading-primary\"><strong>&gt; <a href=\"https:\/\/www.la-vrille.ch\/de\/unsere-vision\/protektionismus\/\">B\u00fcndnisfreiheit und Protektionismus<\/a><\/strong><\/p><p class=\"aux-modern-heading-primary\"><strong><span style=\"color: #808080;\">&lt; Das Buch: Der Freihandel auf dem Pr\u00fcfstand<\/span><\/strong><\/p>\t\t\t\t\t\t<\/div>\n\t\t\t\t<\/div>\n\t\t\t\t<div class=\"elementor-element elementor-element-86cd70a elementor-widget elementor-widget-image\" data-id=\"86cd70a\" data-element_type=\"widget\" data-widget_type=\"image.default\">\n\t\t\t\t<div class=\"elementor-widget-container\">\n\t\t\t\t\t\t\t\t\t\t\t\t\t<img fetchpriority=\"high\" decoding=\"async\" width=\"848\" height=\"1024\" src=\"https:\/\/www.la-vrille.ch\/wp-content\/uploads\/2023\/11\/LibreEchangeCouverture-web-848x1024.jpg\" class=\"attachment-large size-large wp-image-31111\" alt=\"\" \/>\t\t\t\t\t\t\t\t\t\t\t\t\t<\/div>\n\t\t\t\t<\/div>\n\t\t\t\t<div class=\"elementor-element elementor-element-0a6b0ce elementor-widget__width-auto elementor-widget elementor-widget-text-editor\" data-id=\"0a6b0ce\" data-element_type=\"widget\" data-widget_type=\"text-editor.default\">\n\t\t\t\t<div class=\"elementor-widget-container\">\n\t\t\t\t\t\t\t<p><a href=\"https:\/\/www.la-vrille.ch\/de\/10antworten-10-unbequeme-fragen\/\"><strong>10 Antworten<\/strong><br \/><strong>auf 10 unbequeme Fragen<\/strong><\/a><\/p>\t\t\t\t\t\t<\/div>\n\t\t\t\t<\/div>\n\t\t\t\t\t<\/div>\n\t\t<\/div>\n\t\t\t\t\t<\/div>\n\t\t<\/section>\n\t\t\t\t<section class=\"elementor-section elementor-top-section elementor-element elementor-element-5c250ea commande elementor-section-boxed elementor-section-height-default elementor-section-height-default\" data-id=\"5c250ea\" data-element_type=\"section\" id=\"commande\">\n\t\t\t\t\t\t<div class=\"elementor-container elementor-column-gap-default\">\n\t\t\t\t\t<div class=\"aux-parallax-section elementor-column elementor-col-100 elementor-top-column elementor-element elementor-element-b6f676d\" data-id=\"b6f676d\" data-element_type=\"column\">\n\t\t\t<div class=\"elementor-widget-wrap\">\n\t\t\t\t\t\t\t<\/div>\n\t\t<\/div>\n\t\t\t\t\t<\/div>\n\t\t<\/section>\n\t\t\t\t<\/div>\n\t\t","protected":false},"excerpt":{"rendered":"<p>Der Freihandel auf dem Pr\u00fcfstand Willy Cretegny, mit Laurent Hutinet und\u00a0Yvan FalvsVorwort von Jacques Maire Mit den Stellungnahmen von Mathias Binswanger, Dominique Bourg, Fernand Cuche, Ren\u00e9 Longet, Lisa Mazzone, Philippe Roch und\u00a0Nicolas Walder. Editions Jouvence, 2022. Der Freihandel steht hoch im Kurs und zahlreiche Handelsabkommen wurden bereits unterzeichnet oder stehen kurz vor dem Abschluss. Ziel [&hellip;]<\/p>\n","protected":false},"author":3,"featured_media":31126,"parent":33462,"menu_order":5,"comment_status":"closed","ping_status":"closed","template":"","meta":{"_acf_changed":false,"inline_featured_image":false,"footnotes":""},"class_list":["post-33494","page","type-page","status-publish","has-post-thumbnail","hentry"],"acf":[],"_links":{"self":[{"href":"https:\/\/www.la-vrille.ch\/de\/wp-json\/wp\/v2\/pages\/33494","targetHints":{"allow":["GET"]}}],"collection":[{"href":"https:\/\/www.la-vrille.ch\/de\/wp-json\/wp\/v2\/pages"}],"about":[{"href":"https:\/\/www.la-vrille.ch\/de\/wp-json\/wp\/v2\/types\/page"}],"author":[{"embeddable":true,"href":"https:\/\/www.la-vrille.ch\/de\/wp-json\/wp\/v2\/users\/3"}],"replies":[{"embeddable":true,"href":"https:\/\/www.la-vrille.ch\/de\/wp-json\/wp\/v2\/comments?post=33494"}],"version-history":[{"count":28,"href":"https:\/\/www.la-vrille.ch\/de\/wp-json\/wp\/v2\/pages\/33494\/revisions"}],"predecessor-version":[{"id":33714,"href":"https:\/\/www.la-vrille.ch\/de\/wp-json\/wp\/v2\/pages\/33494\/revisions\/33714"}],"up":[{"embeddable":true,"href":"https:\/\/www.la-vrille.ch\/de\/wp-json\/wp\/v2\/pages\/33462"}],"wp:featuredmedia":[{"embeddable":true,"href":"https:\/\/www.la-vrille.ch\/de\/wp-json\/wp\/v2\/media\/31126"}],"wp:attachment":[{"href":"https:\/\/www.la-vrille.ch\/de\/wp-json\/wp\/v2\/media?parent=33494"}],"curies":[{"name":"wp","href":"https:\/\/api.w.org\/{rel}","templated":true}]}}