{"id":33611,"date":"2018-11-21T11:49:08","date_gmt":"2018-11-21T10:49:08","guid":{"rendered":"https:\/\/www.la-vrille.ch\/kontakt\/la-vrille\/"},"modified":"2025-09-24T20:39:25","modified_gmt":"2025-09-24T18:39:25","slug":"la-vrille","status":"publish","type":"page","link":"https:\/\/www.la-vrille.ch\/de\/kontakt\/la-vrille\/","title":{"rendered":"La Vrille"},"content":{"rendered":"\t\t<div data-elementor-type=\"wp-post\" data-elementor-id=\"33611\" class=\"elementor elementor-33611 elementor-29276\" data-elementor-post-type=\"page\">\n\t\t\t\t\t\t<section class=\"elementor-section elementor-top-section elementor-element elementor-element-dbd7f36 elementor-section-content-middle elementor-reverse-tablet elementor-reverse-mobile elementor-section-boxed elementor-section-height-default elementor-section-height-default\" data-id=\"dbd7f36\" data-element_type=\"section\">\n\t\t\t\t\t\t<div class=\"elementor-container elementor-column-gap-default\">\n\t\t\t\t\t<div class=\"aux-parallax-section elementor-column elementor-col-66 elementor-top-column elementor-element elementor-element-b1a3171 aux-appear-watch-animation aux-fade-in-right\" data-id=\"b1a3171\" data-element_type=\"column\" data-settings=\"{&quot;background_background&quot;:&quot;classic&quot;}\">\n\t\t\t<div class=\"elementor-widget-wrap elementor-element-populated\">\n\t\t\t\t\t<div class=\"elementor-background-overlay\"><\/div>\n\t\t\t\t\t\t<div class=\"elementor-element elementor-element-b0d52aa aux-appear-watch-animation aux-fade-in-up elementor-widget elementor-widget-aux_modern_heading\" data-id=\"b0d52aa\" data-element_type=\"widget\" data-widget_type=\"aux_modern_heading.default\">\n\t\t\t\t<div class=\"elementor-widget-container\">\n\t\t\t<section class=\"aux-widget-modern-heading\">\n            <div class=\"aux-widget-inner\"><h2 class=\"aux-modern-heading-primary\">Diskussionsforum La Vrille \u2013 Die Ranke<\/h2><div class=\"aux-modern-heading-description\"><p>Die Ranke der Weinrebe \u2013 so das deutsche Wort f\u00fcr \u00abla vrille\u00bb \u2013 spielt eine wesentliche Rolle beim Wachstum der Trauben dank ihrer bemerkenswerten Eigenschaft, sich festzukrallen und sich in Richtung des Sonnenlichts zu erheben.<\/p><p>Die Ranke ist flexibel, widerstandsf\u00e4hig und hartn\u00e4ckig \u2013 genau wie unser gleichnamiges Diskussionsforum in seinem Kampf gegen den Freihandel und dessen verheerende Auswirkungen auf das wirtschaftliche und soziale Gef\u00fcge.<\/p><p><em>La Vrille<\/em> steht f\u00fcr eine Politik der B\u00fcndnisfreiheit und f\u00fcr soziale Vielfalt, deren Ziel <strong>ein nachhaltiger Wohlstand f\u00fcr die gesamte Gesellschaft ist.<\/strong><\/p><\/div><\/div>\n        <\/section>\t\t<\/div>\n\t\t\t\t<\/div>\n\t\t\t\t<div class=\"elementor-element elementor-element-1c85d3c elementor-widget elementor-widget-button\" data-id=\"1c85d3c\" data-element_type=\"widget\" data-widget_type=\"button.default\">\n\t\t\t\t<div class=\"elementor-widget-container\">\n\t\t\t\t\t<div class=\"elementor-button-wrapper\">\n\t\t\t<a class=\"elementor-button elementor-button-link elementor-size-sm\" href=\"https:\/\/www.la-vrille.ch\/de\/kontakt\/geschichte\/\">\n\t\t\t\t\t\t<span class=\"elementor-button-content-wrapper\">\n\t\t\t\t\t\t\t\t\t<span class=\"elementor-button-text\">Geschichte von La Vrille<\/span>\n\t\t\t\t\t<\/span>\n\t\t\t\t\t<\/a>\n\t\t<\/div>\n\t\t\t\t<\/div>\n\t\t\t\t<\/div>\n\t\t\t\t\t<\/div>\n\t\t<\/div>\n\t\t\t\t<div class=\"aux-parallax-section elementor-column elementor-col-33 elementor-top-column elementor-element elementor-element-03f2904\" data-id=\"03f2904\" data-element_type=\"column\">\n\t\t\t<div class=\"elementor-widget-wrap elementor-element-populated\">\n\t\t\t\t\t\t<div class=\"elementor-element elementor-element-41795a5 elementor-widget elementor-widget-video\" data-id=\"41795a5\" data-element_type=\"widget\" data-settings=\"{&quot;youtube_url&quot;:&quot;https:\\\/\\\/youtu.be\\\/DzO0tFNNk2k&quot;,&quot;video_type&quot;:&quot;youtube&quot;,&quot;controls&quot;:&quot;yes&quot;}\" data-widget_type=\"video.default\">\n\t\t\t\t<div class=\"elementor-widget-container\">\n\t\t\t\t\t<div class=\"elementor-wrapper elementor-open-inline\">\n\t\t\t<div class=\"elementor-video\"><\/div>\t\t<\/div>\n\t\t\t\t<\/div>\n\t\t\t\t<\/div>\n\t\t\t\t\t<\/div>\n\t\t<\/div>\n\t\t\t\t\t<\/div>\n\t\t<\/section>\n\t\t\t\t<section class=\"elementor-section elementor-top-section elementor-element elementor-element-26425a5 elementor-section-content-middle elementor-section-stretched elementor-section-boxed elementor-section-height-default elementor-section-height-default\" data-id=\"26425a5\" data-element_type=\"section\" data-settings=\"{&quot;stretch_section&quot;:&quot;section-stretched&quot;}\">\n\t\t\t\t\t\t<div class=\"elementor-container elementor-column-gap-default\">\n\t\t\t\t\t<div class=\"aux-parallax-section elementor-column elementor-col-33 elementor-top-column elementor-element elementor-element-dac204f\" data-id=\"dac204f\" data-element_type=\"column\">\n\t\t\t<div class=\"elementor-widget-wrap elementor-element-populated\">\n\t\t\t\t\t\t<div class=\"elementor-element elementor-element-6a395d2 aux-appear-watch-animation aux-fade-in-left elementor-widget elementor-widget-aux_image\" data-id=\"6a395d2\" data-element_type=\"widget\" data-widget_type=\"aux_image.default\">\n\t\t\t\t<div class=\"elementor-widget-container\">\n\t\t\t<section class=\"widget-container aux-widget-image aux-alignnone aux-parent-au3cf13885\">\n    <div class=\"aux-media-hint-frame \">\n        <div class=\"aux-media-image \" >\n        \n            \n\n            \n            <img fetchpriority=\"high\" decoding=\"async\" width=\"632\" height=\"690\" src=\"image\/gif;base64,R0lGODlhAQABAIAAAAAAAP\/\/\/yH5BAEAAAAALAAAAAABAAEAAAIBRAA7\" class=\"aux-attachment aux-featured-image aux-attachment-id-29559 aux-preload aux-blank\" alt=\"le-chantre-du-protectionnisme\" data-ratio=\"0.92\" data-original-w=\"632\" data-src=\"https:\/\/www.la-vrille.ch\/wp-content\/uploads\/2023\/10\/le-chantre-du-protectionnisme.jpg\" \/>            \n                <\/div>\n    <\/div>\n\n<\/section><!-- widget-container -->\t\t<\/div>\n\t\t\t\t<\/div>\n\t\t\t\t\t<\/div>\n\t\t<\/div>\n\t\t\t\t<div class=\"aux-parallax-section elementor-column elementor-col-66 elementor-top-column elementor-element elementor-element-b7cf380 aux-appear-watch-animation aux-fade-in-right\" data-id=\"b7cf380\" data-element_type=\"column\" data-settings=\"{&quot;background_background&quot;:&quot;classic&quot;}\">\n\t\t\t<div class=\"elementor-widget-wrap elementor-element-populated\">\n\t\t\t\t\t<div class=\"elementor-background-overlay\"><\/div>\n\t\t\t\t\t\t<div class=\"elementor-element elementor-element-392e55c aux-appear-watch-animation aux-fade-in-up elementor-widget elementor-widget-aux_modern_heading\" data-id=\"392e55c\" data-element_type=\"widget\" id=\"cretegny\" data-widget_type=\"aux_modern_heading.default\">\n\t\t\t\t<div class=\"elementor-widget-container\">\n\t\t\t<section class=\"aux-widget-modern-heading\">\n            <div class=\"aux-widget-inner\"><h2 class=\"aux-modern-heading-primary\">Willy Cretegny<\/h2><div class=\"aux-modern-heading-description\"><p><strong>Willy Cretegny ist ein unabh\u00e4ngiger Weinbauer und Selbstkelterer in Satigny (GE) und zutiefst von der Notwendigkeit des Umweltschutzes \u00fcberzeugt.<\/strong> Als K\u00e4mpfernatur setzte er von Anfang an alles daran, diese \u00dcberzeugung sowohl in Beruf und Politik als auch in seiner Vereinst\u00e4tigkeit in die Tat umzusetzen.<\/p><p>Auf seinem Weingut entschied er sich f\u00fcr den Bio-Anbau, f\u00fchrte das Pfand f\u00fcr Weinflaschen und somit deren Wiederverwendung ein, traf Massnahmen zur Energieeinsparung und zum nachhaltigen Umgang mit nat\u00fcrlichen Ressourcen, wie beispielsweise die Nutzung des Regenwassers.<\/p><p>Willy Cretegny engagiert sich aktiv in der lokalen Wirtschaft und hat bereits seit vielen Jahren verschiedene Aufgaben in Verb\u00e4nden und Berufsorganisationen als Pr\u00e4sident, Vizepr\u00e4sident oder Sekret\u00e4r \u00fcbernommen. Im Jahr 2020 wurde er in den Gemeinderat (Exekutive) von Satigny gew\u00e4hlt, wo er seiner Vision eines verantwortungsvollen Umgangs mit Ressourcen und einer widerstandsf\u00e4higen lokalen Wirtschaftstruktur Nachdruck verleihen und die Politik auf lokaler und kantonaler Ebene beeinflussen kann.<\/p><p>Willy Cretegny ist ein politischer St\u00f6renfried, der sich mit medienwirksamen Aktionen auskennt, und nicht davor zur\u00fcckschreckt Risiken einzugehen, um seine Ideen zu verbreiten. Als Diskussionsforum hat <em>La Vrille<\/em> zum Ziel, die Debatte \u00fcber eine alternative Vision der Gesellschaft anzuregen.<\/p><\/div><\/div>\n        <\/section>\t\t<\/div>\n\t\t\t\t<\/div>\n\t\t\t\t\t<\/div>\n\t\t<\/div>\n\t\t\t\t\t<\/div>\n\t\t<\/section>\n\t\t\t\t<section class=\"elementor-section elementor-top-section elementor-element elementor-element-1d35e05 elementor-section-content-middle elementor-reverse-tablet elementor-reverse-mobile elementor-section-boxed elementor-section-height-default elementor-section-height-default\" data-id=\"1d35e05\" data-element_type=\"section\">\n\t\t\t\t\t\t<div class=\"elementor-container elementor-column-gap-default\">\n\t\t\t\t\t<div class=\"aux-parallax-section elementor-column elementor-col-66 elementor-top-column elementor-element elementor-element-0a2935f aux-appear-watch-animation aux-fade-in-right\" data-id=\"0a2935f\" data-element_type=\"column\" data-settings=\"{&quot;background_background&quot;:&quot;classic&quot;}\">\n\t\t\t<div class=\"elementor-widget-wrap elementor-element-populated\">\n\t\t\t\t\t<div class=\"elementor-background-overlay\"><\/div>\n\t\t\t\t\t\t<div class=\"elementor-element elementor-element-10d3799 aux-appear-watch-animation aux-fade-in-up elementor-widget elementor-widget-aux_modern_heading\" data-id=\"10d3799\" data-element_type=\"widget\" id=\"berguer\" data-widget_type=\"aux_modern_heading.default\">\n\t\t\t\t<div class=\"elementor-widget-container\">\n\t\t\t<section class=\"aux-widget-modern-heading\">\n            <div class=\"aux-widget-inner\"><h2 class=\"aux-modern-heading-primary\">Fran\u00e7oise Berguer<\/h2><div class=\"aux-modern-heading-description\"><p>Fran\u00e7oise Berguer war 1954 die erste Weinb\u00e4uerin der Schweiz. Sie hatte es nicht leicht, sich in einem ausschliesslich m\u00e4nnlichen Umfeld durchzusetzen. Um das Bild der Frau und ihre Stellung in der Welt des Weins zu verbessern, gr\u00fcndete sie zusammen mit zwei anderen gleichgesinnten Weinb\u00e4uerinnen die Vereinigung \u00ab<a href=\"https:\/\/artisanes.ch\/\" target=\"_blank\" rel=\"noopener\">Nous Artisanes du Vin<\/a>\u00bb (\u00abWir Handwerkerinnen des Weinbaus\u00bb).<\/p><p>Als leidenschaftliche Verfechterin einheimischer Rebsorten hat sie in ihrem Weingut Les Gondettes, in Satigny, aussergew\u00f6hnliche Vinifikationsverfahren entwickelt. Sie wurde nicht m\u00fcde zu betonen, wie wichtig es ist, das l\u00e4ndliche Erbe zu bewahren und es an k\u00fcnftige Generationen weiterzugeben.<\/p><p>Fran\u00e7oise Berguer verstarb 2019 im Alter von 86 Jahren. Wir vermissen ihre Beharrlichkeit und Entschlossenheit im Kampf f\u00fcr eine sozial- und umweltvertr\u00e4gliche Wirtschaft.<\/p><\/div><\/div>\n        <\/section>\t\t<\/div>\n\t\t\t\t<\/div>\n\t\t\t\t\t<\/div>\n\t\t<\/div>\n\t\t\t\t<div class=\"aux-parallax-section elementor-column elementor-col-33 elementor-top-column elementor-element elementor-element-ed65dc0\" data-id=\"ed65dc0\" data-element_type=\"column\">\n\t\t\t<div class=\"elementor-widget-wrap elementor-element-populated\">\n\t\t\t\t\t\t<div class=\"elementor-element elementor-element-4d76a8e aux-appear-watch-animation aux-fade-in-left elementor-widget elementor-widget-aux_image\" data-id=\"4d76a8e\" data-element_type=\"widget\" data-widget_type=\"aux_image.default\">\n\t\t\t\t<div class=\"elementor-widget-container\">\n\t\t\t<section class=\"widget-container aux-widget-image aux-alignnone aux-parent-aua9ab6625\">\n    <div class=\"aux-media-hint-frame \">\n        <div class=\"aux-media-image \" >\n        \n            \n\n            \n            <img decoding=\"async\" width=\"600\" height=\"759\" src=\"image\/gif;base64,R0lGODlhAQABAIAAAAAAAP\/\/\/yH5BAEAAAAALAAAAAABAAEAAAIBRAA7\" class=\"aux-attachment aux-featured-image aux-attachment-id-32566 aux-preload aux-blank\" alt=\"FrancoiseBerguer-web\" data-ratio=\"0.79\" data-original-w=\"600\" data-src=\"https:\/\/www.la-vrille.ch\/wp-content\/uploads\/2024\/06\/FrancoiseBerguer-web.jpg\" \/>            \n                <\/div>\n    <\/div>\n\n<\/section><!-- widget-container -->\t\t<\/div>\n\t\t\t\t<\/div>\n\t\t\t\t\t<\/div>\n\t\t<\/div>\n\t\t\t\t\t<\/div>\n\t\t<\/section>\n\t\t\t\t<\/div>\n\t\t","protected":false},"excerpt":{"rendered":"<p>Diskussionsforum La Vrille \u2013 Die Ranke Die Ranke der Weinrebe \u2013 so das deutsche Wort f\u00fcr \u00abla vrille\u00bb \u2013 spielt eine wesentliche Rolle beim Wachstum der Trauben dank ihrer bemerkenswerten Eigenschaft, sich festzukrallen und sich in Richtung des Sonnenlichts zu erheben. Die Ranke ist flexibel, widerstandsf\u00e4hig und hartn\u00e4ckig \u2013 genau wie unser gleichnamiges Diskussionsforum in [&hellip;]<\/p>\n","protected":false},"author":1,"featured_media":0,"parent":33495,"menu_order":0,"comment_status":"closed","ping_status":"closed","template":"","meta":{"_acf_changed":false,"inline_featured_image":false,"footnotes":""},"class_list":["post-33611","page","type-page","status-publish","hentry"],"acf":[],"_links":{"self":[{"href":"https:\/\/www.la-vrille.ch\/de\/wp-json\/wp\/v2\/pages\/33611","targetHints":{"allow":["GET"]}}],"collection":[{"href":"https:\/\/www.la-vrille.ch\/de\/wp-json\/wp\/v2\/pages"}],"about":[{"href":"https:\/\/www.la-vrille.ch\/de\/wp-json\/wp\/v2\/types\/page"}],"author":[{"embeddable":true,"href":"https:\/\/www.la-vrille.ch\/de\/wp-json\/wp\/v2\/users\/1"}],"replies":[{"embeddable":true,"href":"https:\/\/www.la-vrille.ch\/de\/wp-json\/wp\/v2\/comments?post=33611"}],"version-history":[{"count":18,"href":"https:\/\/www.la-vrille.ch\/de\/wp-json\/wp\/v2\/pages\/33611\/revisions"}],"predecessor-version":[{"id":33795,"href":"https:\/\/www.la-vrille.ch\/de\/wp-json\/wp\/v2\/pages\/33611\/revisions\/33795"}],"up":[{"embeddable":true,"href":"https:\/\/www.la-vrille.ch\/de\/wp-json\/wp\/v2\/pages\/33495"}],"wp:attachment":[{"href":"https:\/\/www.la-vrille.ch\/de\/wp-json\/wp\/v2\/media?parent=33611"}],"curies":[{"name":"wp","href":"https:\/\/api.w.org\/{rel}","templated":true}]}}