{"id":33631,"date":"2018-11-21T11:49:24","date_gmt":"2018-11-21T10:49:24","guid":{"rendered":"https:\/\/www.la-vrille.ch\/agir\/"},"modified":"2025-12-13T15:23:58","modified_gmt":"2025-12-13T14:23:58","slug":"handeln","status":"publish","type":"page","link":"https:\/\/www.la-vrille.ch\/de\/handeln\/","title":{"rendered":"Handeln"},"content":{"rendered":"\t\t<div data-elementor-type=\"wp-post\" data-elementor-id=\"33631\" class=\"elementor elementor-33631 elementor-29275\" data-elementor-post-type=\"page\">\n\t\t\t\t\t\t<section class=\"elementor-section elementor-top-section elementor-element elementor-element-dd4b0a9 elementor-section-stretched elementor-section-boxed elementor-section-height-default elementor-section-height-default\" data-id=\"dd4b0a9\" data-element_type=\"section\" data-settings=\"{&quot;background_background&quot;:&quot;classic&quot;,&quot;stretch_section&quot;:&quot;section-stretched&quot;}\">\n\t\t\t\t\t\t<div class=\"elementor-container elementor-column-gap-default\">\n\t\t\t\t\t<div class=\"aux-parallax-section elementor-column elementor-col-100 elementor-top-column elementor-element elementor-element-451359e\" data-id=\"451359e\" data-element_type=\"column\" data-settings=\"{&quot;background_background&quot;:&quot;classic&quot;}\">\n\t\t\t<div class=\"elementor-widget-wrap elementor-element-populated\">\n\t\t\t\t\t\t<div class=\"elementor-element elementor-element-25de891 elementor-widget elementor-widget-aux_modern_heading\" data-id=\"25de891\" data-element_type=\"widget\" data-widget_type=\"aux_modern_heading.default\">\n\t\t\t\t<div class=\"elementor-widget-container\">\n\t\t\t<section class=\"aux-widget-modern-heading\">\n            <div class=\"aux-widget-inner\"><h2 class=\"aux-modern-heading-primary\">Handeln<\/h2><div class=\"aux-modern-heading-divider\"><\/div><div class=\"aux-modern-heading-description\"><p>Individuelles Handeln reicht nicht aus.<br \/>Es braucht kollektiven Druck, um gesetzliche \u00c4nderungen zu bewirken.<\/p>\n<\/div><\/div>\n        <\/section>\t\t<\/div>\n\t\t\t\t<\/div>\n\t\t\t\t<div class=\"elementor-element elementor-element-ef3b8c0 elementor-absolute elementor-widget elementor-widget-image\" data-id=\"ef3b8c0\" data-element_type=\"widget\" data-settings=\"{&quot;_position&quot;:&quot;absolute&quot;}\" data-widget_type=\"image.default\">\n\t\t\t\t<div class=\"elementor-widget-container\">\n\t\t\t\t\t\t\t\t\t\t\t\t\t<img decoding=\"async\" width=\"1\" height=\"1\" src=\"https:\/\/www.la-vrille.ch\/wp-content\/uploads\/2023\/10\/Groupe-1271-1.svg\" class=\"attachment-full size-full wp-image-30439\" alt=\"\" \/>\t\t\t\t\t\t\t\t\t\t\t\t\t<\/div>\n\t\t\t\t<\/div>\n\t\t\t\t\t<\/div>\n\t\t<\/div>\n\t\t\t\t\t<\/div>\n\t\t<\/section>\n\t\t\t\t<section class=\"elementor-section elementor-top-section elementor-element elementor-element-d657699 elementor-section-boxed elementor-section-height-default elementor-section-height-default\" data-id=\"d657699\" data-element_type=\"section\">\n\t\t\t\t\t\t<div class=\"elementor-container elementor-column-gap-default\">\n\t\t\t\t\t<div class=\"aux-parallax-section elementor-column elementor-col-100 elementor-top-column elementor-element elementor-element-36e4753\" data-id=\"36e4753\" data-element_type=\"column\">\n\t\t\t<div class=\"elementor-widget-wrap elementor-element-populated\">\n\t\t\t\t\t\t\t<\/div>\n\t\t<\/div>\n\t\t\t\t\t<\/div>\n\t\t<\/section>\n\t\t\t\t<section class=\"elementor-section elementor-top-section elementor-element elementor-element-306312e5 elementor-section-boxed elementor-section-height-default elementor-section-height-default\" data-id=\"306312e5\" data-element_type=\"section\">\n\t\t\t\t\t\t<div class=\"elementor-container elementor-column-gap-default\">\n\t\t\t\t\t<div class=\"aux-parallax-section elementor-column elementor-col-50 elementor-top-column elementor-element elementor-element-302c8383\" data-id=\"302c8383\" data-element_type=\"column\">\n\t\t\t<div class=\"elementor-widget-wrap elementor-element-populated\">\n\t\t\t\t\t\t<div class=\"elementor-element elementor-element-55d8f9d aux-appear-watch-animation aux-fade-in-up elementor-widget elementor-widget-aux_modern_heading\" data-id=\"55d8f9d\" data-element_type=\"widget\" data-widget_type=\"aux_modern_heading.default\">\n\t\t\t\t<div class=\"elementor-widget-container\">\n\t\t\t<section class=\"aux-widget-modern-heading\">\n            <div class=\"aux-widget-inner\"><h2 class=\"aux-modern-heading-primary\">Newsletter<\/h2><\/div>\n        <\/section>\t\t<\/div>\n\t\t\t\t<\/div>\n\t\t\t\t\t<\/div>\n\t\t<\/div>\n\t\t\t\t<div class=\"aux-parallax-section elementor-column elementor-col-50 elementor-top-column elementor-element elementor-element-9fa7fc5\" data-id=\"9fa7fc5\" data-element_type=\"column\">\n\t\t\t<div class=\"elementor-widget-wrap elementor-element-populated\">\n\t\t\t\t\t\t<div class=\"elementor-element elementor-element-6f2f32f elementor-widget elementor-widget-global elementor-global-34179 elementor-widget-html\" data-id=\"6f2f32f\" data-element_type=\"widget\" data-widget_type=\"html.default\">\n\t\t\t\t<div class=\"elementor-widget-container\">\n\t\t\t<form method=\"post\" action=\"https:\/\/newsletter.infomaniak.com\/v3\/api\/1\/newsletters\/webforms\/17371\/submit\" class=\"inf-form\"><input type=\"email\" name=\"email\" style=\"display:none\" \/><input type=\"hidden\" name=\"key\" value=\"eyJpdiI6IjVaXC9KVlZCUDlhR2ZCMk9mdHdJdTdyTjV1QUFMVEZZaytkTG4wcFdmcEdNPSIsIm1hYyI6IjI1YTQ4ZmM3MTZiMWY2MmM1ODExYzZiNDVhZGEzZTEwNjMzY2RhNmYxYmQyMzdiMGIyYWVjMWExZjJkZTVlNjAiLCJ2YWx1ZSI6IkVsR256a2dnb3MwQ3dmSk5hSmk2SWhmazgrVFpIRzhSQXdndmI0ODI5ZGM9In0=\"><input type=\"hidden\" name=\"webform_id\" value=\"17371\"><div class=\"inf-main_88208501a921a590548019fa0e64fc4a\"> <div class=\"inf-success\" style=\"display:none\"> <h4>Ihre Anmeldung wurde erfolgreich gespeichert!<\/h4> <p> <a href=\"#\" class=\"inf-btn\">&laquo;<\/a> <\/p> <\/div> <div class=\"inf-content\"> <div class=\"inf-input inf-input-text\"> <input type=\"email\" name=\"inf[1]\" data-inf-meta=\"1\" data-inf-error=\"Merci de renseigner une adresse email\" required=\"required\" placeholder=\"Email *\" > <\/div> <div class=\"inf-rgpd\">Ihre E-Mail-Adresse wird nur dazu verwendet, Ihnen Informationen \u00fcber unsere Aktivit\u00e4ten zu senden. Sie k\u00f6nnen sich jederzeit durch den in jeder unserer Nachrichten integrierten Unsubscribe-Link abmelden.<\/div> <script src=\"https:\/\/eu.altcha.org\/js\/latest\/altcha.min.js\" type=\"module\" defer><\/script> <altcha-widget hidelogo hidefooter floating challengeurl=\"https:\/\/newsletter.infomaniak.com\/v3\/altcha-challenge\" ><\/altcha-widget> <script src=\"https:\/\/newsletter.storage5.infomaniak.com\/mcaptcha\/altcha.js\" defer> <\/script> <script type=\"text\/javascript\" src=\"https:\/\/newsletter.infomaniak.com\/v3\/static\/webform_index.js?v=1771602250\"><\/script> <div class=\"inf-submit\"> <input type=\"submit\" style=\"margin-top: 25px;\" name=\"\" value=\"Anmeldung\"> <\/div> <\/div> <\/div> <\/form>\t\t<\/div>\n\t\t\t\t<\/div>\n\t\t\t\t\t<\/div>\n\t\t<\/div>\n\t\t\t\t\t<\/div>\n\t\t<\/section>\n\t\t\t\t<section class=\"elementor-section elementor-top-section elementor-element elementor-element-863b8f9 elementor-section-boxed elementor-section-height-default elementor-section-height-default\" data-id=\"863b8f9\" data-element_type=\"section\" data-settings=\"{&quot;background_background&quot;:&quot;classic&quot;}\">\n\t\t\t\t\t\t\t<div class=\"elementor-background-overlay\"><\/div>\n\t\t\t\t\t\t\t<div class=\"elementor-container elementor-column-gap-default\">\n\t\t\t\t\t<div class=\"aux-parallax-section elementor-column elementor-col-50 elementor-top-column elementor-element elementor-element-4243ebbb\" data-id=\"4243ebbb\" data-element_type=\"column\">\n\t\t\t<div class=\"elementor-widget-wrap elementor-element-populated\">\n\t\t\t\t\t\t<div class=\"elementor-element elementor-element-3f98613a aux-appear-watch-animation aux-fade-in-up elementor-widget elementor-widget-aux_modern_heading\" data-id=\"3f98613a\" data-element_type=\"widget\" data-widget_type=\"aux_modern_heading.default\">\n\t\t\t\t<div class=\"elementor-widget-container\">\n\t\t\t<section class=\"aux-widget-modern-heading\">\n            <div class=\"aux-widget-inner\"><h2 class=\"aux-modern-heading-primary\">Spenden<\/h2><div class=\"aux-modern-heading-description\"><p>Danke, dass Sie uns unterst\u00fctzen!<\/p>\n<p><strong>CH94 0900 0000 1753 4186 2<\/strong><br \/>LaVrille.ch - 1242 Satigny<\/p>\n<\/div><\/div>\n        <\/section>\t\t<\/div>\n\t\t\t\t<\/div>\n\t\t\t\t\t<\/div>\n\t\t<\/div>\n\t\t\t\t<div class=\"aux-parallax-section elementor-column elementor-col-50 elementor-top-column elementor-element elementor-element-5d04b7b5\" data-id=\"5d04b7b5\" data-element_type=\"column\">\n\t\t\t<div class=\"elementor-widget-wrap elementor-element-populated\">\n\t\t\t\t\t\t<div class=\"elementor-element elementor-element-67344a9e elementor-widget elementor-widget-image\" data-id=\"67344a9e\" data-element_type=\"widget\" data-widget_type=\"image.default\">\n\t\t\t\t<div class=\"elementor-widget-container\">\n\t\t\t\t\t\t\t\t\t\t\t\t\t<img fetchpriority=\"high\" decoding=\"async\" width=\"569\" height=\"570\" src=\"https:\/\/www.la-vrille.ch\/wp-content\/uploads\/2024\/02\/QR-CCP-LaVrille.jpg\" class=\"attachment-large size-large wp-image-31590\" alt=\"\" srcset=\"https:\/\/www.la-vrille.ch\/wp-content\/uploads\/2024\/02\/QR-CCP-LaVrille.jpg 569w, https:\/\/www.la-vrille.ch\/wp-content\/uploads\/2024\/02\/QR-CCP-LaVrille-300x300.jpg 300w, https:\/\/www.la-vrille.ch\/wp-content\/uploads\/2024\/02\/QR-CCP-LaVrille-150x150.jpg 150w, https:\/\/www.la-vrille.ch\/wp-content\/uploads\/2024\/02\/QR-CCP-LaVrille-200x200.jpg 200w, https:\/\/www.la-vrille.ch\/wp-content\/uploads\/2024\/02\/QR-CCP-LaVrille-120x120.jpg 120w\" sizes=\"(max-width: 569px) 100vw, 569px\" \/>\t\t\t\t\t\t\t\t\t\t\t\t\t<\/div>\n\t\t\t\t<\/div>\n\t\t\t\t\t<\/div>\n\t\t<\/div>\n\t\t\t\t\t<\/div>\n\t\t<\/section>\n\t\t\t\t<\/div>\n\t\t","protected":false},"excerpt":{"rendered":"<p>Handeln Individuelles Handeln reicht nicht aus.Es braucht kollektiven Druck, um gesetzliche \u00c4nderungen zu bewirken. Newsletter Ihre Anmeldung wurde erfolgreich gespeichert! &laquo; Ihre E-Mail-Adresse wird nur dazu verwendet, Ihnen Informationen \u00fcber unsere Aktivit\u00e4ten zu senden. Sie k\u00f6nnen sich jederzeit durch den in jeder unserer Nachrichten integrierten Unsubscribe-Link abmelden. Spenden Danke, dass Sie uns unterst\u00fctzen! CH94 0900 [&hellip;]<\/p>\n","protected":false},"author":1,"featured_media":0,"parent":0,"menu_order":0,"comment_status":"closed","ping_status":"closed","template":"","meta":{"_acf_changed":false,"inline_featured_image":false,"footnotes":""},"class_list":["post-33631","page","type-page","status-publish","hentry"],"acf":[],"_links":{"self":[{"href":"https:\/\/www.la-vrille.ch\/de\/wp-json\/wp\/v2\/pages\/33631","targetHints":{"allow":["GET"]}}],"collection":[{"href":"https:\/\/www.la-vrille.ch\/de\/wp-json\/wp\/v2\/pages"}],"about":[{"href":"https:\/\/www.la-vrille.ch\/de\/wp-json\/wp\/v2\/types\/page"}],"author":[{"embeddable":true,"href":"https:\/\/www.la-vrille.ch\/de\/wp-json\/wp\/v2\/users\/1"}],"replies":[{"embeddable":true,"href":"https:\/\/www.la-vrille.ch\/de\/wp-json\/wp\/v2\/comments?post=33631"}],"version-history":[{"count":14,"href":"https:\/\/www.la-vrille.ch\/de\/wp-json\/wp\/v2\/pages\/33631\/revisions"}],"predecessor-version":[{"id":34190,"href":"https:\/\/www.la-vrille.ch\/de\/wp-json\/wp\/v2\/pages\/33631\/revisions\/34190"}],"wp:attachment":[{"href":"https:\/\/www.la-vrille.ch\/de\/wp-json\/wp\/v2\/media?parent=33631"}],"curies":[{"name":"wp","href":"https:\/\/api.w.org\/{rel}","templated":true}]}}