{"id":33664,"date":"2023-09-24T19:13:57","date_gmt":"2023-09-24T17:13:57","guid":{"rendered":"https:\/\/www.la-vrille.ch\/campagnes\/"},"modified":"2025-12-13T15:40:59","modified_gmt":"2025-12-13T14:40:59","slug":"campagnes","status":"publish","type":"page","link":"https:\/\/www.la-vrille.ch\/de\/","title":{"rendered":"Kampagnen"},"content":{"rendered":"\t\t<div data-elementor-type=\"wp-post\" data-elementor-id=\"33664\" class=\"elementor elementor-33664 elementor-33656\" data-elementor-post-type=\"page\">\n\t\t\t\t\t\t<section class=\"elementor-section elementor-top-section elementor-element elementor-element-d87e3a1 elementor-section-boxed elementor-section-height-default elementor-section-height-default\" data-id=\"d87e3a1\" data-element_type=\"section\">\n\t\t\t\t\t\t<div class=\"elementor-container elementor-column-gap-default\">\n\t\t\t\t\t<div class=\"aux-parallax-section elementor-column elementor-col-100 elementor-top-column elementor-element elementor-element-78fe190\" data-id=\"78fe190\" data-element_type=\"column\">\n\t\t\t<div class=\"elementor-widget-wrap elementor-element-populated\">\n\t\t\t\t\t\t<div class=\"elementor-element elementor-element-91e2453 elementor-widget elementor-widget-aux_modern_heading\" data-id=\"91e2453\" data-element_type=\"widget\" data-widget_type=\"aux_modern_heading.default\">\n\t\t\t\t<div class=\"elementor-widget-container\">\n\t\t\t<section class=\"aux-widget-modern-heading\">\n            <div class=\"aux-widget-inner\"><h2 class=\"aux-modern-heading-primary\">Protektionismus - eine Politik der \u00d6ffnung<\/h2><div class=\"aux-modern-heading-divider\"><\/div><div class=\"aux-modern-heading-description\"><p><strong>Die Ranke der Weinrebe ist flexibel, widerstandsf\u00e4hig und hartn\u00e4ckig<br \/><\/strong>genau wie unser gleichnamiges Diskussionsforum und sein beharrlicher Kampf<\/p><p><strong>\u2022 gegen den Freihandel<\/strong><br \/><strong>\u2022 f\u00fcr eine Politik der B\u00fcndnisfreiheit<\/strong><br \/><strong>\u2022 f\u00fcr soziale und \u00f6kologische Nachhaltigkeit<\/strong><\/p><\/div><\/div>\n        <\/section>\t\t<\/div>\n\t\t\t\t<\/div>\n\t\t\t\t\t<\/div>\n\t\t<\/div>\n\t\t\t\t\t<\/div>\n\t\t<\/section>\n\t\t\t\t<section class=\"elementor-section elementor-top-section elementor-element elementor-element-3ebf7f6 elementor-section-boxed elementor-section-height-default elementor-section-height-default\" data-id=\"3ebf7f6\" data-element_type=\"section\">\n\t\t\t\t\t\t<div class=\"elementor-container elementor-column-gap-default\">\n\t\t\t\t\t<div class=\"aux-parallax-section elementor-column elementor-col-100 elementor-top-column elementor-element elementor-element-bccbf69\" data-id=\"bccbf69\" data-element_type=\"column\">\n\t\t\t<div class=\"elementor-widget-wrap elementor-element-populated\">\n\t\t\t\t\t\t<div class=\"elementor-element elementor-element-fdfd634 elementor-align-center elementor-widget elementor-widget-button\" data-id=\"fdfd634\" data-element_type=\"widget\" data-widget_type=\"button.default\">\n\t\t\t\t<div class=\"elementor-widget-container\">\n\t\t\t\t\t<div class=\"elementor-button-wrapper\">\n\t\t\t<a class=\"elementor-button elementor-button-link elementor-size-sm\" href=\"https:\/\/www.la-vrille.ch\/de\/handeln\/\">\n\t\t\t\t\t\t<span class=\"elementor-button-content-wrapper\">\n\t\t\t\t\t\t\t\t\t<span class=\"elementor-button-text\">Mehr...<\/span>\n\t\t\t\t\t<\/span>\n\t\t\t\t\t<\/a>\n\t\t<\/div>\n\t\t\t\t<\/div>\n\t\t\t\t<\/div>\n\t\t\t\t\t<\/div>\n\t\t<\/div>\n\t\t\t\t\t<\/div>\n\t\t<\/section>\n\t\t\t\t<section class=\"elementor-section elementor-top-section elementor-element elementor-element-46a8390 elementor-section-content-middle elementor-section-boxed elementor-section-height-default elementor-section-height-default\" data-id=\"46a8390\" data-element_type=\"section\">\n\t\t\t\t\t\t<div class=\"elementor-container elementor-column-gap-default\">\n\t\t\t\t\t<div class=\"aux-parallax-section elementor-column elementor-col-33 elementor-top-column elementor-element elementor-element-1cdf341\" data-id=\"1cdf341\" data-element_type=\"column\">\n\t\t\t<div class=\"elementor-widget-wrap elementor-element-populated\">\n\t\t\t\t\t\t<div class=\"elementor-element elementor-element-9a2be5f elementor-widget__width-initial elementor-widget elementor-widget-video\" data-id=\"9a2be5f\" data-element_type=\"widget\" data-settings=\"{&quot;youtube_url&quot;:&quot;https:\\\/\\\/youtu.be\\\/yg9ywFWvFJg&quot;,&quot;video_type&quot;:&quot;youtube&quot;,&quot;controls&quot;:&quot;yes&quot;}\" data-widget_type=\"video.default\">\n\t\t\t\t<div class=\"elementor-widget-container\">\n\t\t\t\t\t<div class=\"elementor-wrapper elementor-open-inline\">\n\t\t\t<div class=\"elementor-video\"><\/div>\t\t<\/div>\n\t\t\t\t<\/div>\n\t\t\t\t<\/div>\n\t\t\t\t\t<\/div>\n\t\t<\/div>\n\t\t\t\t<div class=\"aux-parallax-section elementor-column elementor-col-66 elementor-top-column elementor-element elementor-element-050b261 aux-appear-watch-animation aux-fade-in-right\" data-id=\"050b261\" data-element_type=\"column\" data-settings=\"{&quot;background_background&quot;:&quot;classic&quot;}\">\n\t\t\t<div class=\"elementor-widget-wrap elementor-element-populated\">\n\t\t\t\t\t<div class=\"elementor-background-overlay\"><\/div>\n\t\t\t\t\t\t<div class=\"elementor-element elementor-element-7b6d7d8 aux-appear-watch-animation aux-fade-in-up elementor-widget elementor-widget-aux_modern_heading\" data-id=\"7b6d7d8\" data-element_type=\"widget\" data-widget_type=\"aux_modern_heading.default\">\n\t\t\t\t<div class=\"elementor-widget-container\">\n\t\t\t<section class=\"aux-widget-modern-heading\">\n            <div class=\"aux-widget-inner\"><h2 class=\"aux-modern-heading-primary\">K\u00fcnftige Kampagnen<\/h2><div class=\"aux-modern-heading-description\"><p>Mehrere Freihandelsabkommen werden derzeit verhandelt (Mercosur, usw). La Vrille bereitet sich darauf vor, sie gegenbenfalls per Referendum zu bek\u00e4mpfen.<\/p><\/div><\/div>\n        <\/section>\t\t<\/div>\n\t\t\t\t<\/div>\n\t\t\t\t\t<\/div>\n\t\t<\/div>\n\t\t\t\t\t<\/div>\n\t\t<\/section>\n\t\t\t\t<section class=\"elementor-section elementor-top-section elementor-element elementor-element-22a6ad65 elementor-section-boxed elementor-section-height-default elementor-section-height-default\" data-id=\"22a6ad65\" data-element_type=\"section\">\n\t\t\t\t\t\t<div class=\"elementor-container elementor-column-gap-default\">\n\t\t\t\t\t<div class=\"aux-parallax-section elementor-column elementor-col-50 elementor-top-column elementor-element elementor-element-7d129f64\" data-id=\"7d129f64\" data-element_type=\"column\">\n\t\t\t<div class=\"elementor-widget-wrap elementor-element-populated\">\n\t\t\t\t\t\t<div class=\"elementor-element elementor-element-70b4c9c3 aux-appear-watch-animation aux-fade-in-up elementor-widget elementor-widget-aux_modern_heading\" data-id=\"70b4c9c3\" data-element_type=\"widget\" data-widget_type=\"aux_modern_heading.default\">\n\t\t\t\t<div class=\"elementor-widget-container\">\n\t\t\t<section class=\"aux-widget-modern-heading\">\n            <div class=\"aux-widget-inner\"><h2 class=\"aux-modern-heading-primary\">Bleiben Sie informiert<\/h2><div class=\"aux-modern-heading-description\"><p>Abonnieren Sie unseren Newsletter<\/p><\/div><\/div>\n        <\/section>\t\t<\/div>\n\t\t\t\t<\/div>\n\t\t\t\t\t<\/div>\n\t\t<\/div>\n\t\t\t\t<div class=\"aux-parallax-section elementor-column elementor-col-50 elementor-top-column elementor-element elementor-element-1adc19fe\" data-id=\"1adc19fe\" data-element_type=\"column\">\n\t\t\t<div class=\"elementor-widget-wrap elementor-element-populated\">\n\t\t\t\t\t\t<div class=\"elementor-element elementor-element-2d82bb7 elementor-widget elementor-widget-global elementor-global-34179 elementor-widget-html\" data-id=\"2d82bb7\" data-element_type=\"widget\" data-widget_type=\"html.default\">\n\t\t\t\t<div class=\"elementor-widget-container\">\n\t\t\t<form method=\"post\" action=\"https:\/\/newsletter.infomaniak.com\/v3\/api\/1\/newsletters\/webforms\/17371\/submit\" class=\"inf-form\"><input type=\"email\" name=\"email\" style=\"display:none\" \/><input type=\"hidden\" name=\"key\" value=\"eyJpdiI6IjVaXC9KVlZCUDlhR2ZCMk9mdHdJdTdyTjV1QUFMVEZZaytkTG4wcFdmcEdNPSIsIm1hYyI6IjI1YTQ4ZmM3MTZiMWY2MmM1ODExYzZiNDVhZGEzZTEwNjMzY2RhNmYxYmQyMzdiMGIyYWVjMWExZjJkZTVlNjAiLCJ2YWx1ZSI6IkVsR256a2dnb3MwQ3dmSk5hSmk2SWhmazgrVFpIRzhSQXdndmI0ODI5ZGM9In0=\"><input type=\"hidden\" name=\"webform_id\" value=\"17371\"><div class=\"inf-main_88208501a921a590548019fa0e64fc4a\"> <div class=\"inf-success\" style=\"display:none\"> <h4>Ihre Anmeldung wurde erfolgreich gespeichert!<\/h4> <p> <a href=\"#\" class=\"inf-btn\">&laquo;<\/a> <\/p> <\/div> <div class=\"inf-content\"> <div class=\"inf-input inf-input-text\"> <input type=\"email\" name=\"inf[1]\" data-inf-meta=\"1\" data-inf-error=\"Merci de renseigner une adresse email\" required=\"required\" placeholder=\"Email *\" > <\/div> <div class=\"inf-rgpd\">Ihre E-Mail-Adresse wird nur dazu verwendet, Ihnen Informationen \u00fcber unsere Aktivit\u00e4ten zu senden. Sie k\u00f6nnen sich jederzeit durch den in jeder unserer Nachrichten integrierten Unsubscribe-Link abmelden.<\/div> <script src=\"https:\/\/eu.altcha.org\/js\/latest\/altcha.min.js\" type=\"module\" defer><\/script> <altcha-widget hidelogo hidefooter floating challengeurl=\"https:\/\/newsletter.infomaniak.com\/v3\/altcha-challenge\" ><\/altcha-widget> <script src=\"https:\/\/newsletter.storage5.infomaniak.com\/mcaptcha\/altcha.js\" defer> <\/script> <script type=\"text\/javascript\" src=\"https:\/\/newsletter.infomaniak.com\/v3\/static\/webform_index.js?v=1771602250\"><\/script> <div class=\"inf-submit\"> <input type=\"submit\" style=\"margin-top: 25px;\" name=\"\" value=\"Anmeldung\"> <\/div> <\/div> <\/div> <\/form>\t\t<\/div>\n\t\t\t\t<\/div>\n\t\t\t\t\t<\/div>\n\t\t<\/div>\n\t\t\t\t\t<\/div>\n\t\t<\/section>\n\t\t\t\t<section class=\"elementor-section elementor-top-section elementor-element elementor-element-4dcf437 elementor-section-content-middle elementor-section-stretched elementor-section-boxed elementor-section-height-default elementor-section-height-default\" data-id=\"4dcf437\" data-element_type=\"section\" data-settings=\"{&quot;stretch_section&quot;:&quot;section-stretched&quot;}\">\n\t\t\t\t\t\t<div class=\"elementor-container elementor-column-gap-default\">\n\t\t\t\t\t<div class=\"aux-parallax-section elementor-column elementor-col-33 elementor-top-column elementor-element elementor-element-0bd5066\" data-id=\"0bd5066\" data-element_type=\"column\">\n\t\t\t<div class=\"elementor-widget-wrap elementor-element-populated\">\n\t\t\t\t\t\t<div class=\"elementor-element elementor-element-fd3a4ff aux-appear-watch-animation aux-fade-in-left elementor-widget elementor-widget-aux_image\" data-id=\"fd3a4ff\" data-element_type=\"widget\" data-widget_type=\"aux_image.default\">\n\t\t\t\t<div class=\"elementor-widget-container\">\n\t\t\t<section class=\"widget-container aux-widget-image aux-alignnone aux-parent-au92052553\">\n    <div class=\"aux-media-hint-frame \">\n        <div class=\"aux-media-image \" >\n        \n            \n\n            \n            <img fetchpriority=\"high\" decoding=\"async\" width=\"848\" height=\"1200\" src=\"https:\/\/www.la-vrille.ch\/wp-content\/uploads\/2023\/11\/LibreEchangeCouverture-web.jpg\" class=\"aux-attachment aux-featured-image aux-attachment-id-31111\" alt=\"LibreEchangeCouverture-web\" data-ratio=\"0.71\" data-original-w=\"848\" \/>            \n                <\/div>\n    <\/div>\n\n<\/section><!-- widget-container -->\t\t<\/div>\n\t\t\t\t<\/div>\n\t\t\t\t\t<\/div>\n\t\t<\/div>\n\t\t\t\t<div class=\"aux-parallax-section elementor-column elementor-col-66 elementor-top-column elementor-element elementor-element-b3fe2bf aux-appear-watch-animation aux-fade-in-right\" data-id=\"b3fe2bf\" data-element_type=\"column\" data-settings=\"{&quot;background_background&quot;:&quot;classic&quot;}\">\n\t\t\t<div class=\"elementor-widget-wrap elementor-element-populated\">\n\t\t\t\t\t<div class=\"elementor-background-overlay\"><\/div>\n\t\t\t\t\t\t<div class=\"elementor-element elementor-element-cf21987 aux-appear-watch-animation aux-fade-in-up elementor-widget elementor-widget-aux_modern_heading\" data-id=\"cf21987\" data-element_type=\"widget\" data-widget_type=\"aux_modern_heading.default\">\n\t\t\t\t<div class=\"elementor-widget-container\">\n\t\t\t<section class=\"aux-widget-modern-heading\">\n            <div class=\"aux-widget-inner\"><h2 class=\"aux-modern-heading-primary\">Der Freihandel auf dem Pr\u00fcfstand<\/h2><div class=\"aux-modern-heading-description\"><p>Ziel dieses Buches ist, die Kehrseite der Medaille zu beleuchten und aufzuzeigen, inwiefern Freihandelsabkommen f\u00fcr die Umweltzerst\u00f6rung mitverantwortlich sind und dass sie den Sozialpakt ersch\u00fcttern und die Souver\u00e4nit\u00e4t der V\u00f6lker missachten. Damit werden auch demokratische Prozesse umgangen, soziale und \u00f6kologische Gerechtigkeit verhindert sowie umweltsch\u00e4dliche Produktionsweisen und Konsumismus gef\u00f6rdert. Vielf\u00e4ltige lokale Aktivit\u00e4ten und Wirtschaftsmodelle werden so untergraben.<\/p><p>Es sollen aber auch neue Hoffnungen geweckt werden. Sich dem Freihandel zu widersetzen, bedeutet <strong>f\u00fcr Offenheit und fairen Handel zwischen souver\u00e4nen V\u00f6lkern einzustehen.<\/strong><\/p><\/div><\/div>\n        <\/section>\t\t<\/div>\n\t\t\t\t<\/div>\n\t\t\t\t<div class=\"elementor-element elementor-element-03f8d4d elementor-align-left elementor-widget elementor-widget-button\" data-id=\"03f8d4d\" data-element_type=\"widget\" data-widget_type=\"button.default\">\n\t\t\t\t<div class=\"elementor-widget-container\">\n\t\t\t\t\t<div class=\"elementor-button-wrapper\">\n\t\t\t<a class=\"elementor-button elementor-button-link elementor-size-sm\" href=\"https:\/\/www.la-vrille.ch\/de\/unsere-vision\/buch\/\">\n\t\t\t\t\t\t<span class=\"elementor-button-content-wrapper\">\n\t\t\t\t\t\t\t\t\t<span class=\"elementor-button-text\">\u00dcber das Buch<\/span>\n\t\t\t\t\t<\/span>\n\t\t\t\t\t<\/a>\n\t\t<\/div>\n\t\t\t\t<\/div>\n\t\t\t\t<\/div>\n\t\t\t\t\t<\/div>\n\t\t<\/div>\n\t\t\t\t\t<\/div>\n\t\t<\/section>\n\t\t\t\t<section class=\"elementor-section elementor-top-section elementor-element elementor-element-10180094 elementor-section-boxed elementor-section-height-default elementor-section-height-default\" data-id=\"10180094\" data-element_type=\"section\">\n\t\t\t\t\t\t<div class=\"elementor-container elementor-column-gap-default\">\n\t\t\t\t\t<div class=\"aux-parallax-section elementor-column elementor-col-50 elementor-top-column elementor-element elementor-element-9fad650\" data-id=\"9fad650\" data-element_type=\"column\">\n\t\t\t<div class=\"elementor-widget-wrap elementor-element-populated\">\n\t\t\t\t\t\t<div class=\"elementor-element elementor-element-2d7ceb17 aux-appear-watch-animation aux-fade-in-up elementor-widget elementor-widget-aux_modern_heading\" data-id=\"2d7ceb17\" data-element_type=\"widget\" data-widget_type=\"aux_modern_heading.default\">\n\t\t\t\t<div class=\"elementor-widget-container\">\n\t\t\t<section class=\"aux-widget-modern-heading\">\n            <div class=\"aux-widget-inner\"><h2 class=\"aux-modern-heading-primary\">La Vrille in den sozialen Medien<\/h2><div class=\"aux-modern-heading-description\"><p class=\"western\"><span style=\"color: #000000\"><span style=\"font-size: small\">(Derzeit nur auf Franz\u00f6sisch verf\u00fcgbar)<\/span><\/span><\/p><\/div><\/div>\n        <\/section>\t\t<\/div>\n\t\t\t\t<\/div>\n\t\t\t\t\t<\/div>\n\t\t<\/div>\n\t\t\t\t<div class=\"aux-parallax-section elementor-column elementor-col-50 elementor-top-column elementor-element elementor-element-37df9189\" data-id=\"37df9189\" data-element_type=\"column\">\n\t\t\t<div class=\"elementor-widget-wrap elementor-element-populated\">\n\t\t\t\t\t\t<div class=\"elementor-element elementor-element-22931c6 elementor-shape-circle elementor-grid-3 elementor-widget__width-auto elementor-widget-tablet__width-initial elementor-grid-tablet-3 elementor-grid-mobile-3 e-grid-align-tablet-left elementor-widget-mobile__width-inherit e-grid-align-mobile-center e-grid-align-center elementor-widget elementor-widget-global elementor-global-32323 elementor-widget-social-icons\" data-id=\"22931c6\" data-element_type=\"widget\" data-widget_type=\"social-icons.default\">\n\t\t\t\t<div class=\"elementor-widget-container\">\n\t\t\t\t\t<div class=\"elementor-social-icons-wrapper elementor-grid\">\n\t\t\t\t\t\t\t<span class=\"elementor-grid-item\">\n\t\t\t\t\t<a class=\"elementor-icon elementor-social-icon elementor-social-icon-linkedin elementor-animation-grow elementor-repeater-item-b3a331f\" href=\"https:\/\/www.linkedin.com\/in\/la-vrille\" target=\"_blank\">\n\t\t\t\t\t\t<span class=\"elementor-screen-only\">Linkedin<\/span>\n\t\t\t\t\t\t<i class=\"fab fa-linkedin\"><\/i>\t\t\t\t\t<\/a>\n\t\t\t\t<\/span>\n\t\t\t\t\t\t\t<span class=\"elementor-grid-item\">\n\t\t\t\t\t<a class=\"elementor-icon elementor-social-icon elementor-social-icon-instagram elementor-animation-grow elementor-repeater-item-9c9a05c\" href=\"https:\/\/www.instagram.com\/la_vrille.ch\" target=\"_blank\">\n\t\t\t\t\t\t<span class=\"elementor-screen-only\">Instagram<\/span>\n\t\t\t\t\t\t<i class=\"fab fa-instagram\"><\/i>\t\t\t\t\t<\/a>\n\t\t\t\t<\/span>\n\t\t\t\t\t\t\t<span class=\"elementor-grid-item\">\n\t\t\t\t\t<a class=\"elementor-icon elementor-social-icon elementor-social-icon-youtube elementor-animation-grow elementor-repeater-item-20946cb\" href=\"https:\/\/www.youtube.com\/@La-Vrille\" target=\"_blank\">\n\t\t\t\t\t\t<span class=\"elementor-screen-only\">Youtube<\/span>\n\t\t\t\t\t\t<i class=\"fab fa-youtube\"><\/i>\t\t\t\t\t<\/a>\n\t\t\t\t<\/span>\n\t\t\t\t\t<\/div>\n\t\t\t\t<\/div>\n\t\t\t\t<\/div>\n\t\t\t\t\t<\/div>\n\t\t<\/div>\n\t\t\t\t\t<\/div>\n\t\t<\/section>\n\t\t\t\t<section class=\"elementor-section elementor-top-section elementor-element elementor-element-31199164 elementor-section-boxed elementor-section-height-default elementor-section-height-default\" data-id=\"31199164\" data-element_type=\"section\" data-settings=\"{&quot;background_background&quot;:&quot;classic&quot;}\">\n\t\t\t\t\t\t\t<div class=\"elementor-background-overlay\"><\/div>\n\t\t\t\t\t\t\t<div class=\"elementor-container elementor-column-gap-default\">\n\t\t\t\t\t<div class=\"aux-parallax-section elementor-column elementor-col-50 elementor-top-column elementor-element elementor-element-ebfa274\" data-id=\"ebfa274\" data-element_type=\"column\">\n\t\t\t<div class=\"elementor-widget-wrap elementor-element-populated\">\n\t\t\t\t\t\t<div class=\"elementor-element elementor-element-5cc359ec aux-appear-watch-animation aux-fade-in-up elementor-widget elementor-widget-aux_modern_heading\" data-id=\"5cc359ec\" data-element_type=\"widget\" data-widget_type=\"aux_modern_heading.default\">\n\t\t\t\t<div class=\"elementor-widget-container\">\n\t\t\t<section class=\"aux-widget-modern-heading\">\n            <div class=\"aux-widget-inner\"><h2 class=\"aux-modern-heading-primary\">Spenden<\/h2><div class=\"aux-modern-heading-description\"><p>Danke, dass Sie uns unterst\u00fctzen!<\/p><p><strong>CH94 0900 0000 1753 4186 2<\/strong><br \/>LaVrille.ch - 1242 Satigny<\/p><\/div><\/div>\n        <\/section>\t\t<\/div>\n\t\t\t\t<\/div>\n\t\t\t\t\t<\/div>\n\t\t<\/div>\n\t\t\t\t<div class=\"aux-parallax-section elementor-column elementor-col-50 elementor-top-column elementor-element elementor-element-5fe9a99c\" data-id=\"5fe9a99c\" data-element_type=\"column\">\n\t\t\t<div class=\"elementor-widget-wrap elementor-element-populated\">\n\t\t\t\t\t\t<div class=\"elementor-element elementor-element-5b0f07e7 elementor-widget elementor-widget-image\" data-id=\"5b0f07e7\" data-element_type=\"widget\" data-widget_type=\"image.default\">\n\t\t\t\t<div class=\"elementor-widget-container\">\n\t\t\t\t\t\t\t\t\t\t\t\t\t<img decoding=\"async\" width=\"569\" height=\"570\" src=\"https:\/\/www.la-vrille.ch\/wp-content\/uploads\/2024\/02\/QR-CCP-LaVrille.jpg\" class=\"attachment-large size-large wp-image-31590\" alt=\"\" srcset=\"https:\/\/www.la-vrille.ch\/wp-content\/uploads\/2024\/02\/QR-CCP-LaVrille.jpg 569w, https:\/\/www.la-vrille.ch\/wp-content\/uploads\/2024\/02\/QR-CCP-LaVrille-300x300.jpg 300w, https:\/\/www.la-vrille.ch\/wp-content\/uploads\/2024\/02\/QR-CCP-LaVrille-150x150.jpg 150w, https:\/\/www.la-vrille.ch\/wp-content\/uploads\/2024\/02\/QR-CCP-LaVrille-200x200.jpg 200w, https:\/\/www.la-vrille.ch\/wp-content\/uploads\/2024\/02\/QR-CCP-LaVrille-120x120.jpg 120w\" sizes=\"(max-width: 569px) 100vw, 569px\" \/>\t\t\t\t\t\t\t\t\t\t\t\t\t<\/div>\n\t\t\t\t<\/div>\n\t\t\t\t\t<\/div>\n\t\t<\/div>\n\t\t\t\t\t<\/div>\n\t\t<\/section>\n\t\t\t\t<\/div>\n\t\t","protected":false},"excerpt":{"rendered":"<p>Protektionismus &#8211; eine Politik der \u00d6ffnung Die Ranke der Weinrebe ist flexibel, widerstandsf\u00e4hig und hartn\u00e4ckiggenau wie unser gleichnamiges Diskussionsforum und sein beharrlicher Kampf \u2022 gegen den Freihandel\u2022 f\u00fcr eine Politik der B\u00fcndnisfreiheit\u2022 f\u00fcr soziale und \u00f6kologische Nachhaltigkeit Mehr&#8230; K\u00fcnftige Kampagnen Mehrere Freihandelsabkommen werden derzeit verhandelt (Mercosur, usw). La Vrille bereitet sich darauf vor, sie gegenbenfalls [&hellip;]<\/p>\n","protected":false},"author":3,"featured_media":0,"parent":0,"menu_order":0,"comment_status":"closed","ping_status":"closed","template":"","meta":{"_acf_changed":false,"inline_featured_image":false,"footnotes":""},"class_list":["post-33664","page","type-page","status-publish","hentry"],"acf":[],"_links":{"self":[{"href":"https:\/\/www.la-vrille.ch\/de\/wp-json\/wp\/v2\/pages\/33664","targetHints":{"allow":["GET"]}}],"collection":[{"href":"https:\/\/www.la-vrille.ch\/de\/wp-json\/wp\/v2\/pages"}],"about":[{"href":"https:\/\/www.la-vrille.ch\/de\/wp-json\/wp\/v2\/types\/page"}],"author":[{"embeddable":true,"href":"https:\/\/www.la-vrille.ch\/de\/wp-json\/wp\/v2\/users\/3"}],"replies":[{"embeddable":true,"href":"https:\/\/www.la-vrille.ch\/de\/wp-json\/wp\/v2\/comments?post=33664"}],"version-history":[{"count":50,"href":"https:\/\/www.la-vrille.ch\/de\/wp-json\/wp\/v2\/pages\/33664\/revisions"}],"predecessor-version":[{"id":34196,"href":"https:\/\/www.la-vrille.ch\/de\/wp-json\/wp\/v2\/pages\/33664\/revisions\/34196"}],"wp:attachment":[{"href":"https:\/\/www.la-vrille.ch\/de\/wp-json\/wp\/v2\/media?parent=33664"}],"curies":[{"name":"wp","href":"https:\/\/api.w.org\/{rel}","templated":true}]}}